{"id":6155,"date":"2022-10-06T16:44:52","date_gmt":"2022-10-06T16:44:52","guid":{"rendered":"https:\/\/waffasports.com\/product\/platforma-m\/"},"modified":"2024-06-13T08:28:12","modified_gmt":"2024-06-13T08:28:12","slug":"platforma-m","status":"publish","type":"product","link":"https:\/\/waffasports.com\/lv\/product\/platforma-m\/","title":{"rendered":"Platforma M"},"content":{"rendered":"","protected":false},"excerpt":{"rendered":"<ul>\n<li>Izm\u0113rs 1000x2500x40 mm<\/li>\n<li>P\u0101rvietojamo.<\/li>\n<li>Platforma ir p\u0101rkl\u0101ta ar Line-X uret\u0101na p\u0101rkl\u0101jumu.<\/li>\n<li>Platforma nov\u0113r\u0161 nepiecie\u0161am\u012bbu p\u0113c stacion\u0101ras (piem\u0113ram, betona lie\u0161anas) uzst\u0101d\u012b\u0161anas<\/li>\n<li>Viegli p\u0101rvietot apr\u012bkojumu uz citu vietu.<\/li>\n<li>\u012apa\u0161i izstr\u0101d\u0101ts un rad\u012bts Waffa Outdoor Gym apr\u012bkojumam.<\/li>\n<\/ul>\n","protected":false},"featured_media":5537,"comment_status":"closed","ping_status":"closed","template":"","meta":[],"product_cat":[118],"product_tag":[],"class_list":{"0":"post-6155","1":"product","2":"type-product","3":"status-publish","4":"has-post-thumbnail","6":"product_cat-waffa-senior-line-lv"},"yoast_head":"<!-- This site is optimized with the Yoast SEO plugin v20.0 - https:\/\/yoast.com\/wordpress\/plugins\/seo\/ -->\n<title>Platforma M - Waffa Sports<\/title>\n<meta name=\"description\" content=\"\u012apa\u0161i izstr\u0101d\u0101ts un rad\u012bts Waffa Outdoor Gym apr\u012bkojumam. Platforma nov\u0113r\u0161 nepiecie\u0161am\u012bbu p\u0113c stacion\u0101ras (piem\u0113ram, betona lie\u0161anas) uzst\u0101d\u012b\u0161anas P\u0101rvietojamo.\" \/>\n<meta name=\"robots\" content=\"index, follow, max-snippet:-1, max-image-preview:large, max-video-preview:-1\" \/>\n<link rel=\"canonical\" href=\"https:\/\/waffasports.com\/lv\/product\/platforma-m\/\" \/>\n<meta property=\"og:locale\" content=\"lv_LV\" \/>\n<meta property=\"og:type\" content=\"article\" \/>\n<meta property=\"og:title\" content=\"Platforma M - Waffa Sports\" \/>\n<meta property=\"og:description\" content=\"\u012apa\u0161i izstr\u0101d\u0101ts un rad\u012bts Waffa Outdoor Gym apr\u012bkojumam. Platforma nov\u0113r\u0161 nepiecie\u0161am\u012bbu p\u0113c stacion\u0101ras (piem\u0113ram, betona lie\u0161anas) uzst\u0101d\u012b\u0161anas P\u0101rvietojamo.\" \/>\n<meta property=\"og:url\" content=\"https:\/\/waffasports.com\/lv\/product\/platforma-m\/\" \/>\n<meta property=\"og:site_name\" content=\"Waffa Sports\" \/>\n<meta property=\"article:publisher\" content=\"https:\/\/www.facebook.com\/waffasports\" \/>\n<meta property=\"article:modified_time\" content=\"2024-06-13T08:28:12+00:00\" \/>\n<meta property=\"og:image\" content=\"https:\/\/waffasports.com\/wp-content\/uploads\/2022\/10\/platform-l-size.jpg\" \/>\n\t<meta property=\"og:image:width\" content=\"800\" \/>\n\t<meta property=\"og:image:height\" content=\"800\" \/>\n\t<meta property=\"og:image:type\" content=\"image\/jpeg\" \/>\n<meta name=\"twitter:card\" content=\"summary_large_image\" \/>\n<script type=\"application\/ld+json\" class=\"yoast-schema-graph\">{\"@context\":\"https:\/\/schema.org\",\"@graph\":[{\"@type\":\"WebPage\",\"@id\":\"https:\/\/waffasports.com\/lv\/product\/platforma-m\/\",\"url\":\"https:\/\/waffasports.com\/lv\/product\/platforma-m\/\",\"name\":\"Platforma M - Waffa Sports\",\"isPartOf\":{\"@id\":\"https:\/\/waffasports.com\/#website\"},\"datePublished\":\"2022-10-06T16:44:52+00:00\",\"dateModified\":\"2024-06-13T08:28:12+00:00\",\"description\":\"\u012apa\u0161i izstr\u0101d\u0101ts un rad\u012bts Waffa Outdoor Gym apr\u012bkojumam. Platforma nov\u0113r\u0161 nepiecie\u0161am\u012bbu p\u0113c stacion\u0101ras (piem\u0113ram, betona lie\u0161anas) uzst\u0101d\u012b\u0161anas P\u0101rvietojamo.\",\"breadcrumb\":{\"@id\":\"https:\/\/waffasports.com\/lv\/product\/platforma-m\/#breadcrumb\"},\"inLanguage\":\"lv-LV\",\"potentialAction\":[{\"@type\":\"ReadAction\",\"target\":[\"https:\/\/waffasports.com\/lv\/product\/platforma-m\/\"]}]},{\"@type\":\"BreadcrumbList\",\"@id\":\"https:\/\/waffasports.com\/lv\/product\/platforma-m\/#breadcrumb\",\"itemListElement\":[{\"@type\":\"ListItem\",\"position\":1,\"name\":\"Home\",\"item\":\"https:\/\/waffasports.com\/lv\/\"},{\"@type\":\"ListItem\",\"position\":2,\"name\":\"Produkti\",\"item\":\"https:\/\/waffasports.com\/produkti\/\"},{\"@type\":\"ListItem\",\"position\":3,\"name\":\"Platforma M\"}]},{\"@type\":\"WebSite\",\"@id\":\"https:\/\/waffasports.com\/#website\",\"url\":\"https:\/\/waffasports.com\/\",\"name\":\"Waffa Sports\",\"description\":\"Outdoor gym\",\"publisher\":{\"@id\":\"https:\/\/waffasports.com\/#organization\"},\"potentialAction\":[{\"@type\":\"SearchAction\",\"target\":{\"@type\":\"EntryPoint\",\"urlTemplate\":\"https:\/\/waffasports.com\/?s={search_term_string}\"},\"query-input\":\"required name=search_term_string\"}],\"inLanguage\":\"lv-LV\"},{\"@type\":\"Organization\",\"@id\":\"https:\/\/waffasports.com\/#organization\",\"name\":\"Waffa Sports\",\"url\":\"https:\/\/waffasports.com\/\",\"logo\":{\"@type\":\"ImageObject\",\"inLanguage\":\"lv-LV\",\"@id\":\"https:\/\/waffasports.com\/#\/schema\/logo\/image\/\",\"url\":\"https:\/\/waffasports.com\/wp-content\/uploads\/2022\/01\/Waffa-sports.svg\",\"contentUrl\":\"https:\/\/waffasports.com\/wp-content\/uploads\/2022\/01\/Waffa-sports.svg\",\"caption\":\"Waffa Sports\"},\"image\":{\"@id\":\"https:\/\/waffasports.com\/#\/schema\/logo\/image\/\"},\"sameAs\":[\"https:\/\/www.instagram.com\/waffasports\/\",\"https:\/\/www.facebook.com\/waffasports\"]}]}<\/script>\n<!-- \/ Yoast SEO plugin. -->","yoast_head_json":{"title":"Platforma M - Waffa Sports","description":"\u012apa\u0161i izstr\u0101d\u0101ts un rad\u012bts Waffa Outdoor Gym apr\u012bkojumam. Platforma nov\u0113r\u0161 nepiecie\u0161am\u012bbu p\u0113c stacion\u0101ras (piem\u0113ram, betona lie\u0161anas) uzst\u0101d\u012b\u0161anas P\u0101rvietojamo.","robots":{"index":"index","follow":"follow","max-snippet":"max-snippet:-1","max-image-preview":"max-image-preview:large","max-video-preview":"max-video-preview:-1"},"canonical":"https:\/\/waffasports.com\/lv\/product\/platforma-m\/","og_locale":"lv_LV","og_type":"article","og_title":"Platforma M - Waffa Sports","og_description":"\u012apa\u0161i izstr\u0101d\u0101ts un rad\u012bts Waffa Outdoor Gym apr\u012bkojumam. Platforma nov\u0113r\u0161 nepiecie\u0161am\u012bbu p\u0113c stacion\u0101ras (piem\u0113ram, betona lie\u0161anas) uzst\u0101d\u012b\u0161anas P\u0101rvietojamo.","og_url":"https:\/\/waffasports.com\/lv\/product\/platforma-m\/","og_site_name":"Waffa Sports","article_publisher":"https:\/\/www.facebook.com\/waffasports","article_modified_time":"2024-06-13T08:28:12+00:00","og_image":[{"width":800,"height":800,"url":"https:\/\/waffasports.com\/wp-content\/uploads\/2022\/10\/platform-l-size.jpg","type":"image\/jpeg"}],"twitter_card":"summary_large_image","schema":{"@context":"https:\/\/schema.org","@graph":[{"@type":"WebPage","@id":"https:\/\/waffasports.com\/lv\/product\/platforma-m\/","url":"https:\/\/waffasports.com\/lv\/product\/platforma-m\/","name":"Platforma M - Waffa Sports","isPartOf":{"@id":"https:\/\/waffasports.com\/#website"},"datePublished":"2022-10-06T16:44:52+00:00","dateModified":"2024-06-13T08:28:12+00:00","description":"\u012apa\u0161i izstr\u0101d\u0101ts un rad\u012bts Waffa Outdoor Gym apr\u012bkojumam. Platforma nov\u0113r\u0161 nepiecie\u0161am\u012bbu p\u0113c stacion\u0101ras (piem\u0113ram, betona lie\u0161anas) uzst\u0101d\u012b\u0161anas P\u0101rvietojamo.","breadcrumb":{"@id":"https:\/\/waffasports.com\/lv\/product\/platforma-m\/#breadcrumb"},"inLanguage":"lv-LV","potentialAction":[{"@type":"ReadAction","target":["https:\/\/waffasports.com\/lv\/product\/platforma-m\/"]}]},{"@type":"BreadcrumbList","@id":"https:\/\/waffasports.com\/lv\/product\/platforma-m\/#breadcrumb","itemListElement":[{"@type":"ListItem","position":1,"name":"Home","item":"https:\/\/waffasports.com\/lv\/"},{"@type":"ListItem","position":2,"name":"Produkti","item":"https:\/\/waffasports.com\/produkti\/"},{"@type":"ListItem","position":3,"name":"Platforma M"}]},{"@type":"WebSite","@id":"https:\/\/waffasports.com\/#website","url":"https:\/\/waffasports.com\/","name":"Waffa Sports","description":"Outdoor gym","publisher":{"@id":"https:\/\/waffasports.com\/#organization"},"potentialAction":[{"@type":"SearchAction","target":{"@type":"EntryPoint","urlTemplate":"https:\/\/waffasports.com\/?s={search_term_string}"},"query-input":"required name=search_term_string"}],"inLanguage":"lv-LV"},{"@type":"Organization","@id":"https:\/\/waffasports.com\/#organization","name":"Waffa Sports","url":"https:\/\/waffasports.com\/","logo":{"@type":"ImageObject","inLanguage":"lv-LV","@id":"https:\/\/waffasports.com\/#\/schema\/logo\/image\/","url":"https:\/\/waffasports.com\/wp-content\/uploads\/2022\/01\/Waffa-sports.svg","contentUrl":"https:\/\/waffasports.com\/wp-content\/uploads\/2022\/01\/Waffa-sports.svg","caption":"Waffa Sports"},"image":{"@id":"https:\/\/waffasports.com\/#\/schema\/logo\/image\/"},"sameAs":["https:\/\/www.instagram.com\/waffasports\/","https:\/\/www.facebook.com\/waffasports"]}]}},"_links":{"self":[{"href":"https:\/\/waffasports.com\/lv\/wp-json\/wp\/v2\/product\/6155","targetHints":{"allow":["GET"]}}],"collection":[{"href":"https:\/\/waffasports.com\/lv\/wp-json\/wp\/v2\/product"}],"about":[{"href":"https:\/\/waffasports.com\/lv\/wp-json\/wp\/v2\/types\/product"}],"replies":[{"embeddable":true,"href":"https:\/\/waffasports.com\/lv\/wp-json\/wp\/v2\/comments?post=6155"}],"wp:featuredmedia":[{"embeddable":true,"href":"https:\/\/waffasports.com\/lv\/wp-json\/wp\/v2\/media\/5537"}],"wp:attachment":[{"href":"https:\/\/waffasports.com\/lv\/wp-json\/wp\/v2\/media?parent=6155"}],"wp:term":[{"taxonomy":"product_cat","embeddable":true,"href":"https:\/\/waffasports.com\/lv\/wp-json\/wp\/v2\/product_cat?post=6155"},{"taxonomy":"product_tag","embeddable":true,"href":"https:\/\/waffasports.com\/lv\/wp-json\/wp\/v2\/product_tag?post=6155"}],"curies":[{"name":"wp","href":"https:\/\/api.w.org\/{rel}","templated":true}]}}