{"id":6144,"date":"2022-01-22T11:49:30","date_gmt":"2022-01-22T11:49:30","guid":{"rendered":"https:\/\/waffasports.com\/product\/waffa-sl16-kaju-iztaisnosana\/"},"modified":"2024-06-13T08:31:25","modified_gmt":"2024-06-13T08:31:25","slug":"waffa-sl16-kaju-iztaisnosana","status":"publish","type":"product","link":"https:\/\/waffasports.com\/lv\/product\/waffa-sl16-kaju-iztaisnosana\/","title":{"rendered":"Waffa SL16 K\u0101ju iztaisno\u0161ana"},"content":{"rendered":"<section class=\"wpb-content-wrapper\"><p>[vc_row full_width=&#8221;stretch_row&#8221; content_placement=&#8221;middle&#8221; css=&#8221;.vc_custom_1644142607936{margin-bottom: 0px !important;}&#8221; custom_css_code=&#8221;LmdlbS10ZXh0Ym94JTIwJTdCJTBBJTIwJTIwJTIwJTIwbWFyZ2luLWJvdHRvbSUzQSUyMDAlM0IlMEElN0QlMEEuZ2VtLWJ1dHRvbi1zaXplLWxhcmdlJTdCJTBBJTIwJTIwJTIwJTIwbWluLXdpZHRoJTNBJTIwMzU2cHglM0IlMEElN0QlMEElNDBtZWRpYSUyMCUyOG1heC13aWR0aCUzQSUyMDQ4MHB4JTI5JTdCJTBBJTIwJTIwJTIwLmdlbS1idXR0b24tc2l6ZS1sYXJnZSU3QiUwQSUyMCUyMCUyMCUyMCUyMCUyMCUyMCUyMGZvbnQtc2l6ZSUzQSUyMDE0cHglM0IlMEElMjAlMjAlMjAlMjAlMjAlMjAlMjAlMjBtaW4td2lkdGglM0ElMjAyNzZweCUzQiUwQSUyMCUyMCUyMCUyMCUyMCUyMCUyMCUyMG1hcmdpbiUzQSUyMDMwcHglMjAwcHglM0IlMEElMjAlMjAlMjAlN0QlMEElMjAlMjAlMjAuZ2VtLWJ1dHRvbi1zaXplLWxhcmdlJTIwLmdlbS1wcmludC1pY29uJTIwJTdCJTBBJTIwJTIwJTIwJTIwJTIwJTIwJTIwJTIwZm9udC1zaXplJTNBJTIwMjhweCUzQiUwQSUyMCUyMCUyMCU3RCUwQSU3RA==&#8221;][vc_column css=&#8221;.vc_custom_1587645970139{padding-top: 0px !important;}&#8221; offset=&#8221;vc_col-lg-12&#8243;][vc_row_inner][vc_column_inner]<div class=\"gem-video gem-wrapbox gem-wrapbox-style-no-style rounded-corners gem-wrapbox-position-below\" style=\"width: 100%;\"><div class=\"gem-wrapbox-inner video-block gem-ratio-style\" style=\"padding-top: 56.25%\"><video width=\"100%\" height=\"100%\" controls=\"controls\" src=\"https:\/\/www.youtube.com\/watch?v=eOl4v1KOYGM\"  poster=\"https:\/\/waffasports.com\/wp-content\/uploads\/2022\/01\/waffa-leg-abduction-outdoor-gym-fitness-valijousaalid.jpg\" preload=\"none\"><\/video><\/div><\/div>[\/vc_column_inner][\/vc_row_inner]<div class=\"gem-textbox  centered-box\"  ><div class=\"gem-textbox-inner\" style=\"\"><div class=\"gem-textbox-content\" style=\"background-position: center top;padding-top: 0px;padding-bottom: 0px;padding-left: 0px;padding-right: 0px;\"><div class=\"clearboth\"><\/div><style>#thegem-divider-69d440ec14805 {margin-top: 20px !important;}<\/style><div id=\"thegem-divider-69d440ec14805\" class=\"gem-divider  \" style=\"\" ><\/div><div class=\"gem-button-container gem-button-position-inline thegem-button-69d440ec148875075    \"  ><a title=\"Outdoor gym equipment by Waffa Leg abduction\" class=\"gem-button gem-button-size-large gem-button-style-outline gem-button-text-weight-normal gem-button-border-4 gem-button-icon-position-left\" data-ll-effect=\"drop-right-without-wrap\" style=\"border-radius: 38px;border-color: #0072bc;color: #0072bc;\" onmouseleave=\"this.style.borderColor='#0072bc';this.style.backgroundColor='transparent';this.style.color='#0072bc';\" onmouseenter=\"this.style.borderColor='#0072bc';this.style.backgroundColor='#0072bc';this.style.color='#ffffff';\" href=\"https:\/\/waffasports.com\/wp-content\/uploads\/2022\/07\/SL16-Abduction.pdf\" target=\"_blank\"><i class=\"gem-print-icon gem-icon-pack-material \">&#xf2dd;<\/i>PRODUCT CARD<\/a><\/div> <div class=\"gem-button-container gem-button-position-inline thegem-button-69d440ec149048877    \"  ><a title=\"Waffa Outdoor gym equipment presentation\" class=\"gem-button gem-button-size-large gem-button-style-outline gem-button-text-weight-normal gem-button-border-4 gem-button-icon-position-left\" data-ll-effect=\"drop-right-without-wrap\" style=\"border-radius: 38px;border-color: #0072bc;color: #0072bc;\" onmouseleave=\"this.style.borderColor='#0072bc';this.style.backgroundColor='transparent';this.style.color='#0072bc';\" onmouseenter=\"this.style.borderColor='#0072bc';this.style.backgroundColor='#0072bc';this.style.color='#ffffff';\" href=\"https:\/\/waffasports.com\/wp-content\/uploads\/2022\/07\/Waffa-presentation-04032022-ENG-1.pdf\" target=\"_blank\"><i class=\"gem-print-icon gem-icon-pack-material \">&#xf2dd;<\/i>Waffa presentation<\/a><\/div> <div class=\"gem-button-container gem-button-position-inline thegem-button-69d440ec1496c5388    \"  ><a title=\"Instructions\" class=\"gem-button gem-button-size-large gem-button-style-outline gem-button-text-weight-normal gem-button-border-4 gem-button-icon-position-left\" data-ll-effect=\"drop-right-without-wrap\" style=\"border-radius: 38px;border-color: #0072bc;color: #0072bc;\" onmouseleave=\"this.style.borderColor='#0072bc';this.style.backgroundColor='transparent';this.style.color='#0072bc';\" onmouseenter=\"this.style.borderColor='#0072bc';this.style.backgroundColor='#0072bc';this.style.color='#ffffff';\" href=\"https:\/\/waffasports.com\/wp-content\/uploads\/2022\/10\/Waffa-SL16-Installation-18032022-min.pdf\" target=\"_blank\"><i class=\"gem-print-icon gem-icon-pack-material \">&#xf2dd;<\/i>Instructions<\/a><\/div> <div class=\"gem-button-container gem-button-position-inline thegem-button-69d440ec149cd820    \"  ><a title=\"2d drawing\" class=\"gem-button gem-button-size-large gem-button-style-outline gem-button-text-weight-normal gem-button-border-4 gem-button-icon-position-left\" data-ll-effect=\"drop-right-without-wrap\" style=\"border-radius: 38px;border-color: #0072bc;color: #0072bc;\" onmouseleave=\"this.style.borderColor='#0072bc';this.style.backgroundColor='transparent';this.style.color='#0072bc';\" onmouseenter=\"this.style.borderColor='#0072bc';this.style.backgroundColor='#0072bc';this.style.color='#ffffff';\" href=\"https:\/\/waffasports.com\/wp-content\/uploads\/2024\/02\/SL-16-Rev.7_LIGHT-1.dwg\" target=\"_blank\"><i class=\"gem-print-icon gem-icon-pack-material \">&#xf2dd;<\/i>2D<\/a><\/div> <div class=\"clearboth\"><\/div><style>#thegem-divider-69d440ec14a02 {margin-top: 18px !important;}<\/style><div id=\"thegem-divider-69d440ec14a02\" class=\"gem-divider  \" style=\"\" ><\/div><\/div><\/div><\/div>[\/vc_column][\/vc_row]<\/p>\n<\/section>","protected":false},"excerpt":{"rendered":"<p>Waffa \u0101ra trena\u017eieri ir ar vieglu, fiks\u0113tu svaru apr\u012bkotas iek\u0101rtas, kas \u012bpa\u0161i paredz\u0113tas senioriem un cilv\u0113kiem, kas iziet rehabilit\u0101ciju un v\u0113las vienk\u0101r\u0161i izpild\u0101mu un vieglas intensit\u0101tes treni\u0146u pieredzi. Vingrin\u0101jumu izpildes trajektorija un slodzes le\u0146\u0137i ir optimiz\u0113ti, lai vingrin\u0101jumu izpilde b\u016btu dro\u0161a un efekt\u012bva.<\/p>\n<p>Waffa s\u0113rijas trena\u017eieris SL16 k\u0101ju iztaisno\u0161anai ir viegli lietojama un efekt\u012bva iek\u0101rta, \u0137erme\u0146a lejasda\u013cas stiprin\u0101\u0161anai:<\/p>\n<ul>\n<li>Regul\u0113jama garuma k\u0101ju balsti<\/li>\n<li>Paroc\u012bgi rokturi nodro\u0161ina atbalstu un \u013cauj viegli izpild\u012bt vingrin\u0101jumu<\/li>\n<li>Karsti cinkots r\u0101mis, kas nodro\u0161ina trena\u017eiera ilgm\u016b\u017e\u012bbu<\/li>\n<\/ul>\n","protected":false},"featured_media":6367,"comment_status":"closed","ping_status":"closed","template":"","meta":[],"product_cat":[118],"product_tag":[],"class_list":{"0":"post-6144","1":"product","2":"type-product","3":"status-publish","4":"has-post-thumbnail","6":"product_cat-waffa-senior-line-lv"},"yoast_head":"<!-- This site is optimized with the Yoast SEO plugin v20.0 - https:\/\/yoast.com\/wordpress\/plugins\/seo\/ -->\n<title>Waffa SL16 K\u0101ju iztaisno\u0161ana - Waffa Sports<\/title>\n<meta name=\"robots\" content=\"index, follow, max-snippet:-1, max-image-preview:large, max-video-preview:-1\" \/>\n<link rel=\"canonical\" href=\"https:\/\/waffasports.com\/lv\/product\/waffa-sl16-kaju-iztaisnosana\/\" \/>\n<meta property=\"og:locale\" content=\"lv_LV\" \/>\n<meta property=\"og:type\" content=\"article\" \/>\n<meta property=\"og:title\" content=\"Waffa SL16 K\u0101ju iztaisno\u0161ana - Waffa Sports\" \/>\n<meta property=\"og:description\" content=\"Waffa \u0101ra trena\u017eieri ir ar vieglu, fiks\u0113tu svaru apr\u012bkotas iek\u0101rtas, kas \u012bpa\u0161i paredz\u0113tas senioriem un cilv\u0113kiem, kas iziet rehabilit\u0101ciju un v\u0113las vienk\u0101r\u0161i izpild\u0101mu un vieglas intensit\u0101tes treni\u0146u pieredzi. Vingrin\u0101jumu izpildes trajektorija un slodzes le\u0146\u0137i ir optimiz\u0113ti, lai vingrin\u0101jumu izpilde b\u016btu dro\u0161a un efekt\u012bva. Waffa s\u0113rijas trena\u017eieris SL16 k\u0101ju iztaisno\u0161anai ir viegli lietojama un efekt\u012bva iek\u0101rta, \u0137erme\u0146a lejasda\u013cas stiprin\u0101\u0161anai:  Regul\u0113jama garuma k\u0101ju balsti  Paroc\u012bgi rokturi nodro\u0161ina atbalstu un \u013cauj viegli izpild\u012bt vingrin\u0101jumu  Karsti cinkots r\u0101mis, kas nodro\u0161ina trena\u017eiera ilgm\u016b\u017e\u012bbu\" \/>\n<meta property=\"og:url\" content=\"https:\/\/waffasports.com\/lv\/product\/waffa-sl16-kaju-iztaisnosana\/\" \/>\n<meta property=\"og:site_name\" content=\"Waffa Sports\" \/>\n<meta property=\"article:publisher\" content=\"https:\/\/www.facebook.com\/waffasports\" \/>\n<meta property=\"article:modified_time\" content=\"2024-06-13T08:31:25+00:00\" \/>\n<meta property=\"og:image\" content=\"https:\/\/waffasports.com\/wp-content\/uploads\/2022\/01\/SL16-Loitontaja.jpg\" \/>\n\t<meta property=\"og:image:width\" content=\"1920\" \/>\n\t<meta property=\"og:image:height\" content=\"1080\" \/>\n\t<meta property=\"og:image:type\" content=\"image\/jpeg\" \/>\n<meta name=\"twitter:card\" content=\"summary_large_image\" \/>\n<meta name=\"twitter:label1\" content=\"Est. reading time\" \/>\n\t<meta name=\"twitter:data1\" content=\"2 minutes\" \/>\n<script type=\"application\/ld+json\" class=\"yoast-schema-graph\">{\"@context\":\"https:\/\/schema.org\",\"@graph\":[{\"@type\":\"WebPage\",\"@id\":\"https:\/\/waffasports.com\/lv\/product\/waffa-sl16-kaju-iztaisnosana\/\",\"url\":\"https:\/\/waffasports.com\/lv\/product\/waffa-sl16-kaju-iztaisnosana\/\",\"name\":\"Waffa SL16 K\u0101ju iztaisno\u0161ana - Waffa Sports\",\"isPartOf\":{\"@id\":\"https:\/\/waffasports.com\/#website\"},\"datePublished\":\"2022-01-22T11:49:30+00:00\",\"dateModified\":\"2024-06-13T08:31:25+00:00\",\"breadcrumb\":{\"@id\":\"https:\/\/waffasports.com\/lv\/product\/waffa-sl16-kaju-iztaisnosana\/#breadcrumb\"},\"inLanguage\":\"lv-LV\",\"potentialAction\":[{\"@type\":\"ReadAction\",\"target\":[\"https:\/\/waffasports.com\/lv\/product\/waffa-sl16-kaju-iztaisnosana\/\"]}]},{\"@type\":\"BreadcrumbList\",\"@id\":\"https:\/\/waffasports.com\/lv\/product\/waffa-sl16-kaju-iztaisnosana\/#breadcrumb\",\"itemListElement\":[{\"@type\":\"ListItem\",\"position\":1,\"name\":\"Home\",\"item\":\"https:\/\/waffasports.com\/lv\/\"},{\"@type\":\"ListItem\",\"position\":2,\"name\":\"Produkti\",\"item\":\"https:\/\/waffasports.com\/produkti\/\"},{\"@type\":\"ListItem\",\"position\":3,\"name\":\"Waffa SL16 K\u0101ju iztaisno\u0161ana\"}]},{\"@type\":\"WebSite\",\"@id\":\"https:\/\/waffasports.com\/#website\",\"url\":\"https:\/\/waffasports.com\/\",\"name\":\"Waffa Sports\",\"description\":\"Outdoor gym\",\"publisher\":{\"@id\":\"https:\/\/waffasports.com\/#organization\"},\"potentialAction\":[{\"@type\":\"SearchAction\",\"target\":{\"@type\":\"EntryPoint\",\"urlTemplate\":\"https:\/\/waffasports.com\/?s={search_term_string}\"},\"query-input\":\"required name=search_term_string\"}],\"inLanguage\":\"lv-LV\"},{\"@type\":\"Organization\",\"@id\":\"https:\/\/waffasports.com\/#organization\",\"name\":\"Waffa Sports\",\"url\":\"https:\/\/waffasports.com\/\",\"logo\":{\"@type\":\"ImageObject\",\"inLanguage\":\"lv-LV\",\"@id\":\"https:\/\/waffasports.com\/#\/schema\/logo\/image\/\",\"url\":\"https:\/\/waffasports.com\/wp-content\/uploads\/2022\/01\/Waffa-sports.svg\",\"contentUrl\":\"https:\/\/waffasports.com\/wp-content\/uploads\/2022\/01\/Waffa-sports.svg\",\"caption\":\"Waffa Sports\"},\"image\":{\"@id\":\"https:\/\/waffasports.com\/#\/schema\/logo\/image\/\"},\"sameAs\":[\"https:\/\/www.instagram.com\/waffasports\/\",\"https:\/\/www.facebook.com\/waffasports\"]}]}<\/script>\n<!-- \/ Yoast SEO plugin. -->","yoast_head_json":{"title":"Waffa SL16 K\u0101ju iztaisno\u0161ana - Waffa Sports","robots":{"index":"index","follow":"follow","max-snippet":"max-snippet:-1","max-image-preview":"max-image-preview:large","max-video-preview":"max-video-preview:-1"},"canonical":"https:\/\/waffasports.com\/lv\/product\/waffa-sl16-kaju-iztaisnosana\/","og_locale":"lv_LV","og_type":"article","og_title":"Waffa SL16 K\u0101ju iztaisno\u0161ana - Waffa Sports","og_description":"Waffa \u0101ra trena\u017eieri ir ar vieglu, fiks\u0113tu svaru apr\u012bkotas iek\u0101rtas, kas \u012bpa\u0161i paredz\u0113tas senioriem un cilv\u0113kiem, kas iziet rehabilit\u0101ciju un v\u0113las vienk\u0101r\u0161i izpild\u0101mu un vieglas intensit\u0101tes treni\u0146u pieredzi. Vingrin\u0101jumu izpildes trajektorija un slodzes le\u0146\u0137i ir optimiz\u0113ti, lai vingrin\u0101jumu izpilde b\u016btu dro\u0161a un efekt\u012bva. Waffa s\u0113rijas trena\u017eieris SL16 k\u0101ju iztaisno\u0161anai ir viegli lietojama un efekt\u012bva iek\u0101rta, \u0137erme\u0146a lejasda\u013cas stiprin\u0101\u0161anai:  Regul\u0113jama garuma k\u0101ju balsti  Paroc\u012bgi rokturi nodro\u0161ina atbalstu un \u013cauj viegli izpild\u012bt vingrin\u0101jumu  Karsti cinkots r\u0101mis, kas nodro\u0161ina trena\u017eiera ilgm\u016b\u017e\u012bbu","og_url":"https:\/\/waffasports.com\/lv\/product\/waffa-sl16-kaju-iztaisnosana\/","og_site_name":"Waffa Sports","article_publisher":"https:\/\/www.facebook.com\/waffasports","article_modified_time":"2024-06-13T08:31:25+00:00","og_image":[{"width":1920,"height":1080,"url":"https:\/\/waffasports.com\/wp-content\/uploads\/2022\/01\/SL16-Loitontaja.jpg","type":"image\/jpeg"}],"twitter_card":"summary_large_image","twitter_misc":{"Est. reading time":"2 minutes"},"schema":{"@context":"https:\/\/schema.org","@graph":[{"@type":"WebPage","@id":"https:\/\/waffasports.com\/lv\/product\/waffa-sl16-kaju-iztaisnosana\/","url":"https:\/\/waffasports.com\/lv\/product\/waffa-sl16-kaju-iztaisnosana\/","name":"Waffa SL16 K\u0101ju iztaisno\u0161ana - Waffa Sports","isPartOf":{"@id":"https:\/\/waffasports.com\/#website"},"datePublished":"2022-01-22T11:49:30+00:00","dateModified":"2024-06-13T08:31:25+00:00","breadcrumb":{"@id":"https:\/\/waffasports.com\/lv\/product\/waffa-sl16-kaju-iztaisnosana\/#breadcrumb"},"inLanguage":"lv-LV","potentialAction":[{"@type":"ReadAction","target":["https:\/\/waffasports.com\/lv\/product\/waffa-sl16-kaju-iztaisnosana\/"]}]},{"@type":"BreadcrumbList","@id":"https:\/\/waffasports.com\/lv\/product\/waffa-sl16-kaju-iztaisnosana\/#breadcrumb","itemListElement":[{"@type":"ListItem","position":1,"name":"Home","item":"https:\/\/waffasports.com\/lv\/"},{"@type":"ListItem","position":2,"name":"Produkti","item":"https:\/\/waffasports.com\/produkti\/"},{"@type":"ListItem","position":3,"name":"Waffa SL16 K\u0101ju iztaisno\u0161ana"}]},{"@type":"WebSite","@id":"https:\/\/waffasports.com\/#website","url":"https:\/\/waffasports.com\/","name":"Waffa Sports","description":"Outdoor gym","publisher":{"@id":"https:\/\/waffasports.com\/#organization"},"potentialAction":[{"@type":"SearchAction","target":{"@type":"EntryPoint","urlTemplate":"https:\/\/waffasports.com\/?s={search_term_string}"},"query-input":"required name=search_term_string"}],"inLanguage":"lv-LV"},{"@type":"Organization","@id":"https:\/\/waffasports.com\/#organization","name":"Waffa Sports","url":"https:\/\/waffasports.com\/","logo":{"@type":"ImageObject","inLanguage":"lv-LV","@id":"https:\/\/waffasports.com\/#\/schema\/logo\/image\/","url":"https:\/\/waffasports.com\/wp-content\/uploads\/2022\/01\/Waffa-sports.svg","contentUrl":"https:\/\/waffasports.com\/wp-content\/uploads\/2022\/01\/Waffa-sports.svg","caption":"Waffa Sports"},"image":{"@id":"https:\/\/waffasports.com\/#\/schema\/logo\/image\/"},"sameAs":["https:\/\/www.instagram.com\/waffasports\/","https:\/\/www.facebook.com\/waffasports"]}]}},"_links":{"self":[{"href":"https:\/\/waffasports.com\/lv\/wp-json\/wp\/v2\/product\/6144","targetHints":{"allow":["GET"]}}],"collection":[{"href":"https:\/\/waffasports.com\/lv\/wp-json\/wp\/v2\/product"}],"about":[{"href":"https:\/\/waffasports.com\/lv\/wp-json\/wp\/v2\/types\/product"}],"replies":[{"embeddable":true,"href":"https:\/\/waffasports.com\/lv\/wp-json\/wp\/v2\/comments?post=6144"}],"wp:featuredmedia":[{"embeddable":true,"href":"https:\/\/waffasports.com\/lv\/wp-json\/wp\/v2\/media\/6367"}],"wp:attachment":[{"href":"https:\/\/waffasports.com\/lv\/wp-json\/wp\/v2\/media?parent=6144"}],"wp:term":[{"taxonomy":"product_cat","embeddable":true,"href":"https:\/\/waffasports.com\/lv\/wp-json\/wp\/v2\/product_cat?post=6144"},{"taxonomy":"product_tag","embeddable":true,"href":"https:\/\/waffasports.com\/lv\/wp-json\/wp\/v2\/product_tag?post=6144"}],"curies":[{"name":"wp","href":"https:\/\/api.w.org\/{rel}","templated":true}]}}