{"id":6143,"date":"2022-01-22T10:52:25","date_gmt":"2022-01-22T10:52:25","guid":{"rendered":"https:\/\/waffasports.com\/product\/waffa-sl14-kaju-prese\/"},"modified":"2024-06-13T08:31:49","modified_gmt":"2024-06-13T08:31:49","slug":"waffa-sl14-kaju-prese","status":"publish","type":"product","link":"https:\/\/waffasports.com\/lv\/product\/waffa-sl14-kaju-prese\/","title":{"rendered":"Waffa SL14 K\u0101ju prese"},"content":{"rendered":"<section class=\"wpb-content-wrapper\"><p>[vc_row full_width=&#8221;stretch_row&#8221; content_placement=&#8221;middle&#8221; css=&#8221;.vc_custom_1644142607936{margin-bottom: 0px !important;}&#8221; custom_css_code=&#8221;LmdlbS10ZXh0Ym94JTIwJTdCJTBBJTIwJTIwJTIwJTIwbWFyZ2luLWJvdHRvbSUzQSUyMDAlM0IlMEElN0QlMEEuZ2VtLWJ1dHRvbi1zaXplLWxhcmdlJTdCJTBBJTIwJTIwJTIwJTIwbWluLXdpZHRoJTNBJTIwMzU2cHglM0IlMEElN0QlMEElNDBtZWRpYSUyMCUyOG1heC13aWR0aCUzQSUyMDQ4MHB4JTI5JTdCJTBBJTIwJTIwJTIwLmdlbS1idXR0b24tc2l6ZS1sYXJnZSU3QiUwQSUyMCUyMCUyMCUyMCUyMCUyMCUyMCUyMGZvbnQtc2l6ZSUzQSUyMDE0cHglM0IlMEElMjAlMjAlMjAlMjAlMjAlMjAlMjAlMjBtaW4td2lkdGglM0ElMjAyNzZweCUzQiUwQSUyMCUyMCUyMCUyMCUyMCUyMCUyMCUyMG1hcmdpbiUzQSUyMDMwcHglMjAwcHglM0IlMEElMjAlMjAlMjAlN0QlMEElMjAlMjAlMjAuZ2VtLWJ1dHRvbi1zaXplLWxhcmdlJTIwLmdlbS1wcmludC1pY29uJTIwJTdCJTBBJTIwJTIwJTIwJTIwJTIwJTIwJTIwJTIwZm9udC1zaXplJTNBJTIwMjhweCUzQiUwQSUyMCUyMCUyMCU3RCUwQSU3RA==&#8221;][vc_column css=&#8221;.vc_custom_1587645970139{padding-top: 0px !important;}&#8221; offset=&#8221;vc_col-lg-12&#8243;][vc_row_inner][vc_column_inner]<div class=\"gem-video gem-wrapbox gem-wrapbox-style-no-style rounded-corners gem-wrapbox-position-below\" style=\"width: 100%;\"><div class=\"gem-wrapbox-inner video-block gem-ratio-style\" style=\"padding-top: 56.25%\"><video width=\"100%\" height=\"100%\" controls=\"controls\" src=\"https:\/\/www.youtube.com\/watch?v=QQbSNSGD55Y\"  poster=\"https:\/\/waffasports.com\/wp-content\/uploads\/2022\/01\/leg-press-waffa-outdoor-gym-valijousaal.jpg\" preload=\"none\"><\/video><\/div><\/div>[\/vc_column_inner][\/vc_row_inner][vc_row_inner][vc_column_inner]<div class=\"gem-video gem-wrapbox gem-wrapbox-style-no-style rounded-corners gem-wrapbox-position-below\" style=\"width: 100%;\"><div class=\"gem-wrapbox-inner video-block gem-ratio-style\" style=\"padding-top: 56.25%\"><video width=\"100%\" height=\"100%\" controls=\"controls\" src=\"https:\/\/www.youtube.com\/watch?v=Tja57j5w9rE\"  poster=\"https:\/\/waffasports.com\/wp-content\/uploads\/2022\/01\/waffa-outdoor-gym-leg-press.jpg\" preload=\"none\"><\/video><\/div><\/div>[\/vc_column_inner][\/vc_row_inner]<div class=\"gem-textbox  centered-box\"  ><div class=\"gem-textbox-inner\" style=\"\"><div class=\"gem-textbox-content\" style=\"background-position: center top;padding-top: 0px;padding-bottom: 0px;padding-left: 0px;padding-right: 0px;\"><div class=\"clearboth\"><\/div><style>#thegem-divider-69d440f83d15c {margin-top: 20px !important;}<\/style><div id=\"thegem-divider-69d440f83d15c\" class=\"gem-divider  \" style=\"\" ><\/div><div class=\"gem-button-container gem-button-position-inline thegem-button-69d440f83d1de7828    \"  ><a title=\"Outdoor gym equipment by Waffa Leg press\" class=\"gem-button gem-button-size-large gem-button-style-outline gem-button-text-weight-normal gem-button-border-4 gem-button-icon-position-left\" data-ll-effect=\"drop-right-without-wrap\" style=\"border-radius: 38px;border-color: #0072bc;color: #0072bc;\" onmouseleave=\"this.style.borderColor='#0072bc';this.style.backgroundColor='transparent';this.style.color='#0072bc';\" onmouseenter=\"this.style.borderColor='#0072bc';this.style.backgroundColor='#0072bc';this.style.color='#ffffff';\" href=\"https:\/\/waffasports.com\/wp-content\/uploads\/2022\/07\/SL14-Leg-press.pdf\" target=\"_blank\"><i class=\"gem-print-icon gem-icon-pack-material \">&#xf2dd;<\/i>PRODUCT CARD<\/a><\/div> <div class=\"gem-button-container gem-button-position-inline thegem-button-69d440f83d2529733    \"  ><a title=\"Waffa Outdoor gym equipment presentation\" class=\"gem-button gem-button-size-large gem-button-style-outline gem-button-text-weight-normal gem-button-border-4 gem-button-icon-position-left\" data-ll-effect=\"drop-right-without-wrap\" style=\"border-radius: 38px;border-color: #0072bc;color: #0072bc;\" onmouseleave=\"this.style.borderColor='#0072bc';this.style.backgroundColor='transparent';this.style.color='#0072bc';\" onmouseenter=\"this.style.borderColor='#0072bc';this.style.backgroundColor='#0072bc';this.style.color='#ffffff';\" href=\"https:\/\/waffasports.com\/wp-content\/uploads\/2022\/07\/Waffa-presentation-04032022-ENG-1.pdf\" target=\"_blank\"><i class=\"gem-print-icon gem-icon-pack-material \">&#xf2dd;<\/i>Waffa presentation<\/a><\/div> <div class=\"gem-button-container gem-button-position-inline thegem-button-69d440f83d2b52762    \"  ><a title=\"Instructions\" class=\"gem-button gem-button-size-large gem-button-style-outline gem-button-text-weight-normal gem-button-border-4 gem-button-icon-position-left\" data-ll-effect=\"drop-right-without-wrap\" style=\"border-radius: 38px;border-color: #0072bc;color: #0072bc;\" onmouseleave=\"this.style.borderColor='#0072bc';this.style.backgroundColor='transparent';this.style.color='#0072bc';\" onmouseenter=\"this.style.borderColor='#0072bc';this.style.backgroundColor='#0072bc';this.style.color='#ffffff';\" href=\"https:\/\/waffasports.com\/wp-content\/uploads\/2022\/10\/Waffa-SL14-Installation-18032022_compressed.pdf\" target=\"_blank\"><i class=\"gem-print-icon gem-icon-pack-material \">&#xf2dd;<\/i>Instructions<\/a><\/div> <div class=\"gem-button-container gem-button-position-inline thegem-button-69d440f83d3157776    \"  ><a title=\"2d drawing\" class=\"gem-button gem-button-size-large gem-button-style-outline gem-button-text-weight-normal gem-button-border-4 gem-button-icon-position-left\" data-ll-effect=\"drop-right-without-wrap\" style=\"border-radius: 38px;border-color: #0072bc;color: #0072bc;\" onmouseleave=\"this.style.borderColor='#0072bc';this.style.backgroundColor='transparent';this.style.color='#0072bc';\" onmouseenter=\"this.style.borderColor='#0072bc';this.style.backgroundColor='#0072bc';this.style.color='#ffffff';\" href=\"https:\/\/waffasports.com\/wp-content\/uploads\/2024\/02\/SL-14-Rev.11_koost-naitamiseks_alaga.dwg\" target=\"_blank\"><i class=\"gem-print-icon gem-icon-pack-material \">&#xf2dd;<\/i>2D<\/a><\/div> <div class=\"clearboth\"><\/div><style>#thegem-divider-69d440f83d34b {margin-top: 18px !important;}<\/style><div id=\"thegem-divider-69d440f83d34b\" class=\"gem-divider  \" style=\"\" ><\/div><\/div><\/div><\/div>[\/vc_column][\/vc_row]<\/p>\n<\/section>","protected":false},"excerpt":{"rendered":"<p>Waffa \u0101ra trena\u017eieri ir ar vieglu, fiks\u0113tu svaru apr\u012bkotas iek\u0101rtas, kas \u012bpa\u0161i paredz\u0113tas senioriem un cilv\u0113kiem, kas iziet rehabilit\u0101ciju un v\u0113las vienk\u0101r\u0161i izpild\u0101mu un vieglas intensit\u0101tes treni\u0146u pieredzi. Vingrin\u0101jumu izpildes trajektorija un slodzes le\u0146\u0137i ir optimiz\u0113ti, lai vingrin\u0101jumu izpilde b\u016btu dro\u0161a un efekt\u012bva.<\/p>\n<p>Waffa s\u0113rijas SL14 k\u0101ju prese ir viegli lietojams un efekt\u012bvs trena\u017eieris, \u0137erme\u0146a lejasda\u013cas stiprin\u0101\u0161anai:<\/p>\n<ul>\n<li>Sols un tam piestiprin\u0101tais svaru elements vingrin\u0101juma izpildes laik\u0101 kustas uz aug\u0161u m\u0113reni un vienm\u0113r\u012bgi<\/li>\n<li>Atsevi\u0161\u0137ie k\u0101ju balsti katr\u0101 pus\u0113 \u013cauj viegli uzk\u0101pt un nok\u0101pt no trena\u017eiera<\/li>\n<li>Paroc\u012bgi rokturi nodro\u0161ina atbalstu un \u013cauj viegli izpild\u012bt vingrin\u0101jumu<\/li>\n<li>Karsti cinkots r\u0101mis, kas nodro\u0161ina trena\u017eiera ilgm\u016b\u017e\u012bbu<\/li>\n<\/ul>\n","protected":false},"featured_media":6392,"comment_status":"closed","ping_status":"closed","template":"","meta":[],"product_cat":[118],"product_tag":[],"class_list":{"0":"post-6143","1":"product","2":"type-product","3":"status-publish","4":"has-post-thumbnail","6":"product_cat-waffa-senior-line-lv"},"yoast_head":"<!-- This site is optimized with the Yoast SEO plugin v20.0 - https:\/\/yoast.com\/wordpress\/plugins\/seo\/ -->\n<title>Waffa SL14 K\u0101ju prese - Waffa Sports<\/title>\n<meta name=\"robots\" content=\"index, follow, max-snippet:-1, max-image-preview:large, max-video-preview:-1\" \/>\n<link rel=\"canonical\" href=\"https:\/\/waffasports.com\/lv\/product\/waffa-sl14-kaju-prese\/\" \/>\n<meta property=\"og:locale\" content=\"lv_LV\" \/>\n<meta property=\"og:type\" content=\"article\" \/>\n<meta property=\"og:title\" content=\"Waffa SL14 K\u0101ju prese - Waffa Sports\" \/>\n<meta property=\"og:description\" content=\"Waffa \u0101ra trena\u017eieri ir ar vieglu, fiks\u0113tu svaru apr\u012bkotas iek\u0101rtas, kas \u012bpa\u0161i paredz\u0113tas senioriem un cilv\u0113kiem, kas iziet rehabilit\u0101ciju un v\u0113las vienk\u0101r\u0161i izpild\u0101mu un vieglas intensit\u0101tes treni\u0146u pieredzi. Vingrin\u0101jumu izpildes trajektorija un slodzes le\u0146\u0137i ir optimiz\u0113ti, lai vingrin\u0101jumu izpilde b\u016btu dro\u0161a un efekt\u012bva. Waffa s\u0113rijas SL14 k\u0101ju prese ir viegli lietojams un efekt\u012bvs trena\u017eieris, \u0137erme\u0146a lejasda\u013cas stiprin\u0101\u0161anai:  Sols un tam piestiprin\u0101tais svaru elements vingrin\u0101juma izpildes laik\u0101 kustas uz aug\u0161u m\u0113reni un vienm\u0113r\u012bgi  Atsevi\u0161\u0137ie k\u0101ju balsti katr\u0101 pus\u0113 \u013cauj viegli uzk\u0101pt un nok\u0101pt no trena\u017eiera  Paroc\u012bgi rokturi nodro\u0161ina atbalstu un \u013cauj viegli izpild\u012bt vingrin\u0101jumu  Karsti cinkots r\u0101mis, kas nodro\u0161ina trena\u017eiera ilgm\u016b\u017e\u012bbu\" \/>\n<meta property=\"og:url\" content=\"https:\/\/waffasports.com\/lv\/product\/waffa-sl14-kaju-prese\/\" \/>\n<meta property=\"og:site_name\" content=\"Waffa Sports\" \/>\n<meta property=\"article:publisher\" content=\"https:\/\/www.facebook.com\/waffasports\" \/>\n<meta property=\"article:modified_time\" content=\"2024-06-13T08:31:49+00:00\" \/>\n<meta property=\"og:image\" content=\"https:\/\/waffasports.com\/wp-content\/uploads\/2022\/01\/sl41-leg-press.jpg\" \/>\n\t<meta property=\"og:image:width\" content=\"1080\" \/>\n\t<meta property=\"og:image:height\" content=\"1080\" \/>\n\t<meta property=\"og:image:type\" content=\"image\/jpeg\" \/>\n<meta name=\"twitter:card\" content=\"summary_large_image\" \/>\n<meta name=\"twitter:label1\" content=\"Est. reading time\" \/>\n\t<meta name=\"twitter:data1\" content=\"2 minutes\" \/>\n<script type=\"application\/ld+json\" class=\"yoast-schema-graph\">{\"@context\":\"https:\/\/schema.org\",\"@graph\":[{\"@type\":\"WebPage\",\"@id\":\"https:\/\/waffasports.com\/lv\/product\/waffa-sl14-kaju-prese\/\",\"url\":\"https:\/\/waffasports.com\/lv\/product\/waffa-sl14-kaju-prese\/\",\"name\":\"Waffa SL14 K\u0101ju prese - Waffa Sports\",\"isPartOf\":{\"@id\":\"https:\/\/waffasports.com\/#website\"},\"datePublished\":\"2022-01-22T10:52:25+00:00\",\"dateModified\":\"2024-06-13T08:31:49+00:00\",\"breadcrumb\":{\"@id\":\"https:\/\/waffasports.com\/lv\/product\/waffa-sl14-kaju-prese\/#breadcrumb\"},\"inLanguage\":\"lv-LV\",\"potentialAction\":[{\"@type\":\"ReadAction\",\"target\":[\"https:\/\/waffasports.com\/lv\/product\/waffa-sl14-kaju-prese\/\"]}]},{\"@type\":\"BreadcrumbList\",\"@id\":\"https:\/\/waffasports.com\/lv\/product\/waffa-sl14-kaju-prese\/#breadcrumb\",\"itemListElement\":[{\"@type\":\"ListItem\",\"position\":1,\"name\":\"Home\",\"item\":\"https:\/\/waffasports.com\/lv\/\"},{\"@type\":\"ListItem\",\"position\":2,\"name\":\"Produkti\",\"item\":\"https:\/\/waffasports.com\/produkti\/\"},{\"@type\":\"ListItem\",\"position\":3,\"name\":\"Waffa SL14 K\u0101ju prese\"}]},{\"@type\":\"WebSite\",\"@id\":\"https:\/\/waffasports.com\/#website\",\"url\":\"https:\/\/waffasports.com\/\",\"name\":\"Waffa Sports\",\"description\":\"Outdoor gym\",\"publisher\":{\"@id\":\"https:\/\/waffasports.com\/#organization\"},\"potentialAction\":[{\"@type\":\"SearchAction\",\"target\":{\"@type\":\"EntryPoint\",\"urlTemplate\":\"https:\/\/waffasports.com\/?s={search_term_string}\"},\"query-input\":\"required name=search_term_string\"}],\"inLanguage\":\"lv-LV\"},{\"@type\":\"Organization\",\"@id\":\"https:\/\/waffasports.com\/#organization\",\"name\":\"Waffa Sports\",\"url\":\"https:\/\/waffasports.com\/\",\"logo\":{\"@type\":\"ImageObject\",\"inLanguage\":\"lv-LV\",\"@id\":\"https:\/\/waffasports.com\/#\/schema\/logo\/image\/\",\"url\":\"https:\/\/waffasports.com\/wp-content\/uploads\/2022\/01\/Waffa-sports.svg\",\"contentUrl\":\"https:\/\/waffasports.com\/wp-content\/uploads\/2022\/01\/Waffa-sports.svg\",\"caption\":\"Waffa Sports\"},\"image\":{\"@id\":\"https:\/\/waffasports.com\/#\/schema\/logo\/image\/\"},\"sameAs\":[\"https:\/\/www.instagram.com\/waffasports\/\",\"https:\/\/www.facebook.com\/waffasports\"]}]}<\/script>\n<!-- \/ Yoast SEO plugin. -->","yoast_head_json":{"title":"Waffa SL14 K\u0101ju prese - Waffa Sports","robots":{"index":"index","follow":"follow","max-snippet":"max-snippet:-1","max-image-preview":"max-image-preview:large","max-video-preview":"max-video-preview:-1"},"canonical":"https:\/\/waffasports.com\/lv\/product\/waffa-sl14-kaju-prese\/","og_locale":"lv_LV","og_type":"article","og_title":"Waffa SL14 K\u0101ju prese - Waffa Sports","og_description":"Waffa \u0101ra trena\u017eieri ir ar vieglu, fiks\u0113tu svaru apr\u012bkotas iek\u0101rtas, kas \u012bpa\u0161i paredz\u0113tas senioriem un cilv\u0113kiem, kas iziet rehabilit\u0101ciju un v\u0113las vienk\u0101r\u0161i izpild\u0101mu un vieglas intensit\u0101tes treni\u0146u pieredzi. Vingrin\u0101jumu izpildes trajektorija un slodzes le\u0146\u0137i ir optimiz\u0113ti, lai vingrin\u0101jumu izpilde b\u016btu dro\u0161a un efekt\u012bva. Waffa s\u0113rijas SL14 k\u0101ju prese ir viegli lietojams un efekt\u012bvs trena\u017eieris, \u0137erme\u0146a lejasda\u013cas stiprin\u0101\u0161anai:  Sols un tam piestiprin\u0101tais svaru elements vingrin\u0101juma izpildes laik\u0101 kustas uz aug\u0161u m\u0113reni un vienm\u0113r\u012bgi  Atsevi\u0161\u0137ie k\u0101ju balsti katr\u0101 pus\u0113 \u013cauj viegli uzk\u0101pt un nok\u0101pt no trena\u017eiera  Paroc\u012bgi rokturi nodro\u0161ina atbalstu un \u013cauj viegli izpild\u012bt vingrin\u0101jumu  Karsti cinkots r\u0101mis, kas nodro\u0161ina trena\u017eiera ilgm\u016b\u017e\u012bbu","og_url":"https:\/\/waffasports.com\/lv\/product\/waffa-sl14-kaju-prese\/","og_site_name":"Waffa Sports","article_publisher":"https:\/\/www.facebook.com\/waffasports","article_modified_time":"2024-06-13T08:31:49+00:00","og_image":[{"width":1080,"height":1080,"url":"https:\/\/waffasports.com\/wp-content\/uploads\/2022\/01\/sl41-leg-press.jpg","type":"image\/jpeg"}],"twitter_card":"summary_large_image","twitter_misc":{"Est. reading time":"2 minutes"},"schema":{"@context":"https:\/\/schema.org","@graph":[{"@type":"WebPage","@id":"https:\/\/waffasports.com\/lv\/product\/waffa-sl14-kaju-prese\/","url":"https:\/\/waffasports.com\/lv\/product\/waffa-sl14-kaju-prese\/","name":"Waffa SL14 K\u0101ju prese - Waffa Sports","isPartOf":{"@id":"https:\/\/waffasports.com\/#website"},"datePublished":"2022-01-22T10:52:25+00:00","dateModified":"2024-06-13T08:31:49+00:00","breadcrumb":{"@id":"https:\/\/waffasports.com\/lv\/product\/waffa-sl14-kaju-prese\/#breadcrumb"},"inLanguage":"lv-LV","potentialAction":[{"@type":"ReadAction","target":["https:\/\/waffasports.com\/lv\/product\/waffa-sl14-kaju-prese\/"]}]},{"@type":"BreadcrumbList","@id":"https:\/\/waffasports.com\/lv\/product\/waffa-sl14-kaju-prese\/#breadcrumb","itemListElement":[{"@type":"ListItem","position":1,"name":"Home","item":"https:\/\/waffasports.com\/lv\/"},{"@type":"ListItem","position":2,"name":"Produkti","item":"https:\/\/waffasports.com\/produkti\/"},{"@type":"ListItem","position":3,"name":"Waffa SL14 K\u0101ju prese"}]},{"@type":"WebSite","@id":"https:\/\/waffasports.com\/#website","url":"https:\/\/waffasports.com\/","name":"Waffa Sports","description":"Outdoor gym","publisher":{"@id":"https:\/\/waffasports.com\/#organization"},"potentialAction":[{"@type":"SearchAction","target":{"@type":"EntryPoint","urlTemplate":"https:\/\/waffasports.com\/?s={search_term_string}"},"query-input":"required name=search_term_string"}],"inLanguage":"lv-LV"},{"@type":"Organization","@id":"https:\/\/waffasports.com\/#organization","name":"Waffa Sports","url":"https:\/\/waffasports.com\/","logo":{"@type":"ImageObject","inLanguage":"lv-LV","@id":"https:\/\/waffasports.com\/#\/schema\/logo\/image\/","url":"https:\/\/waffasports.com\/wp-content\/uploads\/2022\/01\/Waffa-sports.svg","contentUrl":"https:\/\/waffasports.com\/wp-content\/uploads\/2022\/01\/Waffa-sports.svg","caption":"Waffa Sports"},"image":{"@id":"https:\/\/waffasports.com\/#\/schema\/logo\/image\/"},"sameAs":["https:\/\/www.instagram.com\/waffasports\/","https:\/\/www.facebook.com\/waffasports"]}]}},"_links":{"self":[{"href":"https:\/\/waffasports.com\/lv\/wp-json\/wp\/v2\/product\/6143","targetHints":{"allow":["GET"]}}],"collection":[{"href":"https:\/\/waffasports.com\/lv\/wp-json\/wp\/v2\/product"}],"about":[{"href":"https:\/\/waffasports.com\/lv\/wp-json\/wp\/v2\/types\/product"}],"replies":[{"embeddable":true,"href":"https:\/\/waffasports.com\/lv\/wp-json\/wp\/v2\/comments?post=6143"}],"wp:featuredmedia":[{"embeddable":true,"href":"https:\/\/waffasports.com\/lv\/wp-json\/wp\/v2\/media\/6392"}],"wp:attachment":[{"href":"https:\/\/waffasports.com\/lv\/wp-json\/wp\/v2\/media?parent=6143"}],"wp:term":[{"taxonomy":"product_cat","embeddable":true,"href":"https:\/\/waffasports.com\/lv\/wp-json\/wp\/v2\/product_cat?post=6143"},{"taxonomy":"product_tag","embeddable":true,"href":"https:\/\/waffasports.com\/lv\/wp-json\/wp\/v2\/product_tag?post=6143"}],"curies":[{"name":"wp","href":"https:\/\/api.w.org\/{rel}","templated":true}]}}