{"id":6113,"date":"2022-10-06T17:13:12","date_gmt":"2022-10-06T17:13:12","guid":{"rendered":"https:\/\/waffasports.com\/product\/informacijas-delis\/"},"modified":"2024-06-13T08:27:38","modified_gmt":"2024-06-13T08:27:38","slug":"informacijas-delis","status":"publish","type":"product","link":"https:\/\/waffasports.com\/lv\/product\/informacijas-delis\/","title":{"rendered":"Inform\u0101cijas d\u0113lis"},"content":{"rendered":"","protected":false},"excerpt":{"rendered":"<ul>\n<li>Vienk\u0101r\u0161s, bet efekt\u012bvs un noder\u012bgs inform\u0101cijas d\u0113lis jebkurai \u0101ra sporta z\u0101lei.<\/li>\n<li>Instrukcijas, noteikumus un apm\u0101c\u012bbas inform\u0101ciju var viegli par\u0101d\u012bt uz t\u0101feles.<\/li>\n<li>D\u0113\u013ca izm\u0113rs ir 1000 x 1000 mm.<\/li>\n<li>Augstums 1900 mm.<\/li>\n<li>Ir pieejamas visas RAL kr\u0101sas.<\/li>\n<li>Sp\u0113c\u012bgs un karsti cinkots r\u0101mis.<\/li>\n<\/ul>\n","protected":false},"featured_media":6888,"comment_status":"closed","ping_status":"closed","template":"","meta":[],"product_cat":[118],"product_tag":[],"class_list":{"0":"post-6113","1":"product","2":"type-product","3":"status-publish","4":"has-post-thumbnail","6":"product_cat-waffa-senior-line-lv"},"yoast_head":"<!-- This site is optimized with the Yoast SEO plugin v20.0 - https:\/\/yoast.com\/wordpress\/plugins\/seo\/ -->\n<title>Inform\u0101cijas d\u0113lis - Waffa Sports<\/title>\n<meta name=\"description\" content=\"Instrukcijas, noteikumus un apm\u0101c\u012bbas inform\u0101ciju var viegli par\u0101d\u012bt uz t\u0101feles. Vienk\u0101r\u0161s, bet efekt\u012bvs un noder\u012bgs inform\u0101cijas d\u0113lis jebkurai \u0101ra sporta z\u0101lei.\" \/>\n<meta name=\"robots\" content=\"index, follow, max-snippet:-1, max-image-preview:large, max-video-preview:-1\" \/>\n<link rel=\"canonical\" href=\"https:\/\/waffasports.com\/lv\/product\/informacijas-delis\/\" \/>\n<meta property=\"og:locale\" content=\"lv_LV\" \/>\n<meta property=\"og:type\" content=\"article\" \/>\n<meta property=\"og:title\" content=\"Inform\u0101cijas d\u0113lis - Waffa Sports\" \/>\n<meta property=\"og:description\" content=\"Instrukcijas, noteikumus un apm\u0101c\u012bbas inform\u0101ciju var viegli par\u0101d\u012bt uz t\u0101feles. Vienk\u0101r\u0161s, bet efekt\u012bvs un noder\u012bgs inform\u0101cijas d\u0113lis jebkurai \u0101ra sporta z\u0101lei.\" \/>\n<meta property=\"og:url\" content=\"https:\/\/waffasports.com\/lv\/product\/informacijas-delis\/\" \/>\n<meta property=\"og:site_name\" content=\"Waffa Sports\" \/>\n<meta property=\"article:publisher\" content=\"https:\/\/www.facebook.com\/waffasports\" \/>\n<meta property=\"article:modified_time\" content=\"2024-06-13T08:27:38+00:00\" \/>\n<meta property=\"og:image\" content=\"https:\/\/waffasports.com\/wp-content\/uploads\/2022\/10\/infotahvel.webp\" \/>\n\t<meta property=\"og:image:width\" content=\"1920\" \/>\n\t<meta property=\"og:image:height\" content=\"1080\" \/>\n\t<meta property=\"og:image:type\" content=\"image\/webp\" \/>\n<meta name=\"twitter:card\" content=\"summary_large_image\" \/>\n<script type=\"application\/ld+json\" class=\"yoast-schema-graph\">{\"@context\":\"https:\/\/schema.org\",\"@graph\":[{\"@type\":\"WebPage\",\"@id\":\"https:\/\/waffasports.com\/lv\/product\/informacijas-delis\/\",\"url\":\"https:\/\/waffasports.com\/lv\/product\/informacijas-delis\/\",\"name\":\"Inform\u0101cijas d\u0113lis - Waffa Sports\",\"isPartOf\":{\"@id\":\"https:\/\/waffasports.com\/#website\"},\"datePublished\":\"2022-10-06T17:13:12+00:00\",\"dateModified\":\"2024-06-13T08:27:38+00:00\",\"description\":\"Instrukcijas, noteikumus un apm\u0101c\u012bbas inform\u0101ciju var viegli par\u0101d\u012bt uz t\u0101feles. Vienk\u0101r\u0161s, bet efekt\u012bvs un noder\u012bgs inform\u0101cijas d\u0113lis jebkurai \u0101ra sporta z\u0101lei.\",\"breadcrumb\":{\"@id\":\"https:\/\/waffasports.com\/lv\/product\/informacijas-delis\/#breadcrumb\"},\"inLanguage\":\"lv-LV\",\"potentialAction\":[{\"@type\":\"ReadAction\",\"target\":[\"https:\/\/waffasports.com\/lv\/product\/informacijas-delis\/\"]}]},{\"@type\":\"BreadcrumbList\",\"@id\":\"https:\/\/waffasports.com\/lv\/product\/informacijas-delis\/#breadcrumb\",\"itemListElement\":[{\"@type\":\"ListItem\",\"position\":1,\"name\":\"Home\",\"item\":\"https:\/\/waffasports.com\/lv\/\"},{\"@type\":\"ListItem\",\"position\":2,\"name\":\"Produkti\",\"item\":\"https:\/\/waffasports.com\/produkti\/\"},{\"@type\":\"ListItem\",\"position\":3,\"name\":\"Inform\u0101cijas d\u0113lis\"}]},{\"@type\":\"WebSite\",\"@id\":\"https:\/\/waffasports.com\/#website\",\"url\":\"https:\/\/waffasports.com\/\",\"name\":\"Waffa Sports\",\"description\":\"Outdoor gym\",\"publisher\":{\"@id\":\"https:\/\/waffasports.com\/#organization\"},\"potentialAction\":[{\"@type\":\"SearchAction\",\"target\":{\"@type\":\"EntryPoint\",\"urlTemplate\":\"https:\/\/waffasports.com\/?s={search_term_string}\"},\"query-input\":\"required name=search_term_string\"}],\"inLanguage\":\"lv-LV\"},{\"@type\":\"Organization\",\"@id\":\"https:\/\/waffasports.com\/#organization\",\"name\":\"Waffa Sports\",\"url\":\"https:\/\/waffasports.com\/\",\"logo\":{\"@type\":\"ImageObject\",\"inLanguage\":\"lv-LV\",\"@id\":\"https:\/\/waffasports.com\/#\/schema\/logo\/image\/\",\"url\":\"https:\/\/waffasports.com\/wp-content\/uploads\/2022\/01\/Waffa-sports.svg\",\"contentUrl\":\"https:\/\/waffasports.com\/wp-content\/uploads\/2022\/01\/Waffa-sports.svg\",\"caption\":\"Waffa Sports\"},\"image\":{\"@id\":\"https:\/\/waffasports.com\/#\/schema\/logo\/image\/\"},\"sameAs\":[\"https:\/\/www.instagram.com\/waffasports\/\",\"https:\/\/www.facebook.com\/waffasports\"]}]}<\/script>\n<!-- \/ Yoast SEO plugin. -->","yoast_head_json":{"title":"Inform\u0101cijas d\u0113lis - Waffa Sports","description":"Instrukcijas, noteikumus un apm\u0101c\u012bbas inform\u0101ciju var viegli par\u0101d\u012bt uz t\u0101feles. Vienk\u0101r\u0161s, bet efekt\u012bvs un noder\u012bgs inform\u0101cijas d\u0113lis jebkurai \u0101ra sporta z\u0101lei.","robots":{"index":"index","follow":"follow","max-snippet":"max-snippet:-1","max-image-preview":"max-image-preview:large","max-video-preview":"max-video-preview:-1"},"canonical":"https:\/\/waffasports.com\/lv\/product\/informacijas-delis\/","og_locale":"lv_LV","og_type":"article","og_title":"Inform\u0101cijas d\u0113lis - Waffa Sports","og_description":"Instrukcijas, noteikumus un apm\u0101c\u012bbas inform\u0101ciju var viegli par\u0101d\u012bt uz t\u0101feles. Vienk\u0101r\u0161s, bet efekt\u012bvs un noder\u012bgs inform\u0101cijas d\u0113lis jebkurai \u0101ra sporta z\u0101lei.","og_url":"https:\/\/waffasports.com\/lv\/product\/informacijas-delis\/","og_site_name":"Waffa Sports","article_publisher":"https:\/\/www.facebook.com\/waffasports","article_modified_time":"2024-06-13T08:27:38+00:00","og_image":[{"width":1920,"height":1080,"url":"https:\/\/waffasports.com\/wp-content\/uploads\/2022\/10\/infotahvel.webp","type":"image\/webp"}],"twitter_card":"summary_large_image","schema":{"@context":"https:\/\/schema.org","@graph":[{"@type":"WebPage","@id":"https:\/\/waffasports.com\/lv\/product\/informacijas-delis\/","url":"https:\/\/waffasports.com\/lv\/product\/informacijas-delis\/","name":"Inform\u0101cijas d\u0113lis - Waffa Sports","isPartOf":{"@id":"https:\/\/waffasports.com\/#website"},"datePublished":"2022-10-06T17:13:12+00:00","dateModified":"2024-06-13T08:27:38+00:00","description":"Instrukcijas, noteikumus un apm\u0101c\u012bbas inform\u0101ciju var viegli par\u0101d\u012bt uz t\u0101feles. Vienk\u0101r\u0161s, bet efekt\u012bvs un noder\u012bgs inform\u0101cijas d\u0113lis jebkurai \u0101ra sporta z\u0101lei.","breadcrumb":{"@id":"https:\/\/waffasports.com\/lv\/product\/informacijas-delis\/#breadcrumb"},"inLanguage":"lv-LV","potentialAction":[{"@type":"ReadAction","target":["https:\/\/waffasports.com\/lv\/product\/informacijas-delis\/"]}]},{"@type":"BreadcrumbList","@id":"https:\/\/waffasports.com\/lv\/product\/informacijas-delis\/#breadcrumb","itemListElement":[{"@type":"ListItem","position":1,"name":"Home","item":"https:\/\/waffasports.com\/lv\/"},{"@type":"ListItem","position":2,"name":"Produkti","item":"https:\/\/waffasports.com\/produkti\/"},{"@type":"ListItem","position":3,"name":"Inform\u0101cijas d\u0113lis"}]},{"@type":"WebSite","@id":"https:\/\/waffasports.com\/#website","url":"https:\/\/waffasports.com\/","name":"Waffa Sports","description":"Outdoor gym","publisher":{"@id":"https:\/\/waffasports.com\/#organization"},"potentialAction":[{"@type":"SearchAction","target":{"@type":"EntryPoint","urlTemplate":"https:\/\/waffasports.com\/?s={search_term_string}"},"query-input":"required name=search_term_string"}],"inLanguage":"lv-LV"},{"@type":"Organization","@id":"https:\/\/waffasports.com\/#organization","name":"Waffa Sports","url":"https:\/\/waffasports.com\/","logo":{"@type":"ImageObject","inLanguage":"lv-LV","@id":"https:\/\/waffasports.com\/#\/schema\/logo\/image\/","url":"https:\/\/waffasports.com\/wp-content\/uploads\/2022\/01\/Waffa-sports.svg","contentUrl":"https:\/\/waffasports.com\/wp-content\/uploads\/2022\/01\/Waffa-sports.svg","caption":"Waffa Sports"},"image":{"@id":"https:\/\/waffasports.com\/#\/schema\/logo\/image\/"},"sameAs":["https:\/\/www.instagram.com\/waffasports\/","https:\/\/www.facebook.com\/waffasports"]}]}},"_links":{"self":[{"href":"https:\/\/waffasports.com\/lv\/wp-json\/wp\/v2\/product\/6113","targetHints":{"allow":["GET"]}}],"collection":[{"href":"https:\/\/waffasports.com\/lv\/wp-json\/wp\/v2\/product"}],"about":[{"href":"https:\/\/waffasports.com\/lv\/wp-json\/wp\/v2\/types\/product"}],"replies":[{"embeddable":true,"href":"https:\/\/waffasports.com\/lv\/wp-json\/wp\/v2\/comments?post=6113"}],"wp:featuredmedia":[{"embeddable":true,"href":"https:\/\/waffasports.com\/lv\/wp-json\/wp\/v2\/media\/6888"}],"wp:attachment":[{"href":"https:\/\/waffasports.com\/lv\/wp-json\/wp\/v2\/media?parent=6113"}],"wp:term":[{"taxonomy":"product_cat","embeddable":true,"href":"https:\/\/waffasports.com\/lv\/wp-json\/wp\/v2\/product_cat?post=6113"},{"taxonomy":"product_tag","embeddable":true,"href":"https:\/\/waffasports.com\/lv\/wp-json\/wp\/v2\/product_tag?post=6113"}],"curies":[{"name":"wp","href":"https:\/\/api.w.org\/{rel}","templated":true}]}}