{"id":6220,"date":"2022-06-26T09:51:37","date_gmt":"2022-06-26T09:51:37","guid":{"rendered":"https:\/\/waffasports.com\/klusti-par-talakpardeveju\/"},"modified":"2023-04-15T11:23:56","modified_gmt":"2023-04-15T11:23:56","slug":"klusti-par-talakpardeveju","status":"publish","type":"page","link":"https:\/\/waffasports.com\/lv\/klusti-par-talakpardeveju\/","title":{"rendered":"K\u013c\u016bsti par t\u0101l\u0101kp\u0101rdev\u0113ju"},"content":{"rendered":"<section class=\"wpb-content-wrapper\"><p>[vc_row css=&#8221;.vc_custom_1662150833320{margin-top: -600px !important;margin-bottom: 0px !important;}&#8221; custom_css_code=&#8221;LmxpbmUtc3R5bGUlN0IlMEElMjAlMjAlMjAlMjBwb3NpdGlvbiUzQSUyMHJlbGF0aXZlJTNCJTBBJTIwJTIwJTIwJTIwZGlzcGxheSUzQSUyMGlubGluZS1ibG9jayUzQiUwQSUyMCUyMCUyMCUyMHotaW5kZXglM0ElMjA1JTNCJTBBJTdEJTBBLmxpbmUtc3R5bGUlM0FiZWZvcmUlMjAlN0IlMEElMjAlMjAlMjAlMjBjb250ZW50JTNBJTIwJTI3JTI3JTNCJTBBJTIwJTIwJTIwJTIwcG9zaXRpb24lM0ElMjBhYnNvbHV0ZSUzQiUwQSUyMCUyMCUyMCUyMHRvcCUzQSUyMDIwJTI1JTNCJTBBJTIwJTIwJTIwJTIwbGVmdCUzQSUyMDAlM0IlMEElMjAlMjAlMjAlMjB3aWR0aCUzQSUyMDEwMCUyNSUzQiUwQSUyMCUyMCUyMCUyMGhlaWdodCUzQSUyMDQwJTI1JTNCJTBBJTIwJTIwJTIwJTIwYmFja2dyb3VuZCUzQSUyMCUyM2VlZmY0MSUzQiUwQSUyMCUyMCUyMCUyMHotaW5kZXglM0ElMjAtMSUzQiUwQSU3RA==&#8221;][vc_column]<div class=\"clearboth\"><\/div><style>#thegem-divider-69d45706dc81b {margin-top: 110px !important;}<\/style><div id=\"thegem-divider-69d45706dc81b\" class=\"gem-divider  \" style=\"\" ><\/div>[vc_column_text css_animation=&#8221;bottom-to-top&#8221;]<\/p>\n<div class=\"title-h1\" style=\"text-transform: none;\"><span style=\"color: #2c2e3d; letter-spacing: 0;\">Lai piepras\u012btu vair\u0101k <span class=\"line-style\">inform\u0101cijas<\/span>, iesniedziet zem\u0101k eso\u0161o veidlapu vai nos\u016btiet mums e-pastu tie\u0161i:<span class=\"line-style\">sales@waffasports.com<\/span><\/span><\/div>\n<p>[\/vc_column_text][\/vc_column][\/vc_row][vc_row css=&#8221;.vc_custom_1674898293519{margin-bottom: 0px !important;padding-right: 15px !important;padding-left: 15px !important;}&#8221; custom_css_code=&#8221;dGV4dGFyZWElMjAlN0IlMEElMjAlMjAlMjAlMjBoZWlnaHQlM0ElMjAxODBweCUzQiUwQSU3RCUwQS53cGNmNyUyMGlucHV0JTVCdHlwZSUzRHN1Ym1pdCU1RCU3QiUwQSUyMCUyMCUyMCUyMGRpc3BsYXklM0ElMjBibG9jayUzQiUwQSUyMCUyMCUyMCUyMHdpZHRoJTNBJTIwYXV0byUzQiUwQSUyMCUyMCUyMCUyMHBhZGRpbmclM0ElMjAxMHB4JTIwMzBweCUzQiUwQSUyMCUyMCUyMCUyMGNvbG9yJTNBJTIwJTIzMmMyZTNkJTNCJTBBJTIwJTIwJTIwJTIwYmFja2dyb3VuZCUzQSUyMHRyYW5zcGFyZW50JTNCJTBBJTIwJTIwJTIwJTIwYm9yZGVyJTNBJTIwM3B4JTIwc29saWQlMjAlMjMyYzJlM2QlM0IlMEElMjAlMjAlMjAlMjBib3JkZXItcmFkaXVzJTNBJTIwMCUzQiUwQSUyMCUyMCUyMCUyMGZvbnQtc2l6ZSUzQSUyMDE0cHglM0IlMEElMjAlMjAlMjAlMjBsaW5lLWhlaWdodCUzQSUyMDI2cHglM0IlMEElN0QlMEEud3BjZjclMjBpbnB1dCU1QnR5cGUlM0RzdWJtaXQlNUQlM0Fob3ZlciU3QiUwQSUyMCUyMCUyMCUyMGNvbG9yJTNBJTIwJTIzZmZmJTNCJTBBJTIwJTIwJTIwJTIwYmFja2dyb3VuZCUzQSUyMCUyMzJjMmUzZCUzQiUwQSU3RCUwQSUzQSUzQXBsYWNlaG9sZGVyJTdCJTBBJTIwJTIwJTIwJTIwY29sb3IlM0ElMjAlMjNhOGI0YmMlM0IlMEElN0Q=&#8221;][vc_column css=&#8221;.vc_custom_1581927329317{padding-right: 0px !important;padding-left: 0px !important;}&#8221;]<div class=\"clearboth\"><\/div><style>#thegem-divider-69d45706dc85e {margin-top: 80px !important;}<\/style><div id=\"thegem-divider-69d45706dc85e\" class=\"gem-divider  \" style=\"\" ><\/div>[vc_column_text]<div class=\"forminator-ui forminator-custom-form forminator-custom-form-6171 forminator-design--flat  forminator_ajax draft-enabled\" data-forminator-render=\"0\" data-form=\"forminator-module-6171\" data-uid=\"69d45706dc886\"><br\/><\/div><form\n\t\t\t\tid=\"forminator-module-6171\"\n\t\t\t\tclass=\"forminator-ui forminator-custom-form forminator-custom-form-6171 forminator-design--flat  forminator_ajax draft-enabled\"\n\t\t\t\tmethod=\"post\"\n\t\t\t\tdata-forminator-render=\"0\"\n\t\t\t\tdata-form-id=\"6171\"\n\t\t\t\t\n\t\t\t\tdata-design=\"flat\"\n\t\t\t\t\n\t\t\t\t\n\t\t\t\t\n\t\t\t\tdata-grid=\"open\"\n\t\t\t\t\n\t\t\t\t\n\t\t\t\tstyle=\"display: none;\"\n\t\t\t\t\n\t\t\t\tdata-uid=\"69d45706dc886\"\n\t\t\t><div role=\"alert\" aria-live=\"polite\" class=\"forminator-response-message forminator-error\" aria-hidden=\"true\"><\/div><div class=\"forminator-row\"><div id=\"name-1\" class=\"forminator-field-name forminator-col forminator-col-12 \"><div class=\"forminator-row forminator-no-margin\" data-multiple=\"true\"><div class=\"forminator-col forminator-col-md-6\"><div class=\"forminator-field\"><label for=\"forminator-field-first-name-1_69d45706dc886\" class=\"forminator-label\" id=\"forminator-field-first-name-1_69d45706dc886-label\">V\u0101rds <span class=\"forminator-required\">*<\/span><\/label><input type=\"text\" name=\"name-1-first-name\" placeholder=\"\" id=\"forminator-field-first-name-1_69d45706dc886\" class=\"forminator-input\" aria-required=\"true\" data-multi=\"1\" value=\"\" \/><\/div><\/div><\/div><\/div><\/div><div class=\"forminator-row\"><div id=\"email-1\" class=\"forminator-field-email forminator-col forminator-col-12 \"><div class=\"forminator-field\"><label for=\"forminator-field-email-1_69d45706dc886\" class=\"forminator-label\" id=\"forminator-field-email-1_69d45706dc886-label\">Epasta adrese <span class=\"forminator-required\">*<\/span><\/label><input type=\"email\" name=\"email-1\" value=\"\" placeholder=\"\" id=\"forminator-field-email-1_69d45706dc886\" class=\"forminator-input forminator-email--field\" data-required=\"true\" aria-required=\"true\" \/><\/div><\/div><\/div><div class=\"forminator-row\"><div id=\"phone-1\" class=\"forminator-field-phone forminator-col forminator-col-12 \"><div class=\"forminator-field\"><label for=\"forminator-field-phone-1_69d45706dc886\" class=\"forminator-label\" id=\"forminator-field-phone-1_69d45706dc886-label\">Telefona numurs<\/label><input type=\"text\" name=\"phone-1\" value=\"\" placeholder=\"\" id=\"forminator-field-phone-1_69d45706dc886\" class=\"forminator-input forminator-field--phone\" data-required=\"\" aria-required=\"false\" autocomplete=\"off\" data-validation=\"1\" \/><\/div><\/div><\/div><div class=\"forminator-row\"><div id=\"textarea-1\" class=\"forminator-field-textarea forminator-col forminator-col-12 \"><div class=\"forminator-field\"><label for=\"forminator-field-textarea-1_69d45706dc886\" id=\"forminator-field-textarea-1_69d45706dc886-label\" class=\"forminator-label\">Zi\u0146a<\/label><textarea name=\"textarea-1\" placeholder=\"\" id=\"forminator-field-textarea-1_69d45706dc886\" class=\"forminator-textarea\" rows=\"6\" style=\"min-height:140px;\" maxlength=\"1000\" ><\/textarea><span id=\"forminator-field-textarea-1_69d45706dc886-description\" class=\"forminator-description\"><span data-limit=\"1000\" data-type=\"characters\">0 \/ 1000<\/span><\/span><\/div><\/div><\/div><div class=\"forminator-row\"><div id=\"captcha-1\" class=\"forminator-field-captcha forminator-col forminator-col-12 \"><div class=\"forminator-g-recaptcha\" data-theme=\"light\"  data-sitekey=\"6Lfu2TIkAAAAAOTqcLtLVh7UmCDVx73VFojb1oR7\" data-size=\"normal\"><\/div> <\/div><\/div><input type=\"hidden\" name=\"referer_url\" value=\"\" \/><div class=\"forminator-row forminator-row-last\"><div class=\"forminator-col\"><div class=\"forminator-field\"><button class=\"forminator-button forminator-button-submit\">S\u016bt\u012bt<\/button><a href=\"#\" class=\"forminator-save-draft-link disabled\" title=\"Fill in form fields before saving it as a draft\" formnovalidate>Save as Draft<\/a><\/div><\/div><\/div><input type=\"hidden\" id=\"forminator_nonce\" name=\"forminator_nonce\" value=\"f6026fcce2\" \/><input type=\"hidden\" name=\"_wp_http_referer\" value=\"\/lv\/wp-json\/wp\/v2\/pages\/6220\" \/><input type=\"hidden\" name=\"form_id\" value=\"6171\"><input type=\"hidden\" name=\"page_id\" value=\"6220\"><input type=\"hidden\" name=\"form_type\" value=\"default\"><input type=\"hidden\" name=\"current_url\" value=\"https:\/\/waffasports.com\/lv\/klusti-par-talakpardeveju\/\"><input type=\"hidden\" name=\"render_id\" value=\"0\"><input type=\"hidden\" name=\"action\" value=\"forminator_submit_form_custom-forms\"><input type=\"hidden\" name=\"save_draft\" value=\"false\"><\/form>[\/vc_column_text]<div class=\"clearboth\"><\/div><style>#thegem-divider-69d45706e4cb8 {margin-top: 100px !important;}<\/style><div id=\"thegem-divider-69d45706e4cb8\" class=\"gem-divider  \" style=\"\" ><\/div>[\/vc_column][\/vc_row]<\/p>\n<\/section>","protected":false},"excerpt":{"rendered":"<p>[vc_row css=&#8221;.vc_custom_1662150833320{margin-top: -600px !important;margin-bottom: 0px !important;}&#8221; custom_css_code=&#8221;LmxpbmUtc3R5bGUlN0IlMEElMjAlMjAlMjAlMjBwb3NpdGlvbiUzQSUyMHJlbGF0aXZlJTNCJTBBJTIwJTIwJTIwJTIwZGlzcGxheSUzQSUyMGlubGluZS1ibG9jayUzQiUwQSUyMCUyMCUyMCUyMHotaW5kZXglM0ElMjA1JTNCJTBBJTdEJTBBLmxpbmUtc3R5bGUlM0FiZWZvcmUlMjAlN0IlMEElMjAlMjAlMjAlMjBjb250ZW50JTNBJTIwJTI3JTI3JTNCJTBBJTIwJTIwJTIwJTIwcG9zaXRpb24lM0ElMjBhYnNvbHV0ZSUzQiUwQSUyMCUyMCUyMCUyMHRvcCUzQSUyMDIwJTI1JTNCJTBBJTIwJTIwJTIwJTIwbGVmdCUzQSUyMDAlM0IlMEElMjAlMjAlMjAlMjB3aWR0aCUzQSUyMDEwMCUyNSUzQiUwQSUyMCUyMCUyMCUyMGhlaWdodCUzQSUyMDQwJTI1JTNCJTBBJTIwJTIwJTIwJTIwYmFja2dyb3VuZCUzQSUyMCUyM2VlZmY0MSUzQiUwQSUyMCUyMCUyMCUyMHotaW5kZXglM0ElMjAtMSUzQiUwQSU3RA==&#8221;][vc_column][vc_column_text css_animation=&#8221;bottom-to-top&#8221;] Lai piepras\u012btu vair\u0101k inform\u0101cijas, iesniedziet zem\u0101k eso\u0161o veidlapu vai nos\u016btiet mums e-pastu&#8230;<\/p>\n","protected":false},"author":2,"featured_media":0,"parent":0,"menu_order":0,"comment_status":"closed","ping_status":"closed","template":"","meta":{"footnotes":""},"class_list":["post-6220","page","type-page","status-publish"],"yoast_head":"<!-- This site is optimized with the Yoast SEO plugin v20.0 - https:\/\/yoast.com\/wordpress\/plugins\/seo\/ -->\n<title>K\u013c\u016bsti par t\u0101l\u0101kp\u0101rdev\u0113ju - Waffa Sports<\/title>\n<meta name=\"robots\" content=\"index, follow, max-snippet:-1, max-image-preview:large, max-video-preview:-1\" \/>\n<link rel=\"canonical\" href=\"https:\/\/waffasports.com\/lv\/klusti-par-talakpardeveju\/\" \/>\n<meta property=\"og:locale\" content=\"lv_LV\" \/>\n<meta property=\"og:type\" content=\"article\" \/>\n<meta property=\"og:title\" content=\"K\u013c\u016bsti par t\u0101l\u0101kp\u0101rdev\u0113ju - Waffa Sports\" \/>\n<meta property=\"og:description\" content=\"[vc_row css=&#8221;.vc_custom_1662150833320{margin-top: -600px !important;margin-bottom: 0px !important;}&#8221; custom_css_code=&#8221;LmxpbmUtc3R5bGUlN0IlMEElMjAlMjAlMjAlMjBwb3NpdGlvbiUzQSUyMHJlbGF0aXZlJTNCJTBBJTIwJTIwJTIwJTIwZGlzcGxheSUzQSUyMGlubGluZS1ibG9jayUzQiUwQSUyMCUyMCUyMCUyMHotaW5kZXglM0ElMjA1JTNCJTBBJTdEJTBBLmxpbmUtc3R5bGUlM0FiZWZvcmUlMjAlN0IlMEElMjAlMjAlMjAlMjBjb250ZW50JTNBJTIwJTI3JTI3JTNCJTBBJTIwJTIwJTIwJTIwcG9zaXRpb24lM0ElMjBhYnNvbHV0ZSUzQiUwQSUyMCUyMCUyMCUyMHRvcCUzQSUyMDIwJTI1JTNCJTBBJTIwJTIwJTIwJTIwbGVmdCUzQSUyMDAlM0IlMEElMjAlMjAlMjAlMjB3aWR0aCUzQSUyMDEwMCUyNSUzQiUwQSUyMCUyMCUyMCUyMGhlaWdodCUzQSUyMDQwJTI1JTNCJTBBJTIwJTIwJTIwJTIwYmFja2dyb3VuZCUzQSUyMCUyM2VlZmY0MSUzQiUwQSUyMCUyMCUyMCUyMHotaW5kZXglM0ElMjAtMSUzQiUwQSU3RA==&#8221;][vc_column][vc_column_text css_animation=&#8221;bottom-to-top&#8221;] Lai piepras\u012btu vair\u0101k inform\u0101cijas, iesniedziet zem\u0101k eso\u0161o veidlapu vai nos\u016btiet mums e-pastu...\" \/>\n<meta property=\"og:url\" content=\"https:\/\/waffasports.com\/lv\/klusti-par-talakpardeveju\/\" \/>\n<meta property=\"og:site_name\" content=\"Waffa Sports\" \/>\n<meta property=\"article:publisher\" content=\"https:\/\/www.facebook.com\/waffasports\" \/>\n<meta property=\"article:modified_time\" content=\"2023-04-15T11:23:56+00:00\" \/>\n<meta name=\"twitter:card\" content=\"summary_large_image\" \/>\n<meta name=\"twitter:label1\" content=\"Est. reading time\" \/>\n\t<meta name=\"twitter:data1\" content=\"1 minute\" \/>\n<script type=\"application\/ld+json\" class=\"yoast-schema-graph\">{\"@context\":\"https:\/\/schema.org\",\"@graph\":[{\"@type\":\"WebPage\",\"@id\":\"https:\/\/waffasports.com\/lv\/klusti-par-talakpardeveju\/\",\"url\":\"https:\/\/waffasports.com\/lv\/klusti-par-talakpardeveju\/\",\"name\":\"K\u013c\u016bsti par t\u0101l\u0101kp\u0101rdev\u0113ju - Waffa Sports\",\"isPartOf\":{\"@id\":\"https:\/\/waffasports.com\/#website\"},\"datePublished\":\"2022-06-26T09:51:37+00:00\",\"dateModified\":\"2023-04-15T11:23:56+00:00\",\"breadcrumb\":{\"@id\":\"https:\/\/waffasports.com\/lv\/klusti-par-talakpardeveju\/#breadcrumb\"},\"inLanguage\":\"lv-LV\",\"potentialAction\":[{\"@type\":\"ReadAction\",\"target\":[\"https:\/\/waffasports.com\/lv\/klusti-par-talakpardeveju\/\"]}]},{\"@type\":\"BreadcrumbList\",\"@id\":\"https:\/\/waffasports.com\/lv\/klusti-par-talakpardeveju\/#breadcrumb\",\"itemListElement\":[{\"@type\":\"ListItem\",\"position\":1,\"name\":\"Home\",\"item\":\"https:\/\/waffasports.com\/lv\/\"},{\"@type\":\"ListItem\",\"position\":2,\"name\":\"K\u013c\u016bsti par t\u0101l\u0101kp\u0101rdev\u0113ju\"}]},{\"@type\":\"WebSite\",\"@id\":\"https:\/\/waffasports.com\/#website\",\"url\":\"https:\/\/waffasports.com\/\",\"name\":\"Waffa Sports\",\"description\":\"Outdoor gym\",\"publisher\":{\"@id\":\"https:\/\/waffasports.com\/#organization\"},\"potentialAction\":[{\"@type\":\"SearchAction\",\"target\":{\"@type\":\"EntryPoint\",\"urlTemplate\":\"https:\/\/waffasports.com\/?s={search_term_string}\"},\"query-input\":\"required name=search_term_string\"}],\"inLanguage\":\"lv-LV\"},{\"@type\":\"Organization\",\"@id\":\"https:\/\/waffasports.com\/#organization\",\"name\":\"Waffa Sports\",\"url\":\"https:\/\/waffasports.com\/\",\"logo\":{\"@type\":\"ImageObject\",\"inLanguage\":\"lv-LV\",\"@id\":\"https:\/\/waffasports.com\/#\/schema\/logo\/image\/\",\"url\":\"https:\/\/waffasports.com\/wp-content\/uploads\/2022\/01\/Waffa-sports.svg\",\"contentUrl\":\"https:\/\/waffasports.com\/wp-content\/uploads\/2022\/01\/Waffa-sports.svg\",\"caption\":\"Waffa Sports\"},\"image\":{\"@id\":\"https:\/\/waffasports.com\/#\/schema\/logo\/image\/\"},\"sameAs\":[\"https:\/\/www.instagram.com\/waffasports\/\",\"https:\/\/www.facebook.com\/waffasports\"]}]}<\/script>\n<!-- \/ Yoast SEO plugin. -->","yoast_head_json":{"title":"K\u013c\u016bsti par t\u0101l\u0101kp\u0101rdev\u0113ju - Waffa Sports","robots":{"index":"index","follow":"follow","max-snippet":"max-snippet:-1","max-image-preview":"max-image-preview:large","max-video-preview":"max-video-preview:-1"},"canonical":"https:\/\/waffasports.com\/lv\/klusti-par-talakpardeveju\/","og_locale":"lv_LV","og_type":"article","og_title":"K\u013c\u016bsti par t\u0101l\u0101kp\u0101rdev\u0113ju - Waffa Sports","og_description":"[vc_row css=&#8221;.vc_custom_1662150833320{margin-top: -600px !important;margin-bottom: 0px !important;}&#8221; custom_css_code=&#8221;LmxpbmUtc3R5bGUlN0IlMEElMjAlMjAlMjAlMjBwb3NpdGlvbiUzQSUyMHJlbGF0aXZlJTNCJTBBJTIwJTIwJTIwJTIwZGlzcGxheSUzQSUyMGlubGluZS1ibG9jayUzQiUwQSUyMCUyMCUyMCUyMHotaW5kZXglM0ElMjA1JTNCJTBBJTdEJTBBLmxpbmUtc3R5bGUlM0FiZWZvcmUlMjAlN0IlMEElMjAlMjAlMjAlMjBjb250ZW50JTNBJTIwJTI3JTI3JTNCJTBBJTIwJTIwJTIwJTIwcG9zaXRpb24lM0ElMjBhYnNvbHV0ZSUzQiUwQSUyMCUyMCUyMCUyMHRvcCUzQSUyMDIwJTI1JTNCJTBBJTIwJTIwJTIwJTIwbGVmdCUzQSUyMDAlM0IlMEElMjAlMjAlMjAlMjB3aWR0aCUzQSUyMDEwMCUyNSUzQiUwQSUyMCUyMCUyMCUyMGhlaWdodCUzQSUyMDQwJTI1JTNCJTBBJTIwJTIwJTIwJTIwYmFja2dyb3VuZCUzQSUyMCUyM2VlZmY0MSUzQiUwQSUyMCUyMCUyMCUyMHotaW5kZXglM0ElMjAtMSUzQiUwQSU3RA==&#8221;][vc_column][vc_column_text css_animation=&#8221;bottom-to-top&#8221;] Lai piepras\u012btu vair\u0101k inform\u0101cijas, iesniedziet zem\u0101k eso\u0161o veidlapu vai nos\u016btiet mums e-pastu...","og_url":"https:\/\/waffasports.com\/lv\/klusti-par-talakpardeveju\/","og_site_name":"Waffa Sports","article_publisher":"https:\/\/www.facebook.com\/waffasports","article_modified_time":"2023-04-15T11:23:56+00:00","twitter_card":"summary_large_image","twitter_misc":{"Est. reading time":"1 minute"},"schema":{"@context":"https:\/\/schema.org","@graph":[{"@type":"WebPage","@id":"https:\/\/waffasports.com\/lv\/klusti-par-talakpardeveju\/","url":"https:\/\/waffasports.com\/lv\/klusti-par-talakpardeveju\/","name":"K\u013c\u016bsti par t\u0101l\u0101kp\u0101rdev\u0113ju - Waffa Sports","isPartOf":{"@id":"https:\/\/waffasports.com\/#website"},"datePublished":"2022-06-26T09:51:37+00:00","dateModified":"2023-04-15T11:23:56+00:00","breadcrumb":{"@id":"https:\/\/waffasports.com\/lv\/klusti-par-talakpardeveju\/#breadcrumb"},"inLanguage":"lv-LV","potentialAction":[{"@type":"ReadAction","target":["https:\/\/waffasports.com\/lv\/klusti-par-talakpardeveju\/"]}]},{"@type":"BreadcrumbList","@id":"https:\/\/waffasports.com\/lv\/klusti-par-talakpardeveju\/#breadcrumb","itemListElement":[{"@type":"ListItem","position":1,"name":"Home","item":"https:\/\/waffasports.com\/lv\/"},{"@type":"ListItem","position":2,"name":"K\u013c\u016bsti par t\u0101l\u0101kp\u0101rdev\u0113ju"}]},{"@type":"WebSite","@id":"https:\/\/waffasports.com\/#website","url":"https:\/\/waffasports.com\/","name":"Waffa Sports","description":"Outdoor gym","publisher":{"@id":"https:\/\/waffasports.com\/#organization"},"potentialAction":[{"@type":"SearchAction","target":{"@type":"EntryPoint","urlTemplate":"https:\/\/waffasports.com\/?s={search_term_string}"},"query-input":"required name=search_term_string"}],"inLanguage":"lv-LV"},{"@type":"Organization","@id":"https:\/\/waffasports.com\/#organization","name":"Waffa Sports","url":"https:\/\/waffasports.com\/","logo":{"@type":"ImageObject","inLanguage":"lv-LV","@id":"https:\/\/waffasports.com\/#\/schema\/logo\/image\/","url":"https:\/\/waffasports.com\/wp-content\/uploads\/2022\/01\/Waffa-sports.svg","contentUrl":"https:\/\/waffasports.com\/wp-content\/uploads\/2022\/01\/Waffa-sports.svg","caption":"Waffa Sports"},"image":{"@id":"https:\/\/waffasports.com\/#\/schema\/logo\/image\/"},"sameAs":["https:\/\/www.instagram.com\/waffasports\/","https:\/\/www.facebook.com\/waffasports"]}]}},"_links":{"self":[{"href":"https:\/\/waffasports.com\/lv\/wp-json\/wp\/v2\/pages\/6220","targetHints":{"allow":["GET"]}}],"collection":[{"href":"https:\/\/waffasports.com\/lv\/wp-json\/wp\/v2\/pages"}],"about":[{"href":"https:\/\/waffasports.com\/lv\/wp-json\/wp\/v2\/types\/page"}],"author":[{"embeddable":true,"href":"https:\/\/waffasports.com\/lv\/wp-json\/wp\/v2\/users\/2"}],"replies":[{"embeddable":true,"href":"https:\/\/waffasports.com\/lv\/wp-json\/wp\/v2\/comments?post=6220"}],"version-history":[{"count":5,"href":"https:\/\/waffasports.com\/lv\/wp-json\/wp\/v2\/pages\/6220\/revisions"}],"predecessor-version":[{"id":6291,"href":"https:\/\/waffasports.com\/lv\/wp-json\/wp\/v2\/pages\/6220\/revisions\/6291"}],"wp:attachment":[{"href":"https:\/\/waffasports.com\/lv\/wp-json\/wp\/v2\/media?parent=6220"}],"curies":[{"name":"wp","href":"https:\/\/api.w.org\/{rel}","templated":true}]}}