{"id":6186,"date":"2020-12-28T07:29:01","date_gmt":"2020-12-28T07:29:01","guid":{"rendered":"https:\/\/waffasports.com\/no-mums\/"},"modified":"2026-03-05T16:20:49","modified_gmt":"2026-03-05T16:20:49","slug":"no-mums","status":"publish","type":"page","link":"https:\/\/waffasports.com\/lv\/no-mums\/","title":{"rendered":"No mums"},"content":{"rendered":"<section class=\"wpb-content-wrapper\"><p>[vc_row css=&#8221;.vc_custom_1758661078074{margin-top: -480px !important;}&#8221;][vc_column width=&#8221;1\/2&#8243;][vc_single_image image=&#8221;7598&#8243; img_size=&#8221;large&#8221; alignment=&#8221;center&#8221; onclick=&#8221;link_image&#8221;][\/vc_column][vc_column width=&#8221;1\/2&#8243;][vc_column_text]<\/p>\n<div class=\"title-h3\">St\u0101sts<\/div>\n<p>[\/vc_column_text][vc_column_text]<\/p>\n<p class=\"p1\">Waffa z\u012bmola nosaukums ir c\u0113lies no somu valodas v\u0101rda <i>&#8220;vahva&#8221;<\/i>, kas noz\u012bm\u0113 <i>sp\u0113c\u012bgs<\/i>. S\u0101kotn\u0113j\u0101 produkta ideja rad\u0101s Somij\u0101, iedvesmojoties no sp\u0113ka un iztur\u012bbas koncepcijas. V\u0113l\u0101k ideja tika att\u012bst\u012bta un \u012bstenota Igaunij\u0101, kur tagad notiek projekt\u0113\u0161ana, ra\u017eo\u0161ana un mont\u0101\u017ea. \u0160is unik\u0101lais izcelsmes st\u0101sts apvieno somu iedvesmu un igau\u0146u amatniec\u012bbas prasmes, veidojot Waffa par z\u012bmolu, kas simboliz\u0113 iztur\u012bbu, kvalit\u0101ti un veiktsp\u0113ju.   <\/p>\n<p>[\/vc_column_text][\/vc_column][\/vc_row][vc_row full_width=&#8221;stretch_row_content&#8221; equal_height=&#8221;yes&#8221; content_placement=&#8221;middle&#8221; css=&#8221;.vc_custom_1586773203335{margin-bottom: 0px !important;}&#8221;][vc_column width=&#8221;1\/2&#8243; disable_custom_paddings_tablet=&#8221;true&#8221; disable_custom_paddings_mobile=&#8221;true&#8221; css=&#8221;.vc_custom_1758661979218{margin-top: 0px !important;margin-bottom: 0px !important;padding-top: 0px !important;padding-right: 100px !important;padding-bottom: 0px !important;padding-left: 100px !important;}&#8221;]<div class=\"clearboth\"><\/div><style>#thegem-divider-69d440e609dcd {margin-top: 100px !important;}<\/style><div id=\"thegem-divider-69d440e609dcd\" class=\"gem-divider  divider-hidden\" style=\"\" ><\/div>[vc_column_text]<\/p>\n<div class=\"title-h3\">Ra\u017eo\u0161ana<\/div>\n<p>[\/vc_column_text][vc_column_text]<\/p>\n<p class=\"p1\">Waffa Sports lepojas ar to, ka visus savus produktus projekt\u0113, izstr\u0101d\u0101 un ra\u017eo sav\u0101 modern\u0101 ra\u017eotn\u0113. Katrs posms &#8211; no s\u0101kotn\u0113j\u0101s idejas l\u012bdz gal\u012bgajai mont\u0101\u017eai &#8211; tiek veikts zem viena jumta, lai nodro\u0161in\u0101tu augst\u0101ko kvalit\u0101ti un precizit\u0101ti. M\u016bsu ra\u017eotne atspogu\u013co m\u016bsu ap\u0146em\u0161anos nodro\u0161in\u0101t inov\u0101cijas, veiktsp\u0113ju un uzticam\u012bbu. Saglab\u0101jot visu procesu viet\u0113j\u0101 l\u012bmen\u012b, m\u0113s piln\u012bb\u0101 kontrol\u0113jam materi\u0101lus, meistar\u012bbu un ilgtsp\u0113ju. Tie\u0161i \u0161eit Waffa Sports produkti ir rad\u012bti, lai tie darbotos un kalpotu ilgi.    <\/p>\n<p>[\/vc_column_text]<div class=\"clearboth\"><\/div><style>#thegem-divider-69d440e609e17 {margin-top: 80px !important;}<\/style><div id=\"thegem-divider-69d440e609e17\" class=\"gem-divider  \" style=\"\" ><\/div>[\/vc_column][vc_column width=&#8221;1\/2&#8243; css=&#8221;.vc_custom_1769701363700{margin-top: 0px !important;margin-bottom: 0px !important;padding-top: 0px !important;padding-bottom: 0px !important;background-image: url(https:\/\/waffasports.com\/wp-content\/uploads\/2026\/01\/image-5-2-1.jpg?id=8234) !important;background-position: center !important;background-repeat: no-repeat !important;background-size: cover !important;}&#8221;]<div class=\"clearboth\"><\/div><style>#thegem-divider-69d440e609e43 {margin-top: 500px !important;}<\/style><div id=\"thegem-divider-69d440e609e43\" class=\"gem-divider  \" style=\"\" ><\/div>[\/vc_column][\/vc_row][vc_row full_width=&#8221;stretch_row_content&#8221; equal_height=&#8221;yes&#8221; css=&#8221;.vc_custom_1548607481443{margin-bottom: 0px !important;}&#8221;][vc_column width=&#8221;1\/2&#8243; css=&#8221;.vc_custom_1758661812139{background-image: url(https:\/\/waffasports.com\/wp-content\/uploads\/2025\/08\/waffa-senior-kontula-1-1.jpg?id=7333) !important;background-position: center !important;background-repeat: no-repeat !important;background-size: cover !important;}&#8221;]<div class=\"clearboth\"><\/div><style>#thegem-divider-69d440e609e6d {margin-top: 500px !important;}<\/style><div id=\"thegem-divider-69d440e609e6d\" class=\"gem-divider  \" style=\"\" ><\/div>[\/vc_column][vc_column width=&#8221;1\/2&#8243; disable_custom_paddings_tablet=&#8221;true&#8221; disable_custom_paddings_mobile=&#8221;true&#8221; css=&#8221;.vc_custom_1758661843323{margin-top: 0px !important;margin-bottom: 0px !important;padding-top: 0px !important;padding-right: 100px !important;padding-bottom: 0px !important;padding-left: 100px !important;}&#8221;]<div class=\"clearboth\"><\/div><style>#thegem-divider-69d440e609e96 {margin-top: 80px !important;}<\/style><div id=\"thegem-divider-69d440e609e96\" class=\"gem-divider  divider-hidden\" style=\"\" ><\/div>[vc_column_text]<\/p>\n<div class=\"title-h3\">WAFFA VEC\u0100K\u0100 L\u012aNIJA<\/div>\n<p>[\/vc_column_text][vc_column_text]<\/p>\n<p class=\"p1\">Waffa Senior l\u012bnija ir \u012bpa\u0161i izstr\u0101d\u0101ta gados vec\u0101kiem lietot\u0101jiem, kas augstu v\u0113rt\u0113 vesel\u012bbu un labsaj\u016btu. Apr\u012bkojums ir viegli lietojams un izstr\u0101d\u0101ts, \u0146emot v\u0113r\u0101 pareizo biomeh\u0101niku optim\u0101lu rezult\u0101tu sasnieg\u0161anai. Atbalstot dro\u0161us vingrin\u0101jumus, Senior l\u012bnija pal\u012bdz uztur\u0113t sp\u0113ku un mobilit\u0101ti vec\u0101ka gadag\u0101juma cilv\u0113kiem. Regul\u0101ra lieto\u0161ana veicina ar\u012b vesel\u012bg\u0101ku dz\u012bvesveidu un var pal\u012bdz\u0113t samazin\u0101t vesel\u012bbas apr\u016bpes izmaksas, veicinot labu pa\u0161saj\u016btu un nov\u0113r\u0161ot pasliktin\u0101\u0161anos. Ar Waffa Senior akt\u012bv\u0101 dz\u012bvesveids k\u013c\u016bst par ilgtsp\u0113j\u012bgu un pat\u012bkamu ikdienas dz\u012bves sast\u0101vda\u013cu.    <\/p>\n<p>[\/vc_column_text]<style type=\"text\/css\">.thegem-button-69d440e609f2c5679.lazy-loading-before-start-animation .lazy-loading-item {opacity: 0;} body.thegem-effects-disabled .thegem-button-69d440e609f2c5679.lazy-loading-before-start-animation .lazy-loading-item {opacity: 1;}<\/style><div class=\"gem-button-container gem-button-position-inline thegem-button-69d440e609f2c5679     lazy-loading lazy-loading-before-start-animation\"  ><a class=\"gem-button gem-button-size-medium gem-button-style-outline gem-button-text-weight-normal gem-button-border-2 lazy-loading-item\" data-ll-effect=\"drop-right-without-wrap\" style=\"border-radius: 50px;border-color: #0072bc;color: #0072bc;\" onmouseleave=\"this.style.borderColor='#0072bc';this.style.backgroundColor='transparent';this.style.color='#0072bc';\" onmouseenter=\"this.style.borderColor='#0072bc';this.style.backgroundColor='#0072bc';this.style.color='#ffffff';\" href=\"https:\/\/waffasports.com\/waffa\/waffa-senior-line\/\" target=\"_self\">Products<\/a><\/div> <div class=\"clearboth\"><\/div><style>#thegem-divider-69d440e609f6d {margin-top: 80px !important;}<\/style><div id=\"thegem-divider-69d440e609f6d\" class=\"gem-divider  \" style=\"\" ><\/div>[\/vc_column][\/vc_row][vc_row full_width=&#8221;stretch_row_content&#8221; equal_height=&#8221;yes&#8221; content_placement=&#8221;middle&#8221; css=&#8221;.vc_custom_1586773203335{margin-bottom: 0px !important;}&#8221;][vc_column width=&#8221;1\/2&#8243; disable_custom_paddings_tablet=&#8221;true&#8221; disable_custom_paddings_mobile=&#8221;true&#8221; css=&#8221;.vc_custom_1758661979218{margin-top: 0px !important;margin-bottom: 0px !important;padding-top: 0px !important;padding-right: 100px !important;padding-bottom: 0px !important;padding-left: 100px !important;}&#8221;]<div class=\"clearboth\"><\/div><style>#thegem-divider-69d440e609f97 {margin-top: 100px !important;}<\/style><div id=\"thegem-divider-69d440e609f97\" class=\"gem-divider  divider-hidden\" style=\"\" ><\/div>[vc_column_text]<\/p>\n<div class=\"title-h3\">WAFFA JUNIORU L\u012aNIJA<\/div>\n<p>[\/vc_column_text][vc_column_text]<\/p>\n<p class=\"p1\">Waffa Junior l\u012bnija ir \u012bpa\u0161i izstr\u0101d\u0101ta b\u0113rniem l\u012bdz 140 cm augstumam vai l\u012bdz 14 gadu vecumam. Katrs izstr\u0101d\u0101jums ir r\u016bp\u012bgi izstr\u0101d\u0101ts, iev\u0113rojot tos pa\u0161us kvalit\u0101tes standartus, kas attiecas uz senioru l\u012bniju, ta\u010du piel\u0101gots augo\u0161u b\u0113rnu vajadz\u012bb\u0101m. Junior l\u012bnijas pamat\u0101 ir komforts, dro\u0161\u012bba un iztur\u012bba, kas nodro\u0161ina, ka b\u0113rni var sportot, pareizi piel\u0101gojoties un izmantojot atbalstu. Ar Waffa Junior m\u0113s v\u0113lamies iedvesmot jauno paaudzi sp\u0113l\u0113t, tren\u0113ties un att\u012bst\u012bt savu aizrau\u0161anos ar sportu jau no agra vecuma, vienlaikus att\u012bstot ar\u012b soci\u0101l\u0101s prasmes.   <\/p>\n<p>[\/vc_column_text]<div class=\"clearboth\"><\/div><style>#thegem-divider-69d440e609fbe {margin-top: 50px !important;}<\/style><div id=\"thegem-divider-69d440e609fbe\" class=\"gem-divider  \" style=\"\" ><\/div><style type=\"text\/css\">.thegem-button-69d440e60a01b8401.lazy-loading-before-start-animation .lazy-loading-item {opacity: 0;} body.thegem-effects-disabled .thegem-button-69d440e60a01b8401.lazy-loading-before-start-animation .lazy-loading-item {opacity: 1;}<\/style><div class=\"gem-button-container gem-button-position-inline thegem-button-69d440e60a01b8401     lazy-loading lazy-loading-before-start-animation\"  ><a class=\"gem-button gem-button-size-medium gem-button-style-outline gem-button-text-weight-normal gem-button-border-2 lazy-loading-item\" data-ll-effect=\"drop-right-without-wrap\" style=\"border-radius: 50px;border-color: #0072bc;color: #0072bc;\" onmouseleave=\"this.style.borderColor='#0072bc';this.style.backgroundColor='transparent';this.style.color='#0072bc';\" onmouseenter=\"this.style.borderColor='#0072bc';this.style.backgroundColor='#0072bc';this.style.color='#ffffff';\" href=\"https:\/\/waffasports.com\/waffa\/waffa-junior-line\/\" target=\"_self\">Products<\/a><\/div> <div class=\"clearboth\"><\/div><style>#thegem-divider-69d440e60a04f {margin-top: 80px !important;}<\/style><div id=\"thegem-divider-69d440e60a04f\" class=\"gem-divider  \" style=\"\" ><\/div>[\/vc_column][vc_column width=&#8221;1\/2&#8243; css=&#8221;.vc_custom_1758661381819{margin-top: 0px !important;margin-bottom: 0px !important;padding-top: 0px !important;padding-bottom: 0px !important;background-image: url(https:\/\/waffasports.com\/wp-content\/uploads\/2025\/08\/kontula-ulkonkuntasali-junior-line-1-1.jpg?id=7338) !important;background-position: center !important;background-repeat: no-repeat !important;background-size: cover !important;}&#8221;]<div class=\"clearboth\"><\/div><style>#thegem-divider-69d440e60a076 {margin-top: 500px !important;}<\/style><div id=\"thegem-divider-69d440e60a076\" class=\"gem-divider  \" style=\"\" ><\/div>[\/vc_column][\/vc_row][vc_row full_width=&#8221;stretch_row&#8221; css=&#8221;.vc_custom_1586773060548{margin-bottom: 0px !important;background-color: #ffffff !important;background-position: center !important;background-repeat: no-repeat !important;background-size: cover !important;}&#8221;][vc_column]<div class=\"clearboth\"><\/div><style>#thegem-divider-69d440e60a09b {margin-top: 80px !important;}<\/style><div id=\"thegem-divider-69d440e60a09b\" class=\"gem-divider  \" style=\"\" ><\/div>[vc_column_text]<\/p>\n<div class=\"title-h4\" style=\"text-align: center;\"><span style=\"color: #5f727f; letter-spacing: 2px;\">Pievienojieties m\u016bsu sportiskajai komandai.  <\/span><\/div>\n<p>[\/vc_column_text]<div class=\"clearboth\"><\/div><style>#thegem-divider-69d440e60a0bf {margin-top: 35px !important;}<\/style><div id=\"thegem-divider-69d440e60a0bf\" class=\"gem-divider  \" style=\"\" ><\/div>[vc_column_text]<\/p>\n<div style=\"text-align: center;\">\n<div class=\"title-h4\" style=\"display: inline-block; vertical-align: middle; margin: 0; color: #5f727f; font-size: 50px; line-height: 110px; padding-right: 17px;\"><span style=\"color: #5f727f;\">K\u013c\u016bt par<\/span><\/div>\n<div style=\"display: inline-block; vertical-align: middle; border: 7px solid #0072BC; padding: 5px 5px;\">\n<div class=\"title-h4\" style=\"display: inline-block; margin: 0; vertical-align: middle; font-size: 65px; line-height: 65px;\"><span style=\"color: #0072bc;\">K\u013c\u016bt par<br \/> t\u0101l\u0101kp\u0101rdev\u0113ju<\/span><\/div>\n<\/div>\n<\/div>\n<p>[\/vc_column_text]<div class=\"clearboth\"><\/div><style>#thegem-divider-69d440e60a0e3 {margin-top: 50px !important;}<\/style><div id=\"thegem-divider-69d440e60a0e3\" class=\"gem-divider  \" style=\"\" ><\/div><div class=\"gem-button-container gem-button-position-center thegem-button-69d440e60a1393891    \"  ><a title=\"Become a Reseller\" class=\"gem-button gem-button-size-medium gem-button-style-outline gem-button-text-weight-normal gem-button-border-2\" data-ll-effect=\"drop-right-without-wrap\" style=\"border-radius: 50px;border-color: #0072bc;color: #0072bc;\" onmouseleave=\"this.style.borderColor='#0072bc';this.style.backgroundColor='transparent';this.style.color='#0072bc';\" onmouseenter=\"this.style.backgroundColor='#0072bc';this.style.color='#ffffff';\" href=\"https:\/\/waffasports.com\/become-a-reseller\/\" target=\"_blank\">Contact Us<\/a><\/div> <div class=\"clearboth\"><\/div><style>#thegem-divider-69d440e60a16a {margin-top: 100px !important;}<\/style><div id=\"thegem-divider-69d440e60a16a\" class=\"gem-divider  \" style=\"\" ><\/div>[\/vc_column][\/vc_row]<\/p>\n<\/section>","protected":false},"excerpt":{"rendered":"<p>[vc_row css=&#8221;.vc_custom_1758661078074{margin-top: -480px !important;}&#8221;][vc_column width=&#8221;1\/2&#8243;][vc_single_image image=&#8221;7598&#8243; img_size=&#8221;large&#8221; alignment=&#8221;center&#8221; onclick=&#8221;link_image&#8221;][\/vc_column][vc_column width=&#8221;1\/2&#8243;][vc_column_text] St\u0101sts [\/vc_column_text][vc_column_text] Waffa z\u012bmola nosaukums ir c\u0113lies no somu valodas&#8230;<\/p>\n","protected":false},"author":1,"featured_media":0,"parent":0,"menu_order":1,"comment_status":"closed","ping_status":"closed","template":"","meta":{"footnotes":""},"class_list":["post-6186","page","type-page","status-publish"],"yoast_head":"<!-- This site is optimized with the Yoast SEO plugin v20.0 - https:\/\/yoast.com\/wordpress\/plugins\/seo\/ -->\n<title>No mums - Waffa Sports<\/title>\n<meta name=\"robots\" content=\"index, follow, max-snippet:-1, max-image-preview:large, max-video-preview:-1\" \/>\n<link rel=\"canonical\" href=\"https:\/\/waffasports.com\/lv\/no-mums\/\" \/>\n<meta property=\"og:locale\" content=\"lv_LV\" \/>\n<meta property=\"og:type\" content=\"article\" \/>\n<meta property=\"og:title\" content=\"No mums - Waffa Sports\" \/>\n<meta property=\"og:description\" content=\"[vc_row css=&#8221;.vc_custom_1758661078074{margin-top: -480px !important;}&#8221;][vc_column width=&#8221;1\/2&#8243;][vc_single_image image=&#8221;7598&#8243; img_size=&#8221;large&#8221; alignment=&#8221;center&#8221; onclick=&#8221;link_image&#8221;][\/vc_column][vc_column width=&#8221;1\/2&#8243;][vc_column_text] St\u0101sts [\/vc_column_text][vc_column_text] Waffa z\u012bmola nosaukums ir c\u0113lies no somu valodas...\" \/>\n<meta property=\"og:url\" content=\"https:\/\/waffasports.com\/lv\/no-mums\/\" \/>\n<meta property=\"og:site_name\" content=\"Waffa Sports\" \/>\n<meta property=\"article:publisher\" content=\"https:\/\/www.facebook.com\/waffasports\" \/>\n<meta property=\"article:modified_time\" content=\"2026-03-05T16:20:49+00:00\" \/>\n<meta name=\"twitter:card\" content=\"summary_large_image\" \/>\n<meta name=\"twitter:label1\" content=\"Est. reading time\" \/>\n\t<meta name=\"twitter:data1\" content=\"5 minutes\" \/>\n<script type=\"application\/ld+json\" class=\"yoast-schema-graph\">{\"@context\":\"https:\/\/schema.org\",\"@graph\":[{\"@type\":\"WebPage\",\"@id\":\"https:\/\/waffasports.com\/lv\/no-mums\/\",\"url\":\"https:\/\/waffasports.com\/lv\/no-mums\/\",\"name\":\"No mums - Waffa Sports\",\"isPartOf\":{\"@id\":\"https:\/\/waffasports.com\/#website\"},\"datePublished\":\"2020-12-28T07:29:01+00:00\",\"dateModified\":\"2026-03-05T16:20:49+00:00\",\"breadcrumb\":{\"@id\":\"https:\/\/waffasports.com\/lv\/no-mums\/#breadcrumb\"},\"inLanguage\":\"lv-LV\",\"potentialAction\":[{\"@type\":\"ReadAction\",\"target\":[\"https:\/\/waffasports.com\/lv\/no-mums\/\"]}]},{\"@type\":\"BreadcrumbList\",\"@id\":\"https:\/\/waffasports.com\/lv\/no-mums\/#breadcrumb\",\"itemListElement\":[{\"@type\":\"ListItem\",\"position\":1,\"name\":\"Home\",\"item\":\"https:\/\/waffasports.com\/lv\/\"},{\"@type\":\"ListItem\",\"position\":2,\"name\":\"No mums\"}]},{\"@type\":\"WebSite\",\"@id\":\"https:\/\/waffasports.com\/#website\",\"url\":\"https:\/\/waffasports.com\/\",\"name\":\"Waffa Sports\",\"description\":\"Outdoor gym\",\"publisher\":{\"@id\":\"https:\/\/waffasports.com\/#organization\"},\"potentialAction\":[{\"@type\":\"SearchAction\",\"target\":{\"@type\":\"EntryPoint\",\"urlTemplate\":\"https:\/\/waffasports.com\/?s={search_term_string}\"},\"query-input\":\"required name=search_term_string\"}],\"inLanguage\":\"lv-LV\"},{\"@type\":\"Organization\",\"@id\":\"https:\/\/waffasports.com\/#organization\",\"name\":\"Waffa Sports\",\"url\":\"https:\/\/waffasports.com\/\",\"logo\":{\"@type\":\"ImageObject\",\"inLanguage\":\"lv-LV\",\"@id\":\"https:\/\/waffasports.com\/#\/schema\/logo\/image\/\",\"url\":\"https:\/\/waffasports.com\/wp-content\/uploads\/2022\/01\/Waffa-sports.svg\",\"contentUrl\":\"https:\/\/waffasports.com\/wp-content\/uploads\/2022\/01\/Waffa-sports.svg\",\"caption\":\"Waffa Sports\"},\"image\":{\"@id\":\"https:\/\/waffasports.com\/#\/schema\/logo\/image\/\"},\"sameAs\":[\"https:\/\/www.instagram.com\/waffasports\/\",\"https:\/\/www.facebook.com\/waffasports\"]}]}<\/script>\n<!-- \/ Yoast SEO plugin. -->","yoast_head_json":{"title":"No mums - Waffa Sports","robots":{"index":"index","follow":"follow","max-snippet":"max-snippet:-1","max-image-preview":"max-image-preview:large","max-video-preview":"max-video-preview:-1"},"canonical":"https:\/\/waffasports.com\/lv\/no-mums\/","og_locale":"lv_LV","og_type":"article","og_title":"No mums - Waffa Sports","og_description":"[vc_row css=&#8221;.vc_custom_1758661078074{margin-top: -480px !important;}&#8221;][vc_column width=&#8221;1\/2&#8243;][vc_single_image image=&#8221;7598&#8243; img_size=&#8221;large&#8221; alignment=&#8221;center&#8221; onclick=&#8221;link_image&#8221;][\/vc_column][vc_column width=&#8221;1\/2&#8243;][vc_column_text] St\u0101sts [\/vc_column_text][vc_column_text] Waffa z\u012bmola nosaukums ir c\u0113lies no somu valodas...","og_url":"https:\/\/waffasports.com\/lv\/no-mums\/","og_site_name":"Waffa Sports","article_publisher":"https:\/\/www.facebook.com\/waffasports","article_modified_time":"2026-03-05T16:20:49+00:00","twitter_card":"summary_large_image","twitter_misc":{"Est. reading time":"5 minutes"},"schema":{"@context":"https:\/\/schema.org","@graph":[{"@type":"WebPage","@id":"https:\/\/waffasports.com\/lv\/no-mums\/","url":"https:\/\/waffasports.com\/lv\/no-mums\/","name":"No mums - Waffa Sports","isPartOf":{"@id":"https:\/\/waffasports.com\/#website"},"datePublished":"2020-12-28T07:29:01+00:00","dateModified":"2026-03-05T16:20:49+00:00","breadcrumb":{"@id":"https:\/\/waffasports.com\/lv\/no-mums\/#breadcrumb"},"inLanguage":"lv-LV","potentialAction":[{"@type":"ReadAction","target":["https:\/\/waffasports.com\/lv\/no-mums\/"]}]},{"@type":"BreadcrumbList","@id":"https:\/\/waffasports.com\/lv\/no-mums\/#breadcrumb","itemListElement":[{"@type":"ListItem","position":1,"name":"Home","item":"https:\/\/waffasports.com\/lv\/"},{"@type":"ListItem","position":2,"name":"No mums"}]},{"@type":"WebSite","@id":"https:\/\/waffasports.com\/#website","url":"https:\/\/waffasports.com\/","name":"Waffa Sports","description":"Outdoor gym","publisher":{"@id":"https:\/\/waffasports.com\/#organization"},"potentialAction":[{"@type":"SearchAction","target":{"@type":"EntryPoint","urlTemplate":"https:\/\/waffasports.com\/?s={search_term_string}"},"query-input":"required name=search_term_string"}],"inLanguage":"lv-LV"},{"@type":"Organization","@id":"https:\/\/waffasports.com\/#organization","name":"Waffa Sports","url":"https:\/\/waffasports.com\/","logo":{"@type":"ImageObject","inLanguage":"lv-LV","@id":"https:\/\/waffasports.com\/#\/schema\/logo\/image\/","url":"https:\/\/waffasports.com\/wp-content\/uploads\/2022\/01\/Waffa-sports.svg","contentUrl":"https:\/\/waffasports.com\/wp-content\/uploads\/2022\/01\/Waffa-sports.svg","caption":"Waffa Sports"},"image":{"@id":"https:\/\/waffasports.com\/#\/schema\/logo\/image\/"},"sameAs":["https:\/\/www.instagram.com\/waffasports\/","https:\/\/www.facebook.com\/waffasports"]}]}},"_links":{"self":[{"href":"https:\/\/waffasports.com\/lv\/wp-json\/wp\/v2\/pages\/6186","targetHints":{"allow":["GET"]}}],"collection":[{"href":"https:\/\/waffasports.com\/lv\/wp-json\/wp\/v2\/pages"}],"about":[{"href":"https:\/\/waffasports.com\/lv\/wp-json\/wp\/v2\/types\/page"}],"author":[{"embeddable":true,"href":"https:\/\/waffasports.com\/lv\/wp-json\/wp\/v2\/users\/1"}],"replies":[{"embeddable":true,"href":"https:\/\/waffasports.com\/lv\/wp-json\/wp\/v2\/comments?post=6186"}],"version-history":[{"count":5,"href":"https:\/\/waffasports.com\/lv\/wp-json\/wp\/v2\/pages\/6186\/revisions"}],"predecessor-version":[{"id":8873,"href":"https:\/\/waffasports.com\/lv\/wp-json\/wp\/v2\/pages\/6186\/revisions\/8873"}],"wp:attachment":[{"href":"https:\/\/waffasports.com\/lv\/wp-json\/wp\/v2\/media?parent=6186"}],"curies":[{"name":"wp","href":"https:\/\/api.w.org\/{rel}","templated":true}]}}