{"id":6134,"date":"2022-01-23T09:26:03","date_gmt":"2022-01-23T09:26:03","guid":{"rendered":"https:\/\/waffasports.com\/product\/waffa-sl81-dippilaite\/"},"modified":"2024-06-13T07:48:12","modified_gmt":"2024-06-13T07:48:12","slug":"waffa-sl81-dippilaite","status":"publish","type":"product","link":"https:\/\/waffasports.com\/fi\/tuote\/waffa-sl81-dippilaite\/","title":{"rendered":"Waffa SL81 Dippilaite"},"content":{"rendered":"<section class=\"wpb-content-wrapper\"><p>[vc_row full_width=&#8221;stretch_row&#8221; content_placement=&#8221;middle&#8221; css=&#8221;.vc_custom_1644142607936{margin-bottom: 0px !important;}&#8221; custom_css_code=&#8221;LmdlbS10ZXh0Ym94JTIwJTdCJTBBJTIwJTIwJTIwJTIwbWFyZ2luLWJvdHRvbSUzQSUyMDAlM0IlMEElN0QlMEEuZ2VtLWJ1dHRvbi1zaXplLWxhcmdlJTdCJTBBJTIwJTIwJTIwJTIwbWluLXdpZHRoJTNBJTIwMzU2cHglM0IlMEElN0QlMEElNDBtZWRpYSUyMCUyOG1heC13aWR0aCUzQSUyMDQ4MHB4JTI5JTdCJTBBJTIwJTIwJTIwLmdlbS1idXR0b24tc2l6ZS1sYXJnZSU3QiUwQSUyMCUyMCUyMCUyMCUyMCUyMCUyMCUyMGZvbnQtc2l6ZSUzQSUyMDE0cHglM0IlMEElMjAlMjAlMjAlMjAlMjAlMjAlMjAlMjBtaW4td2lkdGglM0ElMjAyNzZweCUzQiUwQSUyMCUyMCUyMCUyMCUyMCUyMCUyMCUyMG1hcmdpbiUzQSUyMDMwcHglMjAwcHglM0IlMEElMjAlMjAlMjAlN0QlMEElMjAlMjAlMjAuZ2VtLWJ1dHRvbi1zaXplLWxhcmdlJTIwLmdlbS1wcmludC1pY29uJTIwJTdCJTBBJTIwJTIwJTIwJTIwJTIwJTIwJTIwJTIwZm9udC1zaXplJTNBJTIwMjhweCUzQiUwQSUyMCUyMCUyMCU3RCUwQSU3RA==&#8221;][vc_column css=&#8221;.vc_custom_1587645970139{padding-top: 0px !important;}&#8221; offset=&#8221;vc_col-lg-12&#8243;][vc_row_inner][vc_column_inner]<div class=\"gem-video gem-wrapbox gem-wrapbox-style-no-style rounded-corners gem-wrapbox-position-below\" style=\"width: 100%;\"><div class=\"gem-wrapbox-inner video-block gem-ratio-style\" style=\"padding-top: 56.25%\"><video width=\"100%\" height=\"100%\" controls=\"controls\" src=\"https:\/\/www.youtube.com\/watch?v=S9__RKCl5RE\"  poster=\"https:\/\/waffasports.com\/wp-content\/uploads\/2022\/01\/waffa-outdoor-gym-dip-v-1.jpg\" preload=\"none\"><\/video><\/div><\/div>[\/vc_column_inner][\/vc_row_inner]<div class=\"gem-textbox  centered-box\"  ><div class=\"gem-textbox-inner\" style=\"\"><div class=\"gem-textbox-content\" style=\"background-position: center top;padding-top: 0px;padding-bottom: 0px;padding-left: 0px;padding-right: 0px;\"><div class=\"clearboth\"><\/div><style>#thegem-divider-69d7d781d798f {margin-top: 20px !important;}<\/style><div id=\"thegem-divider-69d7d781d798f\" class=\"gem-divider  \" style=\"\" ><\/div><div class=\"gem-button-container gem-button-position-inline thegem-button-69d7d781d7a136577    \"  ><a title=\"Outdoor gym equipment by Waffa Dip\" class=\"gem-button gem-button-size-large gem-button-style-outline gem-button-text-weight-normal gem-button-border-4 gem-button-icon-position-left\" data-ll-effect=\"drop-right-without-wrap\" style=\"border-radius: 38px;border-color: #0072bc;color: #0072bc;\" onmouseleave=\"this.style.borderColor='#0072bc';this.style.backgroundColor='transparent';this.style.color='#0072bc';\" onmouseenter=\"this.style.borderColor='#0072bc';this.style.backgroundColor='#0072bc';this.style.color='#ffffff';\" href=\"https:\/\/waffasports.com\/wp-content\/uploads\/2022\/07\/SL81-Dip-machine.pdf\" target=\"_blank\"><i class=\"gem-print-icon gem-icon-pack-material \">&#xf2dd;<\/i>PRODUCT CARD<\/a><\/div> <div class=\"gem-button-container gem-button-position-inline thegem-button-69d7d781d7a8c3003    \"  ><a title=\"Waffa Outdoor gym equipment presentation\" class=\"gem-button gem-button-size-large gem-button-style-outline gem-button-text-weight-normal gem-button-border-4 gem-button-icon-position-left\" data-ll-effect=\"drop-right-without-wrap\" style=\"border-radius: 38px;border-color: #0072bc;color: #0072bc;\" onmouseleave=\"this.style.borderColor='#0072bc';this.style.backgroundColor='transparent';this.style.color='#0072bc';\" onmouseenter=\"this.style.borderColor='#0072bc';this.style.backgroundColor='#0072bc';this.style.color='#ffffff';\" href=\"https:\/\/waffasports.com\/wp-content\/uploads\/2022\/07\/Waffa-presentation-04032022-ENG-1.pdf\" target=\"_blank\"><i class=\"gem-print-icon gem-icon-pack-material \">&#xf2dd;<\/i>Waffa presentation<\/a><\/div> <div class=\"gem-button-container gem-button-position-inline thegem-button-69d7d781d7af08884    \"  ><a title=\"Instructions\" class=\"gem-button gem-button-size-large gem-button-style-outline gem-button-text-weight-normal gem-button-border-4 gem-button-icon-position-left\" data-ll-effect=\"drop-right-without-wrap\" style=\"border-radius: 38px;border-color: #0072bc;color: #0072bc;\" onmouseleave=\"this.style.borderColor='#0072bc';this.style.backgroundColor='transparent';this.style.color='#0072bc';\" onmouseenter=\"this.style.borderColor='#0072bc';this.style.backgroundColor='#0072bc';this.style.color='#ffffff';\" href=\"https:\/\/waffasports.com\/wp-content\/uploads\/2022\/10\/Waffa-SL81-Installation-18032022-min.pdf\" target=\"_blank\"><i class=\"gem-print-icon gem-icon-pack-material \">&#xf2dd;<\/i>Instructions<\/a><\/div> <div class=\"gem-button-container gem-button-position-inline thegem-button-69d7d781d7b533997    \"  ><a title=\"2d drawing\" class=\"gem-button gem-button-size-large gem-button-style-outline gem-button-text-weight-normal gem-button-border-4 gem-button-icon-position-left\" data-ll-effect=\"drop-right-without-wrap\" style=\"border-radius: 38px;border-color: #0072bc;color: #0072bc;\" onmouseleave=\"this.style.borderColor='#0072bc';this.style.backgroundColor='transparent';this.style.color='#0072bc';\" onmouseenter=\"this.style.borderColor='#0072bc';this.style.backgroundColor='#0072bc';this.style.color='#ffffff';\" href=\"https:\/\/waffasports.com\/wp-content\/uploads\/2024\/02\/SL-81_uus-LIGHT_alaga.dwg\" target=\"_blank\"><i class=\"gem-print-icon gem-icon-pack-material \">&#xf2dd;<\/i>2D<\/a><\/div> <div class=\"clearboth\"><\/div><style>#thegem-divider-69d7d781d7b89 {margin-top: 18px !important;}<\/style><div id=\"thegem-divider-69d7d781d7b89\" class=\"gem-divider  \" style=\"\" ><\/div><\/div><\/div><\/div>[\/vc_column][\/vc_row]<\/p>\n<\/section>","protected":false},"excerpt":{"rendered":"<p>Waffa -ulkolaitteet ovat kevyell\u00e4, kiinte\u00e4ll\u00e4 painovastuksella varustettuja kuntoilulaitteita. Laitteet ovat suunnattu erityisesti ik\u00e4ihmisille ja kuntoutusharjoittelijoille, jotka haluavat mahdollisimman helppok\u00e4ytt\u00f6isen ja tarpeeksi kevyen harjoituskokemuksen. Laitteiden liikeradat ja kuormitusk\u00e4yr\u00e4t ovat huippuunsa optimoituja.<\/p>\n<p>Waffa SL81 dippilaite on helppok\u00e4ytt\u00f6inen ja tehokas yl\u00e4kehon kuntoilulaite:<\/p>\n<ul>\n<li>Pitk\u00e4 penkki mahdollistaa optimaalisen liikealueen kaikenkokoisille harjoittelijoille<\/li>\n<li>Liikkeen voi suorittaa kummin tahansa p\u00e4in istuen<\/li>\n<li>Kuumasinkitty runko<\/li>\n<\/ul>\n","protected":false},"featured_media":6385,"comment_status":"closed","ping_status":"closed","template":"","meta":[],"product_cat":[116],"product_tag":[],"class_list":{"0":"post-6134","1":"product","2":"type-product","3":"status-publish","4":"has-post-thumbnail","6":"product_cat-waffa-senior-line-fi"},"yoast_head":"<!-- This site is optimized with the Yoast SEO plugin v20.0 - https:\/\/yoast.com\/wordpress\/plugins\/seo\/ -->\n<title>Waffa SL81 Dippilaite - Waffa Sports<\/title>\n<meta name=\"robots\" content=\"index, follow, max-snippet:-1, max-image-preview:large, max-video-preview:-1\" \/>\n<link rel=\"canonical\" href=\"https:\/\/waffasports.com\/fi\/tuote\/waffa-sl81-dippilaite\/\" \/>\n<meta property=\"og:locale\" content=\"fi_FI\" \/>\n<meta property=\"og:type\" content=\"article\" \/>\n<meta property=\"og:title\" content=\"Waffa SL81 Dippilaite - Waffa Sports\" \/>\n<meta property=\"og:description\" content=\"Waffa -ulkolaitteet ovat kevyell\u00e4, kiinte\u00e4ll\u00e4 painovastuksella varustettuja kuntoilulaitteita. Laitteet ovat suunnattu erityisesti ik\u00e4ihmisille ja kuntoutusharjoittelijoille, jotka haluavat mahdollisimman helppok\u00e4ytt\u00f6isen ja tarpeeksi kevyen harjoituskokemuksen. Laitteiden liikeradat ja kuormitusk\u00e4yr\u00e4t ovat huippuunsa optimoituja. Waffa SL81 dippilaite on helppok\u00e4ytt\u00f6inen ja tehokas yl\u00e4kehon kuntoilulaite:  Pitk\u00e4 penkki mahdollistaa optimaalisen liikealueen kaikenkokoisille harjoittelijoille  Liikkeen voi suorittaa kummin tahansa p\u00e4in istuen  Kuumasinkitty runko\" \/>\n<meta property=\"og:url\" content=\"https:\/\/waffasports.com\/fi\/tuote\/waffa-sl81-dippilaite\/\" \/>\n<meta property=\"og:site_name\" content=\"Waffa Sports\" \/>\n<meta property=\"article:publisher\" content=\"https:\/\/www.facebook.com\/waffasports\" \/>\n<meta property=\"article:modified_time\" content=\"2024-06-13T07:48:12+00:00\" \/>\n<meta property=\"og:image\" content=\"https:\/\/waffasports.com\/wp-content\/uploads\/2022\/01\/sl81-dip.jpg\" \/>\n\t<meta property=\"og:image:width\" content=\"1080\" \/>\n\t<meta property=\"og:image:height\" content=\"1080\" \/>\n\t<meta property=\"og:image:type\" content=\"image\/jpeg\" \/>\n<meta name=\"twitter:card\" content=\"summary_large_image\" \/>\n<meta name=\"twitter:label1\" content=\"Arvioitu lukuaika\" \/>\n\t<meta name=\"twitter:data1\" content=\"2 minuuttia\" \/>\n<script type=\"application\/ld+json\" class=\"yoast-schema-graph\">{\"@context\":\"https:\/\/schema.org\",\"@graph\":[{\"@type\":\"WebPage\",\"@id\":\"https:\/\/waffasports.com\/fi\/tuote\/waffa-sl81-dippilaite\/\",\"url\":\"https:\/\/waffasports.com\/fi\/tuote\/waffa-sl81-dippilaite\/\",\"name\":\"Waffa SL81 Dippilaite - Waffa Sports\",\"isPartOf\":{\"@id\":\"https:\/\/waffasports.com\/#website\"},\"datePublished\":\"2022-01-23T09:26:03+00:00\",\"dateModified\":\"2024-06-13T07:48:12+00:00\",\"breadcrumb\":{\"@id\":\"https:\/\/waffasports.com\/fi\/tuote\/waffa-sl81-dippilaite\/#breadcrumb\"},\"inLanguage\":\"fi\",\"potentialAction\":[{\"@type\":\"ReadAction\",\"target\":[\"https:\/\/waffasports.com\/fi\/tuote\/waffa-sl81-dippilaite\/\"]}]},{\"@type\":\"BreadcrumbList\",\"@id\":\"https:\/\/waffasports.com\/fi\/tuote\/waffa-sl81-dippilaite\/#breadcrumb\",\"itemListElement\":[{\"@type\":\"ListItem\",\"position\":1,\"name\":\"Home\",\"item\":\"https:\/\/waffasports.com\/fi\/\"},{\"@type\":\"ListItem\",\"position\":2,\"name\":\"Tuotteet\",\"item\":\"https:\/\/waffasports.com\/tuotteet\/\"},{\"@type\":\"ListItem\",\"position\":3,\"name\":\"Waffa SL81 Dippilaite\"}]},{\"@type\":\"WebSite\",\"@id\":\"https:\/\/waffasports.com\/#website\",\"url\":\"https:\/\/waffasports.com\/\",\"name\":\"Waffa Sports\",\"description\":\"Outdoor gym\",\"publisher\":{\"@id\":\"https:\/\/waffasports.com\/#organization\"},\"potentialAction\":[{\"@type\":\"SearchAction\",\"target\":{\"@type\":\"EntryPoint\",\"urlTemplate\":\"https:\/\/waffasports.com\/?s={search_term_string}\"},\"query-input\":\"required name=search_term_string\"}],\"inLanguage\":\"fi\"},{\"@type\":\"Organization\",\"@id\":\"https:\/\/waffasports.com\/#organization\",\"name\":\"Waffa Sports\",\"url\":\"https:\/\/waffasports.com\/\",\"logo\":{\"@type\":\"ImageObject\",\"inLanguage\":\"fi\",\"@id\":\"https:\/\/waffasports.com\/#\/schema\/logo\/image\/\",\"url\":\"https:\/\/waffasports.com\/wp-content\/uploads\/2022\/01\/Waffa-sports.svg\",\"contentUrl\":\"https:\/\/waffasports.com\/wp-content\/uploads\/2022\/01\/Waffa-sports.svg\",\"caption\":\"Waffa Sports\"},\"image\":{\"@id\":\"https:\/\/waffasports.com\/#\/schema\/logo\/image\/\"},\"sameAs\":[\"https:\/\/www.instagram.com\/waffasports\/\",\"https:\/\/www.facebook.com\/waffasports\"]}]}<\/script>\n<!-- \/ Yoast SEO plugin. -->","yoast_head_json":{"title":"Waffa SL81 Dippilaite - Waffa Sports","robots":{"index":"index","follow":"follow","max-snippet":"max-snippet:-1","max-image-preview":"max-image-preview:large","max-video-preview":"max-video-preview:-1"},"canonical":"https:\/\/waffasports.com\/fi\/tuote\/waffa-sl81-dippilaite\/","og_locale":"fi_FI","og_type":"article","og_title":"Waffa SL81 Dippilaite - Waffa Sports","og_description":"Waffa -ulkolaitteet ovat kevyell\u00e4, kiinte\u00e4ll\u00e4 painovastuksella varustettuja kuntoilulaitteita. Laitteet ovat suunnattu erityisesti ik\u00e4ihmisille ja kuntoutusharjoittelijoille, jotka haluavat mahdollisimman helppok\u00e4ytt\u00f6isen ja tarpeeksi kevyen harjoituskokemuksen. Laitteiden liikeradat ja kuormitusk\u00e4yr\u00e4t ovat huippuunsa optimoituja. Waffa SL81 dippilaite on helppok\u00e4ytt\u00f6inen ja tehokas yl\u00e4kehon kuntoilulaite:  Pitk\u00e4 penkki mahdollistaa optimaalisen liikealueen kaikenkokoisille harjoittelijoille  Liikkeen voi suorittaa kummin tahansa p\u00e4in istuen  Kuumasinkitty runko","og_url":"https:\/\/waffasports.com\/fi\/tuote\/waffa-sl81-dippilaite\/","og_site_name":"Waffa Sports","article_publisher":"https:\/\/www.facebook.com\/waffasports","article_modified_time":"2024-06-13T07:48:12+00:00","og_image":[{"width":1080,"height":1080,"url":"https:\/\/waffasports.com\/wp-content\/uploads\/2022\/01\/sl81-dip.jpg","type":"image\/jpeg"}],"twitter_card":"summary_large_image","twitter_misc":{"Arvioitu lukuaika":"2 minuuttia"},"schema":{"@context":"https:\/\/schema.org","@graph":[{"@type":"WebPage","@id":"https:\/\/waffasports.com\/fi\/tuote\/waffa-sl81-dippilaite\/","url":"https:\/\/waffasports.com\/fi\/tuote\/waffa-sl81-dippilaite\/","name":"Waffa SL81 Dippilaite - Waffa Sports","isPartOf":{"@id":"https:\/\/waffasports.com\/#website"},"datePublished":"2022-01-23T09:26:03+00:00","dateModified":"2024-06-13T07:48:12+00:00","breadcrumb":{"@id":"https:\/\/waffasports.com\/fi\/tuote\/waffa-sl81-dippilaite\/#breadcrumb"},"inLanguage":"fi","potentialAction":[{"@type":"ReadAction","target":["https:\/\/waffasports.com\/fi\/tuote\/waffa-sl81-dippilaite\/"]}]},{"@type":"BreadcrumbList","@id":"https:\/\/waffasports.com\/fi\/tuote\/waffa-sl81-dippilaite\/#breadcrumb","itemListElement":[{"@type":"ListItem","position":1,"name":"Home","item":"https:\/\/waffasports.com\/fi\/"},{"@type":"ListItem","position":2,"name":"Tuotteet","item":"https:\/\/waffasports.com\/tuotteet\/"},{"@type":"ListItem","position":3,"name":"Waffa SL81 Dippilaite"}]},{"@type":"WebSite","@id":"https:\/\/waffasports.com\/#website","url":"https:\/\/waffasports.com\/","name":"Waffa Sports","description":"Outdoor gym","publisher":{"@id":"https:\/\/waffasports.com\/#organization"},"potentialAction":[{"@type":"SearchAction","target":{"@type":"EntryPoint","urlTemplate":"https:\/\/waffasports.com\/?s={search_term_string}"},"query-input":"required name=search_term_string"}],"inLanguage":"fi"},{"@type":"Organization","@id":"https:\/\/waffasports.com\/#organization","name":"Waffa Sports","url":"https:\/\/waffasports.com\/","logo":{"@type":"ImageObject","inLanguage":"fi","@id":"https:\/\/waffasports.com\/#\/schema\/logo\/image\/","url":"https:\/\/waffasports.com\/wp-content\/uploads\/2022\/01\/Waffa-sports.svg","contentUrl":"https:\/\/waffasports.com\/wp-content\/uploads\/2022\/01\/Waffa-sports.svg","caption":"Waffa Sports"},"image":{"@id":"https:\/\/waffasports.com\/#\/schema\/logo\/image\/"},"sameAs":["https:\/\/www.instagram.com\/waffasports\/","https:\/\/www.facebook.com\/waffasports"]}]}},"_links":{"self":[{"href":"https:\/\/waffasports.com\/fi\/wp-json\/wp\/v2\/product\/6134","targetHints":{"allow":["GET"]}}],"collection":[{"href":"https:\/\/waffasports.com\/fi\/wp-json\/wp\/v2\/product"}],"about":[{"href":"https:\/\/waffasports.com\/fi\/wp-json\/wp\/v2\/types\/product"}],"replies":[{"embeddable":true,"href":"https:\/\/waffasports.com\/fi\/wp-json\/wp\/v2\/comments?post=6134"}],"wp:featuredmedia":[{"embeddable":true,"href":"https:\/\/waffasports.com\/fi\/wp-json\/wp\/v2\/media\/6385"}],"wp:attachment":[{"href":"https:\/\/waffasports.com\/fi\/wp-json\/wp\/v2\/media?parent=6134"}],"wp:term":[{"taxonomy":"product_cat","embeddable":true,"href":"https:\/\/waffasports.com\/fi\/wp-json\/wp\/v2\/product_cat?post=6134"},{"taxonomy":"product_tag","embeddable":true,"href":"https:\/\/waffasports.com\/fi\/wp-json\/wp\/v2\/product_tag?post=6134"}],"curies":[{"name":"wp","href":"https:\/\/api.w.org\/{rel}","templated":true}]}}