{"id":6130,"date":"2022-10-06T16:44:52","date_gmt":"2022-10-06T16:44:52","guid":{"rendered":"https:\/\/waffasports.com\/product\/alusta-m\/"},"modified":"2024-06-13T07:46:43","modified_gmt":"2024-06-13T07:46:43","slug":"alusta-m","status":"publish","type":"product","link":"https:\/\/waffasports.com\/fi\/tuote\/alusta-m\/","title":{"rendered":"Alusta M"},"content":{"rendered":"","protected":false},"excerpt":{"rendered":"<ul>\n<li>Koko 1000x2500x40 mm<\/li>\n<li>Kuljetettava.<\/li>\n<li>Alusta on p\u00e4\u00e4llystetty Line-X-uretaanipinnoitteella.<\/li>\n<li>Alusta poistaa kiinte\u00e4n (esim. betonivalun) asennuksen tarpeen<\/li>\n<li>Helppo siirt\u00e4\u00e4 laitteet toiseen paikkaan.<\/li>\n<li>Erityisesti suunniteltu ja luotu Waffa Outdoor Gym -laitteille.<\/li>\n<\/ul>\n","protected":false},"featured_media":5535,"comment_status":"closed","ping_status":"closed","template":"","meta":[],"product_cat":[116],"product_tag":[],"class_list":{"0":"post-6130","1":"product","2":"type-product","3":"status-publish","4":"has-post-thumbnail","6":"product_cat-waffa-senior-line-fi"},"yoast_head":"<!-- This site is optimized with the Yoast SEO plugin v20.0 - https:\/\/yoast.com\/wordpress\/plugins\/seo\/ -->\n<title>Alusta M - Waffa Sports<\/title>\n<meta name=\"description\" content=\"Erityisesti suunniteltu ja luotu Waffa Outdoor Gym -laitteille. Alusta poistaa kiinte\u00e4n (esim. betonivalun) asennuksen tarpeen Helppo siirt\u00e4\u00e4 laitteet toiseen paikkaan.\" \/>\n<meta name=\"robots\" content=\"index, follow, max-snippet:-1, max-image-preview:large, max-video-preview:-1\" \/>\n<link rel=\"canonical\" href=\"https:\/\/waffasports.com\/fi\/tuote\/alusta-m\/\" \/>\n<meta property=\"og:locale\" content=\"fi_FI\" \/>\n<meta property=\"og:type\" content=\"article\" \/>\n<meta property=\"og:title\" content=\"Alusta M - Waffa Sports\" \/>\n<meta property=\"og:description\" content=\"Erityisesti suunniteltu ja luotu Waffa Outdoor Gym -laitteille. Alusta poistaa kiinte\u00e4n (esim. betonivalun) asennuksen tarpeen Helppo siirt\u00e4\u00e4 laitteet toiseen paikkaan.\" \/>\n<meta property=\"og:url\" content=\"https:\/\/waffasports.com\/fi\/tuote\/alusta-m\/\" \/>\n<meta property=\"og:site_name\" content=\"Waffa Sports\" \/>\n<meta property=\"article:publisher\" content=\"https:\/\/www.facebook.com\/waffasports\" \/>\n<meta property=\"article:modified_time\" content=\"2024-06-13T07:46:43+00:00\" \/>\n<meta property=\"og:image\" content=\"https:\/\/waffasports.com\/wp-content\/uploads\/2022\/10\/platform-l-size.jpg\" \/>\n\t<meta property=\"og:image:width\" content=\"800\" \/>\n\t<meta property=\"og:image:height\" content=\"800\" \/>\n\t<meta property=\"og:image:type\" content=\"image\/jpeg\" \/>\n<meta name=\"twitter:card\" content=\"summary_large_image\" \/>\n<script type=\"application\/ld+json\" class=\"yoast-schema-graph\">{\"@context\":\"https:\/\/schema.org\",\"@graph\":[{\"@type\":\"WebPage\",\"@id\":\"https:\/\/waffasports.com\/fi\/tuote\/alusta-m\/\",\"url\":\"https:\/\/waffasports.com\/fi\/tuote\/alusta-m\/\",\"name\":\"Alusta M - Waffa Sports\",\"isPartOf\":{\"@id\":\"https:\/\/waffasports.com\/#website\"},\"datePublished\":\"2022-10-06T16:44:52+00:00\",\"dateModified\":\"2024-06-13T07:46:43+00:00\",\"description\":\"Erityisesti suunniteltu ja luotu Waffa Outdoor Gym -laitteille. Alusta poistaa kiinte\u00e4n (esim. betonivalun) asennuksen tarpeen Helppo siirt\u00e4\u00e4 laitteet toiseen paikkaan.\",\"breadcrumb\":{\"@id\":\"https:\/\/waffasports.com\/fi\/tuote\/alusta-m\/#breadcrumb\"},\"inLanguage\":\"fi\",\"potentialAction\":[{\"@type\":\"ReadAction\",\"target\":[\"https:\/\/waffasports.com\/fi\/tuote\/alusta-m\/\"]}]},{\"@type\":\"BreadcrumbList\",\"@id\":\"https:\/\/waffasports.com\/fi\/tuote\/alusta-m\/#breadcrumb\",\"itemListElement\":[{\"@type\":\"ListItem\",\"position\":1,\"name\":\"Home\",\"item\":\"https:\/\/waffasports.com\/fi\/\"},{\"@type\":\"ListItem\",\"position\":2,\"name\":\"Tuotteet\",\"item\":\"https:\/\/waffasports.com\/tuotteet\/\"},{\"@type\":\"ListItem\",\"position\":3,\"name\":\"Alusta M\"}]},{\"@type\":\"WebSite\",\"@id\":\"https:\/\/waffasports.com\/#website\",\"url\":\"https:\/\/waffasports.com\/\",\"name\":\"Waffa Sports\",\"description\":\"Outdoor gym\",\"publisher\":{\"@id\":\"https:\/\/waffasports.com\/#organization\"},\"potentialAction\":[{\"@type\":\"SearchAction\",\"target\":{\"@type\":\"EntryPoint\",\"urlTemplate\":\"https:\/\/waffasports.com\/?s={search_term_string}\"},\"query-input\":\"required name=search_term_string\"}],\"inLanguage\":\"fi\"},{\"@type\":\"Organization\",\"@id\":\"https:\/\/waffasports.com\/#organization\",\"name\":\"Waffa Sports\",\"url\":\"https:\/\/waffasports.com\/\",\"logo\":{\"@type\":\"ImageObject\",\"inLanguage\":\"fi\",\"@id\":\"https:\/\/waffasports.com\/#\/schema\/logo\/image\/\",\"url\":\"https:\/\/waffasports.com\/wp-content\/uploads\/2022\/01\/Waffa-sports.svg\",\"contentUrl\":\"https:\/\/waffasports.com\/wp-content\/uploads\/2022\/01\/Waffa-sports.svg\",\"caption\":\"Waffa Sports\"},\"image\":{\"@id\":\"https:\/\/waffasports.com\/#\/schema\/logo\/image\/\"},\"sameAs\":[\"https:\/\/www.instagram.com\/waffasports\/\",\"https:\/\/www.facebook.com\/waffasports\"]}]}<\/script>\n<!-- \/ Yoast SEO plugin. -->","yoast_head_json":{"title":"Alusta M - Waffa Sports","description":"Erityisesti suunniteltu ja luotu Waffa Outdoor Gym -laitteille. Alusta poistaa kiinte\u00e4n (esim. betonivalun) asennuksen tarpeen Helppo siirt\u00e4\u00e4 laitteet toiseen paikkaan.","robots":{"index":"index","follow":"follow","max-snippet":"max-snippet:-1","max-image-preview":"max-image-preview:large","max-video-preview":"max-video-preview:-1"},"canonical":"https:\/\/waffasports.com\/fi\/tuote\/alusta-m\/","og_locale":"fi_FI","og_type":"article","og_title":"Alusta M - Waffa Sports","og_description":"Erityisesti suunniteltu ja luotu Waffa Outdoor Gym -laitteille. Alusta poistaa kiinte\u00e4n (esim. betonivalun) asennuksen tarpeen Helppo siirt\u00e4\u00e4 laitteet toiseen paikkaan.","og_url":"https:\/\/waffasports.com\/fi\/tuote\/alusta-m\/","og_site_name":"Waffa Sports","article_publisher":"https:\/\/www.facebook.com\/waffasports","article_modified_time":"2024-06-13T07:46:43+00:00","og_image":[{"width":800,"height":800,"url":"https:\/\/waffasports.com\/wp-content\/uploads\/2022\/10\/platform-l-size.jpg","type":"image\/jpeg"}],"twitter_card":"summary_large_image","schema":{"@context":"https:\/\/schema.org","@graph":[{"@type":"WebPage","@id":"https:\/\/waffasports.com\/fi\/tuote\/alusta-m\/","url":"https:\/\/waffasports.com\/fi\/tuote\/alusta-m\/","name":"Alusta M - Waffa Sports","isPartOf":{"@id":"https:\/\/waffasports.com\/#website"},"datePublished":"2022-10-06T16:44:52+00:00","dateModified":"2024-06-13T07:46:43+00:00","description":"Erityisesti suunniteltu ja luotu Waffa Outdoor Gym -laitteille. Alusta poistaa kiinte\u00e4n (esim. betonivalun) asennuksen tarpeen Helppo siirt\u00e4\u00e4 laitteet toiseen paikkaan.","breadcrumb":{"@id":"https:\/\/waffasports.com\/fi\/tuote\/alusta-m\/#breadcrumb"},"inLanguage":"fi","potentialAction":[{"@type":"ReadAction","target":["https:\/\/waffasports.com\/fi\/tuote\/alusta-m\/"]}]},{"@type":"BreadcrumbList","@id":"https:\/\/waffasports.com\/fi\/tuote\/alusta-m\/#breadcrumb","itemListElement":[{"@type":"ListItem","position":1,"name":"Home","item":"https:\/\/waffasports.com\/fi\/"},{"@type":"ListItem","position":2,"name":"Tuotteet","item":"https:\/\/waffasports.com\/tuotteet\/"},{"@type":"ListItem","position":3,"name":"Alusta M"}]},{"@type":"WebSite","@id":"https:\/\/waffasports.com\/#website","url":"https:\/\/waffasports.com\/","name":"Waffa Sports","description":"Outdoor gym","publisher":{"@id":"https:\/\/waffasports.com\/#organization"},"potentialAction":[{"@type":"SearchAction","target":{"@type":"EntryPoint","urlTemplate":"https:\/\/waffasports.com\/?s={search_term_string}"},"query-input":"required name=search_term_string"}],"inLanguage":"fi"},{"@type":"Organization","@id":"https:\/\/waffasports.com\/#organization","name":"Waffa Sports","url":"https:\/\/waffasports.com\/","logo":{"@type":"ImageObject","inLanguage":"fi","@id":"https:\/\/waffasports.com\/#\/schema\/logo\/image\/","url":"https:\/\/waffasports.com\/wp-content\/uploads\/2022\/01\/Waffa-sports.svg","contentUrl":"https:\/\/waffasports.com\/wp-content\/uploads\/2022\/01\/Waffa-sports.svg","caption":"Waffa Sports"},"image":{"@id":"https:\/\/waffasports.com\/#\/schema\/logo\/image\/"},"sameAs":["https:\/\/www.instagram.com\/waffasports\/","https:\/\/www.facebook.com\/waffasports"]}]}},"_links":{"self":[{"href":"https:\/\/waffasports.com\/fi\/wp-json\/wp\/v2\/product\/6130","targetHints":{"allow":["GET"]}}],"collection":[{"href":"https:\/\/waffasports.com\/fi\/wp-json\/wp\/v2\/product"}],"about":[{"href":"https:\/\/waffasports.com\/fi\/wp-json\/wp\/v2\/types\/product"}],"replies":[{"embeddable":true,"href":"https:\/\/waffasports.com\/fi\/wp-json\/wp\/v2\/comments?post=6130"}],"wp:featuredmedia":[{"embeddable":true,"href":"https:\/\/waffasports.com\/fi\/wp-json\/wp\/v2\/media\/5535"}],"wp:attachment":[{"href":"https:\/\/waffasports.com\/fi\/wp-json\/wp\/v2\/media?parent=6130"}],"wp:term":[{"taxonomy":"product_cat","embeddable":true,"href":"https:\/\/waffasports.com\/fi\/wp-json\/wp\/v2\/product_cat?post=6130"},{"taxonomy":"product_tag","embeddable":true,"href":"https:\/\/waffasports.com\/fi\/wp-json\/wp\/v2\/product_tag?post=6130"}],"curies":[{"name":"wp","href":"https:\/\/api.w.org\/{rel}","templated":true}]}}