{"id":6112,"date":"2022-10-06T17:13:12","date_gmt":"2022-10-06T17:13:12","guid":{"rendered":"https:\/\/waffasports.com\/product\/infotaulu\/"},"modified":"2024-06-13T07:46:34","modified_gmt":"2024-06-13T07:46:34","slug":"infotaulu","status":"publish","type":"product","link":"https:\/\/waffasports.com\/fi\/tuote\/infotaulu\/","title":{"rendered":"Infotaulu"},"content":{"rendered":"","protected":false},"excerpt":{"rendered":"<ul>\n<li>Yksinkertainen, mutta tehokas ja hy\u00f6dyllinen tietotaulu mihin tahansa ulkokuntosaliin.<\/li>\n<li>Ohjeet, s\u00e4\u00e4nn\u00f6t ja koulutustiedot ovat helposti n\u00e4ht\u00e4viss\u00e4 taululla.<\/li>\n<li>Levyn koko on 1000 x 1000 mm.<\/li>\n<li>Korkeus 1900 mm.<\/li>\n<li>Kaikki RAL-v\u00e4rit ovat saatavilla.<\/li>\n<li>Vahva ja kuumasinkitty runko.<\/li>\n<\/ul>\n","protected":false},"featured_media":6886,"comment_status":"closed","ping_status":"closed","template":"","meta":[],"product_cat":[116],"product_tag":[],"class_list":{"0":"post-6112","1":"product","2":"type-product","3":"status-publish","4":"has-post-thumbnail","6":"product_cat-waffa-senior-line-fi"},"yoast_head":"<!-- This site is optimized with the Yoast SEO plugin v20.0 - https:\/\/yoast.com\/wordpress\/plugins\/seo\/ -->\n<title>Infotaulu - Waffa Sports<\/title>\n<meta name=\"description\" content=\"Ohjeet, s\u00e4\u00e4nn\u00f6t ja koulutustiedot ovat helposti n\u00e4ht\u00e4viss\u00e4 taululla. Yksinkertainen, mutta tehokas ja hy\u00f6dyllinen tietotaulu mihin tahansa ulkokuntosaliin.\" \/>\n<meta name=\"robots\" content=\"index, follow, max-snippet:-1, max-image-preview:large, max-video-preview:-1\" \/>\n<link rel=\"canonical\" href=\"https:\/\/waffasports.com\/fi\/tuote\/infotaulu\/\" \/>\n<meta property=\"og:locale\" content=\"fi_FI\" \/>\n<meta property=\"og:type\" content=\"article\" \/>\n<meta property=\"og:title\" content=\"Infotaulu - Waffa Sports\" \/>\n<meta property=\"og:description\" content=\"Ohjeet, s\u00e4\u00e4nn\u00f6t ja koulutustiedot ovat helposti n\u00e4ht\u00e4viss\u00e4 taululla. Yksinkertainen, mutta tehokas ja hy\u00f6dyllinen tietotaulu mihin tahansa ulkokuntosaliin.\" \/>\n<meta property=\"og:url\" content=\"https:\/\/waffasports.com\/fi\/tuote\/infotaulu\/\" \/>\n<meta property=\"og:site_name\" content=\"Waffa Sports\" \/>\n<meta property=\"article:publisher\" content=\"https:\/\/www.facebook.com\/waffasports\" \/>\n<meta property=\"article:modified_time\" content=\"2024-06-13T07:46:34+00:00\" \/>\n<meta property=\"og:image\" content=\"https:\/\/waffasports.com\/wp-content\/uploads\/2022\/10\/infotahvel.webp\" \/>\n\t<meta property=\"og:image:width\" content=\"1920\" \/>\n\t<meta property=\"og:image:height\" content=\"1080\" \/>\n\t<meta property=\"og:image:type\" content=\"image\/webp\" \/>\n<meta name=\"twitter:card\" content=\"summary_large_image\" \/>\n<script type=\"application\/ld+json\" class=\"yoast-schema-graph\">{\"@context\":\"https:\/\/schema.org\",\"@graph\":[{\"@type\":\"WebPage\",\"@id\":\"https:\/\/waffasports.com\/fi\/tuote\/infotaulu\/\",\"url\":\"https:\/\/waffasports.com\/fi\/tuote\/infotaulu\/\",\"name\":\"Infotaulu - Waffa Sports\",\"isPartOf\":{\"@id\":\"https:\/\/waffasports.com\/#website\"},\"datePublished\":\"2022-10-06T17:13:12+00:00\",\"dateModified\":\"2024-06-13T07:46:34+00:00\",\"description\":\"Ohjeet, s\u00e4\u00e4nn\u00f6t ja koulutustiedot ovat helposti n\u00e4ht\u00e4viss\u00e4 taululla. Yksinkertainen, mutta tehokas ja hy\u00f6dyllinen tietotaulu mihin tahansa ulkokuntosaliin.\",\"breadcrumb\":{\"@id\":\"https:\/\/waffasports.com\/fi\/tuote\/infotaulu\/#breadcrumb\"},\"inLanguage\":\"fi\",\"potentialAction\":[{\"@type\":\"ReadAction\",\"target\":[\"https:\/\/waffasports.com\/fi\/tuote\/infotaulu\/\"]}]},{\"@type\":\"BreadcrumbList\",\"@id\":\"https:\/\/waffasports.com\/fi\/tuote\/infotaulu\/#breadcrumb\",\"itemListElement\":[{\"@type\":\"ListItem\",\"position\":1,\"name\":\"Home\",\"item\":\"https:\/\/waffasports.com\/fi\/\"},{\"@type\":\"ListItem\",\"position\":2,\"name\":\"Tuotteet\",\"item\":\"https:\/\/waffasports.com\/tuotteet\/\"},{\"@type\":\"ListItem\",\"position\":3,\"name\":\"Infotaulu\"}]},{\"@type\":\"WebSite\",\"@id\":\"https:\/\/waffasports.com\/#website\",\"url\":\"https:\/\/waffasports.com\/\",\"name\":\"Waffa Sports\",\"description\":\"Outdoor gym\",\"publisher\":{\"@id\":\"https:\/\/waffasports.com\/#organization\"},\"potentialAction\":[{\"@type\":\"SearchAction\",\"target\":{\"@type\":\"EntryPoint\",\"urlTemplate\":\"https:\/\/waffasports.com\/?s={search_term_string}\"},\"query-input\":\"required name=search_term_string\"}],\"inLanguage\":\"fi\"},{\"@type\":\"Organization\",\"@id\":\"https:\/\/waffasports.com\/#organization\",\"name\":\"Waffa Sports\",\"url\":\"https:\/\/waffasports.com\/\",\"logo\":{\"@type\":\"ImageObject\",\"inLanguage\":\"fi\",\"@id\":\"https:\/\/waffasports.com\/#\/schema\/logo\/image\/\",\"url\":\"https:\/\/waffasports.com\/wp-content\/uploads\/2022\/01\/Waffa-sports.svg\",\"contentUrl\":\"https:\/\/waffasports.com\/wp-content\/uploads\/2022\/01\/Waffa-sports.svg\",\"caption\":\"Waffa Sports\"},\"image\":{\"@id\":\"https:\/\/waffasports.com\/#\/schema\/logo\/image\/\"},\"sameAs\":[\"https:\/\/www.instagram.com\/waffasports\/\",\"https:\/\/www.facebook.com\/waffasports\"]}]}<\/script>\n<!-- \/ Yoast SEO plugin. -->","yoast_head_json":{"title":"Infotaulu - Waffa Sports","description":"Ohjeet, s\u00e4\u00e4nn\u00f6t ja koulutustiedot ovat helposti n\u00e4ht\u00e4viss\u00e4 taululla. Yksinkertainen, mutta tehokas ja hy\u00f6dyllinen tietotaulu mihin tahansa ulkokuntosaliin.","robots":{"index":"index","follow":"follow","max-snippet":"max-snippet:-1","max-image-preview":"max-image-preview:large","max-video-preview":"max-video-preview:-1"},"canonical":"https:\/\/waffasports.com\/fi\/tuote\/infotaulu\/","og_locale":"fi_FI","og_type":"article","og_title":"Infotaulu - Waffa Sports","og_description":"Ohjeet, s\u00e4\u00e4nn\u00f6t ja koulutustiedot ovat helposti n\u00e4ht\u00e4viss\u00e4 taululla. Yksinkertainen, mutta tehokas ja hy\u00f6dyllinen tietotaulu mihin tahansa ulkokuntosaliin.","og_url":"https:\/\/waffasports.com\/fi\/tuote\/infotaulu\/","og_site_name":"Waffa Sports","article_publisher":"https:\/\/www.facebook.com\/waffasports","article_modified_time":"2024-06-13T07:46:34+00:00","og_image":[{"width":1920,"height":1080,"url":"https:\/\/waffasports.com\/wp-content\/uploads\/2022\/10\/infotahvel.webp","type":"image\/webp"}],"twitter_card":"summary_large_image","schema":{"@context":"https:\/\/schema.org","@graph":[{"@type":"WebPage","@id":"https:\/\/waffasports.com\/fi\/tuote\/infotaulu\/","url":"https:\/\/waffasports.com\/fi\/tuote\/infotaulu\/","name":"Infotaulu - Waffa Sports","isPartOf":{"@id":"https:\/\/waffasports.com\/#website"},"datePublished":"2022-10-06T17:13:12+00:00","dateModified":"2024-06-13T07:46:34+00:00","description":"Ohjeet, s\u00e4\u00e4nn\u00f6t ja koulutustiedot ovat helposti n\u00e4ht\u00e4viss\u00e4 taululla. Yksinkertainen, mutta tehokas ja hy\u00f6dyllinen tietotaulu mihin tahansa ulkokuntosaliin.","breadcrumb":{"@id":"https:\/\/waffasports.com\/fi\/tuote\/infotaulu\/#breadcrumb"},"inLanguage":"fi","potentialAction":[{"@type":"ReadAction","target":["https:\/\/waffasports.com\/fi\/tuote\/infotaulu\/"]}]},{"@type":"BreadcrumbList","@id":"https:\/\/waffasports.com\/fi\/tuote\/infotaulu\/#breadcrumb","itemListElement":[{"@type":"ListItem","position":1,"name":"Home","item":"https:\/\/waffasports.com\/fi\/"},{"@type":"ListItem","position":2,"name":"Tuotteet","item":"https:\/\/waffasports.com\/tuotteet\/"},{"@type":"ListItem","position":3,"name":"Infotaulu"}]},{"@type":"WebSite","@id":"https:\/\/waffasports.com\/#website","url":"https:\/\/waffasports.com\/","name":"Waffa Sports","description":"Outdoor gym","publisher":{"@id":"https:\/\/waffasports.com\/#organization"},"potentialAction":[{"@type":"SearchAction","target":{"@type":"EntryPoint","urlTemplate":"https:\/\/waffasports.com\/?s={search_term_string}"},"query-input":"required name=search_term_string"}],"inLanguage":"fi"},{"@type":"Organization","@id":"https:\/\/waffasports.com\/#organization","name":"Waffa Sports","url":"https:\/\/waffasports.com\/","logo":{"@type":"ImageObject","inLanguage":"fi","@id":"https:\/\/waffasports.com\/#\/schema\/logo\/image\/","url":"https:\/\/waffasports.com\/wp-content\/uploads\/2022\/01\/Waffa-sports.svg","contentUrl":"https:\/\/waffasports.com\/wp-content\/uploads\/2022\/01\/Waffa-sports.svg","caption":"Waffa Sports"},"image":{"@id":"https:\/\/waffasports.com\/#\/schema\/logo\/image\/"},"sameAs":["https:\/\/www.instagram.com\/waffasports\/","https:\/\/www.facebook.com\/waffasports"]}]}},"_links":{"self":[{"href":"https:\/\/waffasports.com\/fi\/wp-json\/wp\/v2\/product\/6112","targetHints":{"allow":["GET"]}}],"collection":[{"href":"https:\/\/waffasports.com\/fi\/wp-json\/wp\/v2\/product"}],"about":[{"href":"https:\/\/waffasports.com\/fi\/wp-json\/wp\/v2\/types\/product"}],"replies":[{"embeddable":true,"href":"https:\/\/waffasports.com\/fi\/wp-json\/wp\/v2\/comments?post=6112"}],"wp:featuredmedia":[{"embeddable":true,"href":"https:\/\/waffasports.com\/fi\/wp-json\/wp\/v2\/media\/6886"}],"wp:attachment":[{"href":"https:\/\/waffasports.com\/fi\/wp-json\/wp\/v2\/media?parent=6112"}],"wp:term":[{"taxonomy":"product_cat","embeddable":true,"href":"https:\/\/waffasports.com\/fi\/wp-json\/wp\/v2\/product_cat?post=6112"},{"taxonomy":"product_tag","embeddable":true,"href":"https:\/\/waffasports.com\/fi\/wp-json\/wp\/v2\/product_tag?post=6112"}],"curies":[{"name":"wp","href":"https:\/\/api.w.org\/{rel}","templated":true}]}}