{"id":6189,"date":"2020-12-28T07:29:01","date_gmt":"2020-12-28T07:29:01","guid":{"rendered":"https:\/\/waffasports.com\/waffa\/"},"modified":"2026-03-05T16:16:22","modified_gmt":"2026-03-05T16:16:22","slug":"waffa","status":"publish","type":"page","link":"https:\/\/waffasports.com\/fi\/waffa\/","title":{"rendered":"Waffa"},"content":{"rendered":"<section class=\"wpb-content-wrapper\"><p>[vc_row css=&#8221;.vc_custom_1758661078074{margin-top: -480px !important;}&#8221;][vc_column width=&#8221;1\/2&#8243;][vc_single_image image=&#8221;7596&#8243; img_size=&#8221;large&#8221; alignment=&#8221;center&#8221; onclick=&#8221;link_image&#8221;][\/vc_column][vc_column width=&#8221;1\/2&#8243;][vc_column_text]<\/p>\n<div class=\"title-h3\">Tarina<\/div>\n<p>[\/vc_column_text][vc_column_text]<\/p>\n<p class=\"p1\">Waffa-tuotemerkin nimi tulee suomenkielisest\u00e4 sanasta <i>&#8221;vahva&#8221;,<\/i> joka tarkoittaa <i>vahvaa<\/i>. Alkuper\u00e4inen tuoteidea syntyi Suomessa vahvuuden ja kest\u00e4vyyden k\u00e4sitteen innoittamana. My\u00f6hemmin ideaa kehitettiin ja toteutettiin Virossa, jossa suunnittelu, tuotanto ja kokoonpano nyt tapahtuvat. T\u00e4ss\u00e4 ainutlaatuisessa alkuper\u00e4tarinassa yhdistyv\u00e4t suomalainen inspiraatio ja virolainen k\u00e4sity\u00f6taito, ja Waffasta on muodostunut br\u00e4ndi, joka edustaa kest\u00e4vyytt\u00e4, laatua ja suorituskyky\u00e4.   <\/p>\n<p>[\/vc_column_text][\/vc_column][\/vc_row][vc_row full_width=&#8221;stretch_row_content&#8221; equal_height=&#8221;yes&#8221; content_placement=&#8221;middle&#8221; css=&#8221;.vc_custom_1586773203335{margin-bottom: 0px !important;}&#8221;][vc_column width=&#8221;1\/2&#8243; disable_custom_paddings_tablet=&#8221;true&#8221; disable_custom_paddings_mobile=&#8221;true&#8221; css=&#8221;.vc_custom_1758661979218{margin-top: 0px !important;margin-bottom: 0px !important;padding-top: 0px !important;padding-right: 100px !important;padding-bottom: 0px !important;padding-left: 100px !important;}&#8221;]<div class=\"clearboth\"><\/div><style>#thegem-divider-69d4539167164 {margin-top: 100px !important;}<\/style><div id=\"thegem-divider-69d4539167164\" class=\"gem-divider  divider-hidden\" style=\"\" ><\/div>[vc_column_text]<\/p>\n<div class=\"title-h3\">Tuotanto<\/div>\n<p>[\/vc_column_text][vc_column_text]<\/p>\n<p class=\"p1\">Waffa Sports on ylpe\u00e4 siit\u00e4, ett\u00e4 se suunnittelee, kehitt\u00e4\u00e4 ja valmistaa kaikki tuotteensa itse nykyaikaisessa tuotantolaitoksessamme. Kaikki vaiheet, alkuper\u00e4isest\u00e4 ideasta lopulliseen kokoonpanoon, toteutetaan saman katon alla, jotta varmistetaan huippulaatu ja tarkkuus. Tuotantolaitoksemme kuvastaa sitoutumistamme innovointiin, suorituskykyyn ja luotettavuuteen. Pit\u00e4m\u00e4ll\u00e4 koko prosessin paikallisena pid\u00e4mme materiaalit, k\u00e4sity\u00f6taidon ja kest\u00e4vyyden t\u00e4ydess\u00e4 valvonnassa. T\u00e4\u00e4ll\u00e4 Waffa Sportsin tuotteet her\u00e4\u00e4v\u00e4t eloon &#8211; ne on rakennettu toimimaan ja tehty kest\u00e4m\u00e4\u00e4n.    <\/p>\n<p>[\/vc_column_text]<div class=\"clearboth\"><\/div><style>#thegem-divider-69d45391671b2 {margin-top: 80px !important;}<\/style><div id=\"thegem-divider-69d45391671b2\" class=\"gem-divider  \" style=\"\" ><\/div>[\/vc_column][vc_column width=&#8221;1\/2&#8243; css=&#8221;.vc_custom_1769701363700{margin-top: 0px !important;margin-bottom: 0px !important;padding-top: 0px !important;padding-bottom: 0px !important;background-image: url(https:\/\/waffasports.com\/wp-content\/uploads\/2026\/01\/image-5-2-1.jpg?id=8234) !important;background-position: center !important;background-repeat: no-repeat !important;background-size: cover !important;}&#8221;]<div class=\"clearboth\"><\/div><style>#thegem-divider-69d45391671de {margin-top: 500px !important;}<\/style><div id=\"thegem-divider-69d45391671de\" class=\"gem-divider  \" style=\"\" ><\/div>[\/vc_column][\/vc_row][vc_row full_width=&#8221;stretch_row_content&#8221; equal_height=&#8221;yes&#8221; css=&#8221;.vc_custom_1548607481443{margin-bottom: 0px !important;}&#8221;][vc_column width=&#8221;1\/2&#8243; css=&#8221;.vc_custom_1758661812139{background-image: url(https:\/\/waffasports.com\/wp-content\/uploads\/2025\/08\/waffa-senior-kontula-1-1.jpg?id=7333) !important;background-position: center !important;background-repeat: no-repeat !important;background-size: cover !important;}&#8221;]<div class=\"clearboth\"><\/div><style>#thegem-divider-69d4539167207 {margin-top: 500px !important;}<\/style><div id=\"thegem-divider-69d4539167207\" class=\"gem-divider  \" style=\"\" ><\/div>[\/vc_column][vc_column width=&#8221;1\/2&#8243; disable_custom_paddings_tablet=&#8221;true&#8221; disable_custom_paddings_mobile=&#8221;true&#8221; css=&#8221;.vc_custom_1758661843323{margin-top: 0px !important;margin-bottom: 0px !important;padding-top: 0px !important;padding-right: 100px !important;padding-bottom: 0px !important;padding-left: 100px !important;}&#8221;]<div class=\"clearboth\"><\/div><style>#thegem-divider-69d453916722f {margin-top: 80px !important;}<\/style><div id=\"thegem-divider-69d453916722f\" class=\"gem-divider  divider-hidden\" style=\"\" ><\/div>[vc_column_text]<\/p>\n<div class=\"title-h3\">WAFFA SENIOR LINE<\/div>\n<p>[\/vc_column_text][vc_column_text]<\/p>\n<p class=\"p1\">Waffa Senior -sarja on kehitetty erityisesti i\u00e4kk\u00e4ille k\u00e4ytt\u00e4jille, jotka arvostavat terveytt\u00e4 ja hyvinvointia. Laitteet ovat helppok\u00e4ytt\u00f6isi\u00e4, ja niiden suunnittelussa on huomioitu vankka biomekaniikka optimaalisten tulosten saavuttamiseksi. Tukemalla turvallista liikuntaa Senior-sarja auttaa yll\u00e4pit\u00e4m\u00e4\u00e4n ik\u00e4\u00e4ntyneiden ihmisten voimaa ja liikkuvuutta. S\u00e4\u00e4nn\u00f6llinen k\u00e4ytt\u00f6 edist\u00e4\u00e4 my\u00f6s terveempi\u00e4 el\u00e4m\u00e4ntapoja ja voi auttaa pit\u00e4m\u00e4\u00e4n terveydenhuoltokustannukset alhaisempina edist\u00e4m\u00e4ll\u00e4 hyvinvointia ja ehk\u00e4isem\u00e4ll\u00e4 rappeutumista. Waffa Seniorin avulla aktiivisena pysymisest\u00e4 tulee kest\u00e4v\u00e4 ja nautinnollinen osa jokap\u00e4iv\u00e4ist\u00e4 el\u00e4m\u00e4\u00e4.    <\/p>\n<p>[\/vc_column_text]<style type=\"text\/css\">.thegem-button-69d45391672ee7666.lazy-loading-before-start-animation .lazy-loading-item {opacity: 0;} body.thegem-effects-disabled .thegem-button-69d45391672ee7666.lazy-loading-before-start-animation .lazy-loading-item {opacity: 1;}<\/style><div class=\"gem-button-container gem-button-position-inline thegem-button-69d45391672ee7666     lazy-loading lazy-loading-before-start-animation\"  ><a class=\"gem-button gem-button-size-medium gem-button-style-outline gem-button-text-weight-normal gem-button-border-2 lazy-loading-item\" data-ll-effect=\"drop-right-without-wrap\" style=\"border-radius: 50px;border-color: #0072bc;color: #0072bc;\" onmouseleave=\"this.style.borderColor='#0072bc';this.style.backgroundColor='transparent';this.style.color='#0072bc';\" onmouseenter=\"this.style.borderColor='#0072bc';this.style.backgroundColor='#0072bc';this.style.color='#ffffff';\" href=\"https:\/\/waffasports.com\/waffa\/waffa-senior-line\/\" target=\"_self\">Products<\/a><\/div> <div class=\"clearboth\"><\/div><style>#thegem-divider-69d4539167331 {margin-top: 80px !important;}<\/style><div id=\"thegem-divider-69d4539167331\" class=\"gem-divider  \" style=\"\" ><\/div>[\/vc_column][\/vc_row][vc_row full_width=&#8221;stretch_row_content&#8221; equal_height=&#8221;yes&#8221; content_placement=&#8221;middle&#8221; css=&#8221;.vc_custom_1586773203335{margin-bottom: 0px !important;}&#8221;][vc_column width=&#8221;1\/2&#8243; disable_custom_paddings_tablet=&#8221;true&#8221; disable_custom_paddings_mobile=&#8221;true&#8221; css=&#8221;.vc_custom_1758661979218{margin-top: 0px !important;margin-bottom: 0px !important;padding-top: 0px !important;padding-right: 100px !important;padding-bottom: 0px !important;padding-left: 100px !important;}&#8221;]<div class=\"clearboth\"><\/div><style>#thegem-divider-69d453916735c {margin-top: 100px !important;}<\/style><div id=\"thegem-divider-69d453916735c\" class=\"gem-divider  divider-hidden\" style=\"\" ><\/div>[vc_column_text]<\/p>\n<div class=\"title-h3\">WAFFA JUNIOR LINE<\/div>\n<p>[\/vc_column_text][vc_column_text]<\/p>\n<p class=\"p1\">Waffa Junior -mallisto on suunniteltu erityisesti alle 140 cm:n pituisille tai enint\u00e4\u00e4n 14-vuotiaille lapsille. Jokainen tuote on valmistettu huolellisesti samojen laatuvaatimusten mukaisesti kuin Senior Line -linjamme, mutta se on r\u00e4\u00e4t\u00e4l\u00f6ity vastaamaan kasvavien lasten tarpeita. Mukavuus, turvallisuus ja kest\u00e4vyys ovat Junior-malliston ytimess\u00e4, mik\u00e4 takaa, ett\u00e4 lapset voivat nauttia urheilusta oikean istuvuuden ja tuen avulla. Waffa Juniorin avulla pyrimme innostamaan nuorempaa sukupolvea pelaamaan, harjoittelemaan ja kehitt\u00e4m\u00e4\u00e4n intohimoaan urheilua kohtaan jo varhaisesta i\u00e4st\u00e4 l\u00e4htien ja kehitt\u00e4m\u00e4\u00e4n samalla sosiaalisia taitojaan.   <\/p>\n<p>[\/vc_column_text]<div class=\"clearboth\"><\/div><style>#thegem-divider-69d4539167382 {margin-top: 50px !important;}<\/style><div id=\"thegem-divider-69d4539167382\" class=\"gem-divider  \" style=\"\" ><\/div><style type=\"text\/css\">.thegem-button-69d45391673dc4512.lazy-loading-before-start-animation .lazy-loading-item {opacity: 0;} body.thegem-effects-disabled .thegem-button-69d45391673dc4512.lazy-loading-before-start-animation .lazy-loading-item {opacity: 1;}<\/style><div class=\"gem-button-container gem-button-position-inline thegem-button-69d45391673dc4512     lazy-loading lazy-loading-before-start-animation\"  ><a class=\"gem-button gem-button-size-medium gem-button-style-outline gem-button-text-weight-normal gem-button-border-2 lazy-loading-item\" data-ll-effect=\"drop-right-without-wrap\" style=\"border-radius: 50px;border-color: #0072bc;color: #0072bc;\" onmouseleave=\"this.style.borderColor='#0072bc';this.style.backgroundColor='transparent';this.style.color='#0072bc';\" onmouseenter=\"this.style.borderColor='#0072bc';this.style.backgroundColor='#0072bc';this.style.color='#ffffff';\" href=\"https:\/\/waffasports.com\/waffa\/waffa-junior-line\/\" target=\"_self\">Products<\/a><\/div> <div class=\"clearboth\"><\/div><style>#thegem-divider-69d4539167413 {margin-top: 80px !important;}<\/style><div id=\"thegem-divider-69d4539167413\" class=\"gem-divider  \" style=\"\" ><\/div>[\/vc_column][vc_column width=&#8221;1\/2&#8243; css=&#8221;.vc_custom_1758661381819{margin-top: 0px !important;margin-bottom: 0px !important;padding-top: 0px !important;padding-bottom: 0px !important;background-image: url(https:\/\/waffasports.com\/wp-content\/uploads\/2025\/08\/kontula-ulkonkuntasali-junior-line-1-1.jpg?id=7338) !important;background-position: center !important;background-repeat: no-repeat !important;background-size: cover !important;}&#8221;]<div class=\"clearboth\"><\/div><style>#thegem-divider-69d453916743a {margin-top: 500px !important;}<\/style><div id=\"thegem-divider-69d453916743a\" class=\"gem-divider  \" style=\"\" ><\/div>[\/vc_column][\/vc_row][vc_row full_width=&#8221;stretch_row&#8221; css=&#8221;.vc_custom_1586773060548{margin-bottom: 0px !important;background-color: #ffffff !important;background-position: center !important;background-repeat: no-repeat !important;background-size: cover !important;}&#8221;][vc_column]<div class=\"clearboth\"><\/div><style>#thegem-divider-69d453916745f {margin-top: 80px !important;}<\/style><div id=\"thegem-divider-69d453916745f\" class=\"gem-divider  \" style=\"\" ><\/div>[vc_column_text]<\/p>\n<div class=\"title-h4\" style=\"text-align: center;\"><span style=\"color: #5f727f; letter-spacing: 2px;\">Liity urheilulliseen tiimiimme.  <\/span><\/div>\n<p>[\/vc_column_text]<div class=\"clearboth\"><\/div><style>#thegem-divider-69d4539167487 {margin-top: 35px !important;}<\/style><div id=\"thegem-divider-69d4539167487\" class=\"gem-divider  \" style=\"\" ><\/div>[vc_column_text]<\/p>\n<div style=\"text-align: center;\">\n<div class=\"title-h4\" style=\"display: inline-block; vertical-align: middle; margin: 0; color: #5f727f; font-size: 50px; line-height: 110px; padding-right: 17px;\"><span style=\"color: #5f727f;\">Ryhdy<\/span><\/div>\n<div style=\"display: inline-block; vertical-align: middle; border: 7px solid #0072BC; padding: 5px 5px;\">\n<div class=\"title-h4\" style=\"display: inline-block; margin: 0; vertical-align: middle; font-size: 65px; line-height: 65px;\"><span style=\"color: #0072bc;\">JAKELU<\/span><\/div>\n<\/div>\n<\/div>\n<p>[\/vc_column_text]<div class=\"clearboth\"><\/div><style>#thegem-divider-69d45391674ae {margin-top: 50px !important;}<\/style><div id=\"thegem-divider-69d45391674ae\" class=\"gem-divider  \" style=\"\" ><\/div><div class=\"gem-button-container gem-button-position-center thegem-button-69d4539167502403    \"  ><a title=\"Become a Reseller\" class=\"gem-button gem-button-size-medium gem-button-style-outline gem-button-text-weight-normal gem-button-border-2\" data-ll-effect=\"drop-right-without-wrap\" style=\"border-radius: 50px;border-color: #0072bc;color: #0072bc;\" onmouseleave=\"this.style.borderColor='#0072bc';this.style.backgroundColor='transparent';this.style.color='#0072bc';\" onmouseenter=\"this.style.backgroundColor='#0072bc';this.style.color='#ffffff';\" href=\"https:\/\/waffasports.com\/become-a-reseller\/\" target=\"_blank\">Contact Us<\/a><\/div> <div class=\"clearboth\"><\/div><style>#thegem-divider-69d4539167537 {margin-top: 100px !important;}<\/style><div id=\"thegem-divider-69d4539167537\" class=\"gem-divider  \" style=\"\" ><\/div>[\/vc_column][\/vc_row]<\/p>\n<\/section>","protected":false},"excerpt":{"rendered":"<p>[vc_row css=&#8221;.vc_custom_1758661078074{margin-top: -480px !important;}&#8221;][vc_column width=&#8221;1\/2&#8243;][vc_single_image image=&#8221;7596&#8243; img_size=&#8221;large&#8221; alignment=&#8221;center&#8221; onclick=&#8221;link_image&#8221;][\/vc_column][vc_column width=&#8221;1\/2&#8243;][vc_column_text] Tarina [\/vc_column_text][vc_column_text] Waffa-tuotemerkin nimi tulee suomenkielisest\u00e4 sanasta &#8221;vahva&#8221;, joka tarkoittaa&#8230;<\/p>\n","protected":false},"author":1,"featured_media":0,"parent":0,"menu_order":1,"comment_status":"closed","ping_status":"closed","template":"","meta":{"footnotes":""},"class_list":["post-6189","page","type-page","status-publish"],"yoast_head":"<!-- This site is optimized with the Yoast SEO plugin v20.0 - https:\/\/yoast.com\/wordpress\/plugins\/seo\/ -->\n<title>Waffa - Waffa Sports<\/title>\n<meta name=\"robots\" content=\"index, follow, max-snippet:-1, max-image-preview:large, max-video-preview:-1\" \/>\n<link rel=\"canonical\" href=\"https:\/\/waffasports.com\/fi\/waffa\/\" \/>\n<meta property=\"og:locale\" content=\"fi_FI\" \/>\n<meta property=\"og:type\" content=\"article\" \/>\n<meta property=\"og:title\" content=\"Waffa - Waffa Sports\" \/>\n<meta property=\"og:description\" content=\"[vc_row css=&#8221;.vc_custom_1758661078074{margin-top: -480px !important;}&#8221;][vc_column width=&#8221;1\/2&#8243;][vc_single_image image=&#8221;7596&#8243; img_size=&#8221;large&#8221; alignment=&#8221;center&#8221; onclick=&#8221;link_image&#8221;][\/vc_column][vc_column width=&#8221;1\/2&#8243;][vc_column_text] Tarina [\/vc_column_text][vc_column_text] Waffa-tuotemerkin nimi tulee suomenkielisest\u00e4 sanasta &#8221;vahva&#8221;, joka tarkoittaa...\" \/>\n<meta property=\"og:url\" content=\"https:\/\/waffasports.com\/fi\/waffa\/\" \/>\n<meta property=\"og:site_name\" content=\"Waffa Sports\" \/>\n<meta property=\"article:publisher\" content=\"https:\/\/www.facebook.com\/waffasports\" \/>\n<meta property=\"article:modified_time\" content=\"2026-03-05T16:16:22+00:00\" \/>\n<meta name=\"twitter:card\" content=\"summary_large_image\" \/>\n<meta name=\"twitter:label1\" content=\"Arvioitu lukuaika\" \/>\n\t<meta name=\"twitter:data1\" content=\"5 minuuttia\" \/>\n<script type=\"application\/ld+json\" class=\"yoast-schema-graph\">{\"@context\":\"https:\/\/schema.org\",\"@graph\":[{\"@type\":\"WebPage\",\"@id\":\"https:\/\/waffasports.com\/fi\/waffa\/\",\"url\":\"https:\/\/waffasports.com\/fi\/waffa\/\",\"name\":\"Waffa - Waffa Sports\",\"isPartOf\":{\"@id\":\"https:\/\/waffasports.com\/#website\"},\"datePublished\":\"2020-12-28T07:29:01+00:00\",\"dateModified\":\"2026-03-05T16:16:22+00:00\",\"breadcrumb\":{\"@id\":\"https:\/\/waffasports.com\/fi\/waffa\/#breadcrumb\"},\"inLanguage\":\"fi\",\"potentialAction\":[{\"@type\":\"ReadAction\",\"target\":[\"https:\/\/waffasports.com\/fi\/waffa\/\"]}]},{\"@type\":\"BreadcrumbList\",\"@id\":\"https:\/\/waffasports.com\/fi\/waffa\/#breadcrumb\",\"itemListElement\":[{\"@type\":\"ListItem\",\"position\":1,\"name\":\"Home\",\"item\":\"https:\/\/waffasports.com\/fi\/\"},{\"@type\":\"ListItem\",\"position\":2,\"name\":\"Waffa\"}]},{\"@type\":\"WebSite\",\"@id\":\"https:\/\/waffasports.com\/#website\",\"url\":\"https:\/\/waffasports.com\/\",\"name\":\"Waffa Sports\",\"description\":\"Outdoor gym\",\"publisher\":{\"@id\":\"https:\/\/waffasports.com\/#organization\"},\"potentialAction\":[{\"@type\":\"SearchAction\",\"target\":{\"@type\":\"EntryPoint\",\"urlTemplate\":\"https:\/\/waffasports.com\/?s={search_term_string}\"},\"query-input\":\"required name=search_term_string\"}],\"inLanguage\":\"fi\"},{\"@type\":\"Organization\",\"@id\":\"https:\/\/waffasports.com\/#organization\",\"name\":\"Waffa Sports\",\"url\":\"https:\/\/waffasports.com\/\",\"logo\":{\"@type\":\"ImageObject\",\"inLanguage\":\"fi\",\"@id\":\"https:\/\/waffasports.com\/#\/schema\/logo\/image\/\",\"url\":\"https:\/\/waffasports.com\/wp-content\/uploads\/2022\/01\/Waffa-sports.svg\",\"contentUrl\":\"https:\/\/waffasports.com\/wp-content\/uploads\/2022\/01\/Waffa-sports.svg\",\"caption\":\"Waffa Sports\"},\"image\":{\"@id\":\"https:\/\/waffasports.com\/#\/schema\/logo\/image\/\"},\"sameAs\":[\"https:\/\/www.instagram.com\/waffasports\/\",\"https:\/\/www.facebook.com\/waffasports\"]}]}<\/script>\n<!-- \/ Yoast SEO plugin. -->","yoast_head_json":{"title":"Waffa - Waffa Sports","robots":{"index":"index","follow":"follow","max-snippet":"max-snippet:-1","max-image-preview":"max-image-preview:large","max-video-preview":"max-video-preview:-1"},"canonical":"https:\/\/waffasports.com\/fi\/waffa\/","og_locale":"fi_FI","og_type":"article","og_title":"Waffa - Waffa Sports","og_description":"[vc_row css=&#8221;.vc_custom_1758661078074{margin-top: -480px !important;}&#8221;][vc_column width=&#8221;1\/2&#8243;][vc_single_image image=&#8221;7596&#8243; img_size=&#8221;large&#8221; alignment=&#8221;center&#8221; onclick=&#8221;link_image&#8221;][\/vc_column][vc_column width=&#8221;1\/2&#8243;][vc_column_text] Tarina [\/vc_column_text][vc_column_text] Waffa-tuotemerkin nimi tulee suomenkielisest\u00e4 sanasta &#8221;vahva&#8221;, joka tarkoittaa...","og_url":"https:\/\/waffasports.com\/fi\/waffa\/","og_site_name":"Waffa Sports","article_publisher":"https:\/\/www.facebook.com\/waffasports","article_modified_time":"2026-03-05T16:16:22+00:00","twitter_card":"summary_large_image","twitter_misc":{"Arvioitu lukuaika":"5 minuuttia"},"schema":{"@context":"https:\/\/schema.org","@graph":[{"@type":"WebPage","@id":"https:\/\/waffasports.com\/fi\/waffa\/","url":"https:\/\/waffasports.com\/fi\/waffa\/","name":"Waffa - Waffa Sports","isPartOf":{"@id":"https:\/\/waffasports.com\/#website"},"datePublished":"2020-12-28T07:29:01+00:00","dateModified":"2026-03-05T16:16:22+00:00","breadcrumb":{"@id":"https:\/\/waffasports.com\/fi\/waffa\/#breadcrumb"},"inLanguage":"fi","potentialAction":[{"@type":"ReadAction","target":["https:\/\/waffasports.com\/fi\/waffa\/"]}]},{"@type":"BreadcrumbList","@id":"https:\/\/waffasports.com\/fi\/waffa\/#breadcrumb","itemListElement":[{"@type":"ListItem","position":1,"name":"Home","item":"https:\/\/waffasports.com\/fi\/"},{"@type":"ListItem","position":2,"name":"Waffa"}]},{"@type":"WebSite","@id":"https:\/\/waffasports.com\/#website","url":"https:\/\/waffasports.com\/","name":"Waffa Sports","description":"Outdoor gym","publisher":{"@id":"https:\/\/waffasports.com\/#organization"},"potentialAction":[{"@type":"SearchAction","target":{"@type":"EntryPoint","urlTemplate":"https:\/\/waffasports.com\/?s={search_term_string}"},"query-input":"required name=search_term_string"}],"inLanguage":"fi"},{"@type":"Organization","@id":"https:\/\/waffasports.com\/#organization","name":"Waffa Sports","url":"https:\/\/waffasports.com\/","logo":{"@type":"ImageObject","inLanguage":"fi","@id":"https:\/\/waffasports.com\/#\/schema\/logo\/image\/","url":"https:\/\/waffasports.com\/wp-content\/uploads\/2022\/01\/Waffa-sports.svg","contentUrl":"https:\/\/waffasports.com\/wp-content\/uploads\/2022\/01\/Waffa-sports.svg","caption":"Waffa Sports"},"image":{"@id":"https:\/\/waffasports.com\/#\/schema\/logo\/image\/"},"sameAs":["https:\/\/www.instagram.com\/waffasports\/","https:\/\/www.facebook.com\/waffasports"]}]}},"_links":{"self":[{"href":"https:\/\/waffasports.com\/fi\/wp-json\/wp\/v2\/pages\/6189","targetHints":{"allow":["GET"]}}],"collection":[{"href":"https:\/\/waffasports.com\/fi\/wp-json\/wp\/v2\/pages"}],"about":[{"href":"https:\/\/waffasports.com\/fi\/wp-json\/wp\/v2\/types\/page"}],"author":[{"embeddable":true,"href":"https:\/\/waffasports.com\/fi\/wp-json\/wp\/v2\/users\/1"}],"replies":[{"embeddable":true,"href":"https:\/\/waffasports.com\/fi\/wp-json\/wp\/v2\/comments?post=6189"}],"version-history":[{"count":5,"href":"https:\/\/waffasports.com\/fi\/wp-json\/wp\/v2\/pages\/6189\/revisions"}],"predecessor-version":[{"id":8860,"href":"https:\/\/waffasports.com\/fi\/wp-json\/wp\/v2\/pages\/6189\/revisions\/8860"}],"wp:attachment":[{"href":"https:\/\/waffasports.com\/fi\/wp-json\/wp\/v2\/media?parent=6189"}],"curies":[{"name":"wp","href":"https:\/\/api.w.org\/{rel}","templated":true}]}}