{"id":6109,"date":"2020-11-03T20:44:06","date_gmt":"2020-11-03T20:44:06","guid":{"rendered":"https:\/\/waffasports.com\/ota-yhteytta\/"},"modified":"2023-04-26T14:34:56","modified_gmt":"2023-04-26T14:34:56","slug":"ota-yhteytta","status":"publish","type":"page","link":"https:\/\/waffasports.com\/fi\/ota-yhteytta\/","title":{"rendered":"Ota yhteytt\u00e4"},"content":{"rendered":"<section class=\"wpb-content-wrapper\"><p>[vc_row css=&#8221;.vc_custom_1674898140751{margin-top: -600px !important;margin-bottom: 0px !important;}&#8221; custom_css_code=&#8221;LmxpbmUtc3R5bGUlN0IlMEElMjAlMjAlMjAlMjBwb3NpdGlvbiUzQSUyMHJlbGF0aXZlJTNCJTBBJTIwJTIwJTIwJTIwZGlzcGxheSUzQSUyMGlubGluZS1ibG9jayUzQiUwQSUyMCUyMCUyMCUyMHotaW5kZXglM0ElMjA1JTNCJTBBJTdEJTBBLmxpbmUtc3R5bGUlM0FiZWZvcmUlMjAlN0IlMEElMjAlMjAlMjAlMjBjb250ZW50JTNBJTIwJTI3JTI3JTNCJTBBJTIwJTIwJTIwJTIwcG9zaXRpb24lM0ElMjBhYnNvbHV0ZSUzQiUwQSUyMCUyMCUyMCUyMHRvcCUzQSUyMDIwJTI1JTNCJTBBJTIwJTIwJTIwJTIwbGVmdCUzQSUyMDAlM0IlMEElMjAlMjAlMjAlMjB3aWR0aCUzQSUyMDEwMCUyNSUzQiUwQSUyMCUyMCUyMCUyMGhlaWdodCUzQSUyMDQwJTI1JTNCJTBBJTIwJTIwJTIwJTIwYmFja2dyb3VuZCUzQSUyMCUyM2VlZmY0MSUzQiUwQSUyMCUyMCUyMCUyMHotaW5kZXglM0ElMjAtMSUzQiUwQSU3RA==&#8221;][vc_column]<div class=\"gem-team row inline-row gem-team-style-1\" >\n<div class=\"col-md-4 col-sm-6 col-xs-12 inline-column\"> <div id=\"post-4801\" class=\"team-person centered-box default-background post-4801 thegem_team_person type-thegem_team_person status-publish has-post-thumbnail\" style=\" \"> <div class=\"team-person-image\"><span><img decoding=\"async\" width=\"240\" height=\"240\" src=\"https:\/\/waffasports.com\/wp-content\/uploads\/2022\/06\/JARI-thegem-person-240.jpg\" class=\"img-responsive wp-post-image\" alt=\"JARI\" srcset=\"https:\/\/waffasports.com\/wp-content\/uploads\/2022\/06\/JARI-thegem-person.jpg 2x\" sizes=\"100vw\" \/><\/span><\/div> <div class=\"team-person-info\"> <div class=\"team-person-name title-h4\" >Jari R\u00e4nn\u00e4l\u00e4<\/div> <div class=\"team-person-position date-color\" >R&D<\/div> <div class=\"team-person-email\"><a href=\"mailto:jari.rannala@slingshot.fi\">jari.rannala@slingshot.fi<\/a><\/div> <\/div> <a class=\"team-person-link\" href=\"https:\/\/waffasports.com\/contact\/jari-rannala\/\" target=\"_blank\"><\/a>\t<\/div>\n<\/div> <div class=\"col-md-4 col-sm-6 col-xs-12 inline-column\"> <div id=\"post-4804\" class=\"team-person centered-box default-background post-4804 thegem_team_person type-thegem_team_person status-publish has-post-thumbnail\" style=\" \"> <div class=\"team-person-image\"><img decoding=\"async\" width=\"240\" height=\"240\" src=\"https:\/\/waffasports.com\/wp-content\/uploads\/2022\/06\/Ronny-thegem-person-240.jpg\" class=\"img-responsive wp-post-image\" alt=\"Ronny\" srcset=\"https:\/\/waffasports.com\/wp-content\/uploads\/2022\/06\/Ronny-thegem-person.jpg 2x\" sizes=\"100vw\" \/><\/div> <div class=\"team-person-info\"> <div class=\"team-person-name title-h4\" >Ronny R\u00e4nn\u00e4l\u00e4<\/div> <div class=\"team-person-position date-color\" >Sales - Finland<\/div> <div class=\"team-person-email\"><a href=\"mailto:ronny.rannala@slingshot.fi\">ronny.rannala@slingshot.fi<\/a><\/div> <\/div> <\/div>\n<\/div>\n<\/div>[\/vc_column][\/vc_row][vc_row css=&#8221;.vc_custom_1674898064207{margin-bottom: 0px !important;padding-right: 15px !important;padding-left: 15px !important;}&#8221; custom_css_code=&#8221;dGV4dGFyZWElMjAlN0IlMEElMjAlMjAlMjAlMjBoZWlnaHQlM0ElMjAxODBweCUzQiUwQSU3RCUwQS53cGNmNyUyMGlucHV0JTVCdHlwZSUzRHN1Ym1pdCU1RCU3QiUwQSUyMCUyMCUyMCUyMGRpc3BsYXklM0ElMjBibG9jayUzQiUwQSUyMCUyMCUyMCUyMHdpZHRoJTNBJTIwYXV0byUzQiUwQSUyMCUyMCUyMCUyMHBhZGRpbmclM0ElMjAxMHB4JTIwMzBweCUzQiUwQSUyMCUyMCUyMCUyMGNvbG9yJTNBJTIwJTIzMmMyZTNkJTNCJTBBJTIwJTIwJTIwJTIwYmFja2dyb3VuZCUzQSUyMHRyYW5zcGFyZW50JTNCJTBBJTIwJTIwJTIwJTIwYm9yZGVyJTNBJTIwM3B4JTIwc29saWQlMjAlMjMyYzJlM2QlM0IlMEElMjAlMjAlMjAlMjBib3JkZXItcmFkaXVzJTNBJTIwMCUzQiUwQSUyMCUyMCUyMCUyMGZvbnQtc2l6ZSUzQSUyMDE0cHglM0IlMEElMjAlMjAlMjAlMjBsaW5lLWhlaWdodCUzQSUyMDI2cHglM0IlMEElN0QlMEEud3BjZjclMjBpbnB1dCU1QnR5cGUlM0RzdWJtaXQlNUQlM0Fob3ZlciU3QiUwQSUyMCUyMCUyMCUyMGNvbG9yJTNBJTIwJTIzZmZmJTNCJTBBJTIwJTIwJTIwJTIwYmFja2dyb3VuZCUzQSUyMCUyMzJjMmUzZCUzQiUwQSU3RCUwQSUzQSUzQXBsYWNlaG9sZGVyJTdCJTBBJTIwJTIwJTIwJTIwY29sb3IlM0ElMjAlMjNhOGI0YmMlM0IlMEElN0Q=&#8221;][vc_column css=&#8221;.vc_custom_1581927329317{padding-right: 0px !important;padding-left: 0px !important;}&#8221;]<div class=\"clearboth\"><\/div><style>#thegem-divider-69d7ab3d25d5e {margin-top: 80px !important;}<\/style><div id=\"thegem-divider-69d7ab3d25d5e\" class=\"gem-divider  \" style=\"\" ><\/div>[vc_column_text el_class=&#8221;subtitle-text&#8221;]<\/p>\n<div class=\"styled-subtitle\" style=\"text-align: left;\"><span style=\"color: #0072bc;\">J\u00c4T\u00c4 MEILLE VIESTI<\/span><\/div>\n<p>[\/vc_column_text][vc_column_text css=&#8221;.vc_custom_1681490781890{padding-right: 15px !important;padding-left: 15px !important;}&#8221;]<div class=\"forminator-ui forminator-custom-form forminator-custom-form-6170 forminator-design--flat  forminator_ajax draft-enabled\" data-forminator-render=\"0\" data-form=\"forminator-module-6170\" data-uid=\"69d7ab3d25d8f\"><br\/><\/div><form\n\t\t\t\tid=\"forminator-module-6170\"\n\t\t\t\tclass=\"forminator-ui forminator-custom-form forminator-custom-form-6170 forminator-design--flat  forminator_ajax draft-enabled\"\n\t\t\t\tmethod=\"post\"\n\t\t\t\tdata-forminator-render=\"0\"\n\t\t\t\tdata-form-id=\"6170\"\n\t\t\t\t\n\t\t\t\tdata-design=\"flat\"\n\t\t\t\t\n\t\t\t\t\n\t\t\t\t\n\t\t\t\tdata-grid=\"open\"\n\t\t\t\t\n\t\t\t\t\n\t\t\t\tstyle=\"display: none;\"\n\t\t\t\t\n\t\t\t\tdata-uid=\"69d7ab3d25d8f\"\n\t\t\t><div role=\"alert\" aria-live=\"polite\" class=\"forminator-response-message forminator-error\" aria-hidden=\"true\"><\/div><div class=\"forminator-row\"><div id=\"name-1\" class=\"forminator-field-name forminator-col forminator-col-12 \"><div class=\"forminator-row forminator-no-margin\" data-multiple=\"true\"><div class=\"forminator-col forminator-col-md-6\"><div class=\"forminator-field\"><label for=\"forminator-field-first-name-1_69d7ab3d25d8f\" class=\"forminator-label\" id=\"forminator-field-first-name-1_69d7ab3d25d8f-label\">Sinun nimesi<\/label><input type=\"text\" name=\"name-1-first-name\" placeholder=\"\" id=\"forminator-field-first-name-1_69d7ab3d25d8f\" class=\"forminator-input\" aria-required=\"false\" data-multi=\"1\" value=\"\" \/><\/div><\/div><\/div><\/div><\/div><div class=\"forminator-row\"><div id=\"email-1\" class=\"forminator-field-email forminator-col forminator-col-12 \"><div class=\"forminator-field\"><label for=\"forminator-field-email-1_69d7ab3d25d8f\" class=\"forminator-label\" id=\"forminator-field-email-1_69d7ab3d25d8f-label\">S\u00e4hk\u00f6postiosoite <span class=\"forminator-required\">*<\/span><\/label><input type=\"email\" name=\"email-1\" value=\"\" placeholder=\"\" id=\"forminator-field-email-1_69d7ab3d25d8f\" class=\"forminator-input forminator-email--field\" data-required=\"true\" aria-required=\"true\" \/><\/div><\/div><\/div><div class=\"forminator-row\"><div id=\"phone-1\" class=\"forminator-field-phone forminator-col forminator-col-12 \"><div class=\"forminator-field\"><label for=\"forminator-field-phone-1_69d7ab3d25d8f\" class=\"forminator-label\" id=\"forminator-field-phone-1_69d7ab3d25d8f-label\">Puhelinnumero<\/label><input type=\"text\" name=\"phone-1\" value=\"\" placeholder=\"\" id=\"forminator-field-phone-1_69d7ab3d25d8f\" class=\"forminator-input forminator-field--phone\" data-required=\"\" aria-required=\"false\" autocomplete=\"off\" data-validation=\"1\" \/><\/div><\/div><\/div><div class=\"forminator-row\"><div id=\"textarea-1\" class=\"forminator-field-textarea forminator-col forminator-col-12 \"><div class=\"forminator-field\"><label for=\"forminator-field-textarea-1_69d7ab3d25d8f\" id=\"forminator-field-textarea-1_69d7ab3d25d8f-label\" class=\"forminator-label\">Viesti<\/label><textarea name=\"textarea-1\" placeholder=\"\" id=\"forminator-field-textarea-1_69d7ab3d25d8f\" class=\"forminator-textarea\" rows=\"6\" style=\"min-height:140px;\" maxlength=\"1000\" ><\/textarea><span id=\"forminator-field-textarea-1_69d7ab3d25d8f-description\" class=\"forminator-description\"><span data-limit=\"1000\" data-type=\"characters\">0 \/ 1000<\/span><\/span><\/div><\/div><\/div><div class=\"forminator-row\"><div id=\"captcha-1\" class=\"forminator-field-captcha forminator-col forminator-col-12 \"><div class=\"forminator-g-recaptcha\" data-theme=\"light\"  data-sitekey=\"6Lfu2TIkAAAAAOTqcLtLVh7UmCDVx73VFojb1oR7\" data-size=\"normal\"><\/div> <\/div><\/div><input type=\"hidden\" name=\"referer_url\" value=\"\" \/><div class=\"forminator-row forminator-row-last\"><div class=\"forminator-col\"><div class=\"forminator-field\"><button class=\"forminator-button forminator-button-submit\">L&auml;hett&auml;&auml;<\/button><a href=\"#\" class=\"forminator-save-draft-link disabled\" title=\"Fill in form fields before saving it as a draft\" formnovalidate>Save as Draft<\/a><\/div><\/div><\/div><input type=\"hidden\" id=\"forminator_nonce\" name=\"forminator_nonce\" value=\"f6026fcce2\" \/><input type=\"hidden\" name=\"_wp_http_referer\" value=\"\/fi\/wp-json\/wp\/v2\/pages\/6109\" \/><input type=\"hidden\" name=\"form_id\" value=\"6170\"><input type=\"hidden\" name=\"page_id\" value=\"4804\"><input type=\"hidden\" name=\"form_type\" value=\"default\"><input type=\"hidden\" name=\"current_url\" value=\"https:\/\/waffasports.com\/fi\/thegem_team_person\/ronny-rannala\/\"><input type=\"hidden\" name=\"render_id\" value=\"0\"><input type=\"hidden\" name=\"action\" value=\"forminator_submit_form_custom-forms\"><input type=\"hidden\" name=\"save_draft\" value=\"false\"><\/form>[\/vc_column_text]<div class=\"clearboth\"><\/div><style>#thegem-divider-69d7ab3d2e165 {margin-top: 100px !important;}<\/style><div id=\"thegem-divider-69d7ab3d2e165\" class=\"gem-divider  \" style=\"\" ><\/div>[\/vc_column][\/vc_row]<\/p>\n<\/section>","protected":false},"excerpt":{"rendered":"<p>[vc_row css=&#8221;.vc_custom_1674898140751{margin-top: -600px !important;margin-bottom: 0px !important;}&#8221; custom_css_code=&#8221;LmxpbmUtc3R5bGUlN0IlMEElMjAlMjAlMjAlMjBwb3NpdGlvbiUzQSUyMHJlbGF0aXZlJTNCJTBBJTIwJTIwJTIwJTIwZGlzcGxheSUzQSUyMGlubGluZS1ibG9jayUzQiUwQSUyMCUyMCUyMCUyMHotaW5kZXglM0ElMjA1JTNCJTBBJTdEJTBBLmxpbmUtc3R5bGUlM0FiZWZvcmUlMjAlN0IlMEElMjAlMjAlMjAlMjBjb250ZW50JTNBJTIwJTI3JTI3JTNCJTBBJTIwJTIwJTIwJTIwcG9zaXRpb24lM0ElMjBhYnNvbHV0ZSUzQiUwQSUyMCUyMCUyMCUyMHRvcCUzQSUyMDIwJTI1JTNCJTBBJTIwJTIwJTIwJTIwbGVmdCUzQSUyMDAlM0IlMEElMjAlMjAlMjAlMjB3aWR0aCUzQSUyMDEwMCUyNSUzQiUwQSUyMCUyMCUyMCUyMGhlaWdodCUzQSUyMDQwJTI1JTNCJTBBJTIwJTIwJTIwJTIwYmFja2dyb3VuZCUzQSUyMCUyM2VlZmY0MSUzQiUwQSUyMCUyMCUyMCUyMHotaW5kZXglM0ElMjAtMSUzQiUwQSU3RA==&#8221;][vc_column][\/vc_column][\/vc_row][vc_row css=&#8221;.vc_custom_1674898064207{margin-bottom: 0px !important;padding-right: 15px !important;padding-left: 15px !important;}&#8221; custom_css_code=&#8221;dGV4dGFyZWElMjAlN0IlMEElMjAlMjAlMjAlMjBoZWlnaHQlM0ElMjAxODBweCUzQiUwQSU3RCUwQS53cGNmNyUyMGlucHV0JTVCdHlwZSUzRHN1Ym1pdCU1RCU3QiUwQSUyMCUyMCUyMCUyMGRpc3BsYXklM0ElMjBibG9jayUzQiUwQSUyMCUyMCUyMCUyMHdpZHRoJTNBJTIwYXV0byUzQiUwQSUyMCUyMCUyMCUyMHBhZGRpbmclM0ElMjAxMHB4JTIwMzBweCUzQiUwQSUyMCUyMCUyMCUyMGNvbG9yJTNBJTIwJTIzMmMyZTNkJTNCJTBBJTIwJTIwJTIwJTIwYmFja2dyb3VuZCUzQSUyMHRyYW5zcGFyZW50JTNCJTBBJTIwJTIwJTIwJTIwYm9yZGVyJTNBJTIwM3B4JTIwc29saWQlMjAlMjMyYzJlM2QlM0IlMEElMjAlMjAlMjAlMjBib3JkZXItcmFkaXVzJTNBJTIwMCUzQiUwQSUyMCUyMCUyMCUyMGZvbnQtc2l6ZSUzQSUyMDE0cHglM0IlMEElMjAlMjAlMjAlMjBsaW5lLWhlaWdodCUzQSUyMDI2cHglM0IlMEElN0QlMEEud3BjZjclMjBpbnB1dCU1QnR5cGUlM0RzdWJtaXQlNUQlM0Fob3ZlciU3QiUwQSUyMCUyMCUyMCUyMGNvbG9yJTNBJTIwJTIzZmZmJTNCJTBBJTIwJTIwJTIwJTIwYmFja2dyb3VuZCUzQSUyMCUyMzJjMmUzZCUzQiUwQSU3RCUwQSUzQSUzQXBsYWNlaG9sZGVyJTdCJTBBJTIwJTIwJTIwJTIwY29sb3IlM0ElMjAlMjNhOGI0YmMlM0IlMEElN0Q=&#8221;][vc_column css=&#8221;.vc_custom_1581927329317{padding-right: 0px !important;padding-left: 0px !important;}&#8221;][vc_column_text&#8230;<\/p>\n","protected":false},"author":1,"featured_media":0,"parent":0,"menu_order":0,"comment_status":"closed","ping_status":"closed","template":"","meta":{"footnotes":""},"class_list":["post-6109","page","type-page","status-publish"],"yoast_head":"<!-- This site is optimized with the Yoast SEO plugin v20.0 - https:\/\/yoast.com\/wordpress\/plugins\/seo\/ -->\n<title>Ota yhteytt\u00e4 - Waffa Sports<\/title>\n<meta name=\"robots\" content=\"index, follow, max-snippet:-1, max-image-preview:large, max-video-preview:-1\" \/>\n<link rel=\"canonical\" href=\"https:\/\/waffasports.com\/fi\/ota-yhteytta\/\" \/>\n<meta property=\"og:locale\" content=\"fi_FI\" \/>\n<meta property=\"og:type\" content=\"article\" \/>\n<meta property=\"og:title\" content=\"Ota yhteytt\u00e4 - Waffa Sports\" \/>\n<meta property=\"og:description\" content=\"[vc_row css=&#8221;.vc_custom_1674898140751{margin-top: -600px !important;margin-bottom: 0px !important;}&#8221; custom_css_code=&#8221;LmxpbmUtc3R5bGUlN0IlMEElMjAlMjAlMjAlMjBwb3NpdGlvbiUzQSUyMHJlbGF0aXZlJTNCJTBBJTIwJTIwJTIwJTIwZGlzcGxheSUzQSUyMGlubGluZS1ibG9jayUzQiUwQSUyMCUyMCUyMCUyMHotaW5kZXglM0ElMjA1JTNCJTBBJTdEJTBBLmxpbmUtc3R5bGUlM0FiZWZvcmUlMjAlN0IlMEElMjAlMjAlMjAlMjBjb250ZW50JTNBJTIwJTI3JTI3JTNCJTBBJTIwJTIwJTIwJTIwcG9zaXRpb24lM0ElMjBhYnNvbHV0ZSUzQiUwQSUyMCUyMCUyMCUyMHRvcCUzQSUyMDIwJTI1JTNCJTBBJTIwJTIwJTIwJTIwbGVmdCUzQSUyMDAlM0IlMEElMjAlMjAlMjAlMjB3aWR0aCUzQSUyMDEwMCUyNSUzQiUwQSUyMCUyMCUyMCUyMGhlaWdodCUzQSUyMDQwJTI1JTNCJTBBJTIwJTIwJTIwJTIwYmFja2dyb3VuZCUzQSUyMCUyM2VlZmY0MSUzQiUwQSUyMCUyMCUyMCUyMHotaW5kZXglM0ElMjAtMSUzQiUwQSU3RA==&#8221;][vc_column][\/vc_column][\/vc_row][vc_row css=&#8221;.vc_custom_1674898064207{margin-bottom: 0px !important;padding-right: 15px !important;padding-left: 15px !important;}&#8221; custom_css_code=&#8221;dGV4dGFyZWElMjAlN0IlMEElMjAlMjAlMjAlMjBoZWlnaHQlM0ElMjAxODBweCUzQiUwQSU3RCUwQS53cGNmNyUyMGlucHV0JTVCdHlwZSUzRHN1Ym1pdCU1RCU3QiUwQSUyMCUyMCUyMCUyMGRpc3BsYXklM0ElMjBibG9jayUzQiUwQSUyMCUyMCUyMCUyMHdpZHRoJTNBJTIwYXV0byUzQiUwQSUyMCUyMCUyMCUyMHBhZGRpbmclM0ElMjAxMHB4JTIwMzBweCUzQiUwQSUyMCUyMCUyMCUyMGNvbG9yJTNBJTIwJTIzMmMyZTNkJTNCJTBBJTIwJTIwJTIwJTIwYmFja2dyb3VuZCUzQSUyMHRyYW5zcGFyZW50JTNCJTBBJTIwJTIwJTIwJTIwYm9yZGVyJTNBJTIwM3B4JTIwc29saWQlMjAlMjMyYzJlM2QlM0IlMEElMjAlMjAlMjAlMjBib3JkZXItcmFkaXVzJTNBJTIwMCUzQiUwQSUyMCUyMCUyMCUyMGZvbnQtc2l6ZSUzQSUyMDE0cHglM0IlMEElMjAlMjAlMjAlMjBsaW5lLWhlaWdodCUzQSUyMDI2cHglM0IlMEElN0QlMEEud3BjZjclMjBpbnB1dCU1QnR5cGUlM0RzdWJtaXQlNUQlM0Fob3ZlciU3QiUwQSUyMCUyMCUyMCUyMGNvbG9yJTNBJTIwJTIzZmZmJTNCJTBBJTIwJTIwJTIwJTIwYmFja2dyb3VuZCUzQSUyMCUyMzJjMmUzZCUzQiUwQSU3RCUwQSUzQSUzQXBsYWNlaG9sZGVyJTdCJTBBJTIwJTIwJTIwJTIwY29sb3IlM0ElMjAlMjNhOGI0YmMlM0IlMEElN0Q=&#8221;][vc_column css=&#8221;.vc_custom_1581927329317{padding-right: 0px !important;padding-left: 0px !important;}&#8221;][vc_column_text...\" \/>\n<meta property=\"og:url\" content=\"https:\/\/waffasports.com\/fi\/ota-yhteytta\/\" \/>\n<meta property=\"og:site_name\" content=\"Waffa Sports\" \/>\n<meta property=\"article:publisher\" content=\"https:\/\/www.facebook.com\/waffasports\" \/>\n<meta property=\"article:modified_time\" content=\"2023-04-26T14:34:56+00:00\" \/>\n<meta name=\"twitter:card\" content=\"summary_large_image\" \/>\n<meta name=\"twitter:label1\" content=\"Arvioitu lukuaika\" \/>\n\t<meta name=\"twitter:data1\" content=\"1 minuutti\" \/>\n<script type=\"application\/ld+json\" class=\"yoast-schema-graph\">{\"@context\":\"https:\/\/schema.org\",\"@graph\":[{\"@type\":\"WebPage\",\"@id\":\"https:\/\/waffasports.com\/fi\/ota-yhteytta\/\",\"url\":\"https:\/\/waffasports.com\/fi\/ota-yhteytta\/\",\"name\":\"Ota yhteytt\u00e4 - Waffa Sports\",\"isPartOf\":{\"@id\":\"https:\/\/waffasports.com\/#website\"},\"datePublished\":\"2020-11-03T20:44:06+00:00\",\"dateModified\":\"2023-04-26T14:34:56+00:00\",\"breadcrumb\":{\"@id\":\"https:\/\/waffasports.com\/fi\/ota-yhteytta\/#breadcrumb\"},\"inLanguage\":\"fi\",\"potentialAction\":[{\"@type\":\"ReadAction\",\"target\":[\"https:\/\/waffasports.com\/fi\/ota-yhteytta\/\"]}]},{\"@type\":\"BreadcrumbList\",\"@id\":\"https:\/\/waffasports.com\/fi\/ota-yhteytta\/#breadcrumb\",\"itemListElement\":[{\"@type\":\"ListItem\",\"position\":1,\"name\":\"Home\",\"item\":\"https:\/\/waffasports.com\/fi\/\"},{\"@type\":\"ListItem\",\"position\":2,\"name\":\"Ota yhteytt\u00e4\"}]},{\"@type\":\"WebSite\",\"@id\":\"https:\/\/waffasports.com\/#website\",\"url\":\"https:\/\/waffasports.com\/\",\"name\":\"Waffa Sports\",\"description\":\"Outdoor gym\",\"publisher\":{\"@id\":\"https:\/\/waffasports.com\/#organization\"},\"potentialAction\":[{\"@type\":\"SearchAction\",\"target\":{\"@type\":\"EntryPoint\",\"urlTemplate\":\"https:\/\/waffasports.com\/?s={search_term_string}\"},\"query-input\":\"required name=search_term_string\"}],\"inLanguage\":\"fi\"},{\"@type\":\"Organization\",\"@id\":\"https:\/\/waffasports.com\/#organization\",\"name\":\"Waffa Sports\",\"url\":\"https:\/\/waffasports.com\/\",\"logo\":{\"@type\":\"ImageObject\",\"inLanguage\":\"fi\",\"@id\":\"https:\/\/waffasports.com\/#\/schema\/logo\/image\/\",\"url\":\"https:\/\/waffasports.com\/wp-content\/uploads\/2022\/01\/Waffa-sports.svg\",\"contentUrl\":\"https:\/\/waffasports.com\/wp-content\/uploads\/2022\/01\/Waffa-sports.svg\",\"caption\":\"Waffa Sports\"},\"image\":{\"@id\":\"https:\/\/waffasports.com\/#\/schema\/logo\/image\/\"},\"sameAs\":[\"https:\/\/www.instagram.com\/waffasports\/\",\"https:\/\/www.facebook.com\/waffasports\"]}]}<\/script>\n<!-- \/ Yoast SEO plugin. -->","yoast_head_json":{"title":"Ota yhteytt\u00e4 - Waffa Sports","robots":{"index":"index","follow":"follow","max-snippet":"max-snippet:-1","max-image-preview":"max-image-preview:large","max-video-preview":"max-video-preview:-1"},"canonical":"https:\/\/waffasports.com\/fi\/ota-yhteytta\/","og_locale":"fi_FI","og_type":"article","og_title":"Ota yhteytt\u00e4 - Waffa Sports","og_description":"[vc_row css=&#8221;.vc_custom_1674898140751{margin-top: -600px !important;margin-bottom: 0px !important;}&#8221; custom_css_code=&#8221;LmxpbmUtc3R5bGUlN0IlMEElMjAlMjAlMjAlMjBwb3NpdGlvbiUzQSUyMHJlbGF0aXZlJTNCJTBBJTIwJTIwJTIwJTIwZGlzcGxheSUzQSUyMGlubGluZS1ibG9jayUzQiUwQSUyMCUyMCUyMCUyMHotaW5kZXglM0ElMjA1JTNCJTBBJTdEJTBBLmxpbmUtc3R5bGUlM0FiZWZvcmUlMjAlN0IlMEElMjAlMjAlMjAlMjBjb250ZW50JTNBJTIwJTI3JTI3JTNCJTBBJTIwJTIwJTIwJTIwcG9zaXRpb24lM0ElMjBhYnNvbHV0ZSUzQiUwQSUyMCUyMCUyMCUyMHRvcCUzQSUyMDIwJTI1JTNCJTBBJTIwJTIwJTIwJTIwbGVmdCUzQSUyMDAlM0IlMEElMjAlMjAlMjAlMjB3aWR0aCUzQSUyMDEwMCUyNSUzQiUwQSUyMCUyMCUyMCUyMGhlaWdodCUzQSUyMDQwJTI1JTNCJTBBJTIwJTIwJTIwJTIwYmFja2dyb3VuZCUzQSUyMCUyM2VlZmY0MSUzQiUwQSUyMCUyMCUyMCUyMHotaW5kZXglM0ElMjAtMSUzQiUwQSU3RA==&#8221;][vc_column][\/vc_column][\/vc_row][vc_row css=&#8221;.vc_custom_1674898064207{margin-bottom: 0px !important;padding-right: 15px !important;padding-left: 15px !important;}&#8221; custom_css_code=&#8221;dGV4dGFyZWElMjAlN0IlMEElMjAlMjAlMjAlMjBoZWlnaHQlM0ElMjAxODBweCUzQiUwQSU3RCUwQS53cGNmNyUyMGlucHV0JTVCdHlwZSUzRHN1Ym1pdCU1RCU3QiUwQSUyMCUyMCUyMCUyMGRpc3BsYXklM0ElMjBibG9jayUzQiUwQSUyMCUyMCUyMCUyMHdpZHRoJTNBJTIwYXV0byUzQiUwQSUyMCUyMCUyMCUyMHBhZGRpbmclM0ElMjAxMHB4JTIwMzBweCUzQiUwQSUyMCUyMCUyMCUyMGNvbG9yJTNBJTIwJTIzMmMyZTNkJTNCJTBBJTIwJTIwJTIwJTIwYmFja2dyb3VuZCUzQSUyMHRyYW5zcGFyZW50JTNCJTBBJTIwJTIwJTIwJTIwYm9yZGVyJTNBJTIwM3B4JTIwc29saWQlMjAlMjMyYzJlM2QlM0IlMEElMjAlMjAlMjAlMjBib3JkZXItcmFkaXVzJTNBJTIwMCUzQiUwQSUyMCUyMCUyMCUyMGZvbnQtc2l6ZSUzQSUyMDE0cHglM0IlMEElMjAlMjAlMjAlMjBsaW5lLWhlaWdodCUzQSUyMDI2cHglM0IlMEElN0QlMEEud3BjZjclMjBpbnB1dCU1QnR5cGUlM0RzdWJtaXQlNUQlM0Fob3ZlciU3QiUwQSUyMCUyMCUyMCUyMGNvbG9yJTNBJTIwJTIzZmZmJTNCJTBBJTIwJTIwJTIwJTIwYmFja2dyb3VuZCUzQSUyMCUyMzJjMmUzZCUzQiUwQSU3RCUwQSUzQSUzQXBsYWNlaG9sZGVyJTdCJTBBJTIwJTIwJTIwJTIwY29sb3IlM0ElMjAlMjNhOGI0YmMlM0IlMEElN0Q=&#8221;][vc_column css=&#8221;.vc_custom_1581927329317{padding-right: 0px !important;padding-left: 0px !important;}&#8221;][vc_column_text...","og_url":"https:\/\/waffasports.com\/fi\/ota-yhteytta\/","og_site_name":"Waffa Sports","article_publisher":"https:\/\/www.facebook.com\/waffasports","article_modified_time":"2023-04-26T14:34:56+00:00","twitter_card":"summary_large_image","twitter_misc":{"Arvioitu lukuaika":"1 minuutti"},"schema":{"@context":"https:\/\/schema.org","@graph":[{"@type":"WebPage","@id":"https:\/\/waffasports.com\/fi\/ota-yhteytta\/","url":"https:\/\/waffasports.com\/fi\/ota-yhteytta\/","name":"Ota yhteytt\u00e4 - Waffa Sports","isPartOf":{"@id":"https:\/\/waffasports.com\/#website"},"datePublished":"2020-11-03T20:44:06+00:00","dateModified":"2023-04-26T14:34:56+00:00","breadcrumb":{"@id":"https:\/\/waffasports.com\/fi\/ota-yhteytta\/#breadcrumb"},"inLanguage":"fi","potentialAction":[{"@type":"ReadAction","target":["https:\/\/waffasports.com\/fi\/ota-yhteytta\/"]}]},{"@type":"BreadcrumbList","@id":"https:\/\/waffasports.com\/fi\/ota-yhteytta\/#breadcrumb","itemListElement":[{"@type":"ListItem","position":1,"name":"Home","item":"https:\/\/waffasports.com\/fi\/"},{"@type":"ListItem","position":2,"name":"Ota yhteytt\u00e4"}]},{"@type":"WebSite","@id":"https:\/\/waffasports.com\/#website","url":"https:\/\/waffasports.com\/","name":"Waffa Sports","description":"Outdoor gym","publisher":{"@id":"https:\/\/waffasports.com\/#organization"},"potentialAction":[{"@type":"SearchAction","target":{"@type":"EntryPoint","urlTemplate":"https:\/\/waffasports.com\/?s={search_term_string}"},"query-input":"required name=search_term_string"}],"inLanguage":"fi"},{"@type":"Organization","@id":"https:\/\/waffasports.com\/#organization","name":"Waffa Sports","url":"https:\/\/waffasports.com\/","logo":{"@type":"ImageObject","inLanguage":"fi","@id":"https:\/\/waffasports.com\/#\/schema\/logo\/image\/","url":"https:\/\/waffasports.com\/wp-content\/uploads\/2022\/01\/Waffa-sports.svg","contentUrl":"https:\/\/waffasports.com\/wp-content\/uploads\/2022\/01\/Waffa-sports.svg","caption":"Waffa Sports"},"image":{"@id":"https:\/\/waffasports.com\/#\/schema\/logo\/image\/"},"sameAs":["https:\/\/www.instagram.com\/waffasports\/","https:\/\/www.facebook.com\/waffasports"]}]}},"_links":{"self":[{"href":"https:\/\/waffasports.com\/fi\/wp-json\/wp\/v2\/pages\/6109","targetHints":{"allow":["GET"]}}],"collection":[{"href":"https:\/\/waffasports.com\/fi\/wp-json\/wp\/v2\/pages"}],"about":[{"href":"https:\/\/waffasports.com\/fi\/wp-json\/wp\/v2\/types\/page"}],"author":[{"embeddable":true,"href":"https:\/\/waffasports.com\/fi\/wp-json\/wp\/v2\/users\/1"}],"replies":[{"embeddable":true,"href":"https:\/\/waffasports.com\/fi\/wp-json\/wp\/v2\/comments?post=6109"}],"version-history":[{"count":5,"href":"https:\/\/waffasports.com\/fi\/wp-json\/wp\/v2\/pages\/6109\/revisions"}],"predecessor-version":[{"id":6304,"href":"https:\/\/waffasports.com\/fi\/wp-json\/wp\/v2\/pages\/6109\/revisions\/6304"}],"wp:attachment":[{"href":"https:\/\/waffasports.com\/fi\/wp-json\/wp\/v2\/media?parent=6109"}],"curies":[{"name":"wp","href":"https:\/\/api.w.org\/{rel}","templated":true}]}}