{"id":6091,"date":"2022-01-23T08:55:31","date_gmt":"2022-01-23T08:55:31","guid":{"rendered":"https:\/\/waffasports.com\/product\/waffa-sl23-soudemasin\/"},"modified":"2024-10-30T10:46:22","modified_gmt":"2024-10-30T10:46:22","slug":"waffa-sl23-soudemasin","status":"publish","type":"product","link":"https:\/\/waffasports.com\/et\/toode\/waffa-sl23-soudemasin\/","title":{"rendered":"Waffa SL23 S\u00f5udemasin"},"content":{"rendered":"<section class=\"wpb-content-wrapper\"><p>[vc_row full_width=&#8221;stretch_row&#8221; content_placement=&#8221;middle&#8221; css=&#8221;.vc_custom_1644142607936{margin-bottom: 0px !important;}&#8221; custom_css_code=&#8221;LmdlbS10ZXh0Ym94JTIwJTdCJTBBJTIwJTIwJTIwJTIwbWFyZ2luLWJvdHRvbSUzQSUyMDAlM0IlMEElN0QlMEEuZ2VtLWJ1dHRvbi1zaXplLWxhcmdlJTdCJTBBJTIwJTIwJTIwJTIwbWluLXdpZHRoJTNBJTIwMzU2cHglM0IlMEElN0QlMEElNDBtZWRpYSUyMCUyOG1heC13aWR0aCUzQSUyMDQ4MHB4JTI5JTdCJTBBJTIwJTIwJTIwLmdlbS1idXR0b24tc2l6ZS1sYXJnZSU3QiUwQSUyMCUyMCUyMCUyMCUyMCUyMCUyMCUyMGZvbnQtc2l6ZSUzQSUyMDE0cHglM0IlMEElMjAlMjAlMjAlMjAlMjAlMjAlMjAlMjBtaW4td2lkdGglM0ElMjAyNzZweCUzQiUwQSUyMCUyMCUyMCUyMCUyMCUyMCUyMCUyMG1hcmdpbiUzQSUyMDMwcHglMjAwcHglM0IlMEElMjAlMjAlMjAlN0QlMEElMjAlMjAlMjAuZ2VtLWJ1dHRvbi1zaXplLWxhcmdlJTIwLmdlbS1wcmludC1pY29uJTIwJTdCJTBBJTIwJTIwJTIwJTIwJTIwJTIwJTIwJTIwZm9udC1zaXplJTNBJTIwMjhweCUzQiUwQSUyMCUyMCUyMCU3RCUwQSU3RA==&#8221;][vc_column css=&#8221;.vc_custom_1587645970139{padding-top: 0px !important;}&#8221; offset=&#8221;vc_col-lg-12&#8243;][vc_row_inner][vc_column_inner]<div class=\"gem-video gem-wrapbox gem-wrapbox-style-no-style rounded-corners gem-wrapbox-position-below\" style=\"width: 100%;\"><div class=\"gem-wrapbox-inner video-block gem-ratio-style\" style=\"padding-top: 56.25%\"><video width=\"100%\" height=\"100%\" controls=\"controls\" src=\"https:\/\/www.youtube.com\/watch?v=PfJWSWKQZ2w\"  poster=\"https:\/\/waffasports.com\/wp-content\/uploads\/2022\/01\/outdoor-gym-waffa-valijousaalid-seated-row.jpg\" preload=\"none\"><\/video><\/div><\/div>[\/vc_column_inner][\/vc_row_inner]<div class=\"gem-textbox  centered-box\"  ><div class=\"gem-textbox-inner\" style=\"\"><div class=\"gem-textbox-content\" style=\"background-position: center top;padding-top: 0px;padding-bottom: 0px;padding-left: 0px;padding-right: 0px;\"><div class=\"clearboth\"><\/div><style>#thegem-divider-69d84fdf67f26 {margin-top: 20px !important;}<\/style><div id=\"thegem-divider-69d84fdf67f26\" class=\"gem-divider  \" style=\"\" ><\/div><div class=\"gem-button-container gem-button-position-inline thegem-button-69d84fdf67fc25162    \"  ><a title=\"Outdoor gym equipment by Waffa Seated row\" class=\"gem-button gem-button-size-large gem-button-style-outline gem-button-text-weight-normal gem-button-border-4 gem-button-icon-position-left\" data-ll-effect=\"drop-right-without-wrap\" style=\"border-radius: 38px;border-color: #0072bc;color: #0072bc;\" onmouseleave=\"this.style.borderColor='#0072bc';this.style.backgroundColor='transparent';this.style.color='#0072bc';\" onmouseenter=\"this.style.borderColor='#0072bc';this.style.backgroundColor='#0072bc';this.style.color='#ffffff';\" href=\"https:\/\/waffasports.com\/wp-content\/uploads\/2022\/07\/SL23-Seated-row.pdf\" target=\"_blank\"><i class=\"gem-print-icon gem-icon-pack-material \">&#xf2dd;<\/i>PRODUCT CARD<\/a><\/div> <div class=\"gem-button-container gem-button-position-inline thegem-button-69d84fdf6803f1647    \"  ><a title=\"Waffa Outdoor gym equipment presentation\" class=\"gem-button gem-button-size-large gem-button-style-outline gem-button-text-weight-normal gem-button-border-4 gem-button-icon-position-left\" data-ll-effect=\"drop-right-without-wrap\" style=\"border-radius: 38px;border-color: #0072bc;color: #0072bc;\" onmouseleave=\"this.style.borderColor='#0072bc';this.style.backgroundColor='transparent';this.style.color='#0072bc';\" onmouseenter=\"this.style.borderColor='#0072bc';this.style.backgroundColor='#0072bc';this.style.color='#ffffff';\" href=\"https:\/\/waffasports.com\/wp-content\/uploads\/2022\/07\/Waffa-presentation-04032022-ENG-1.pdf\" target=\"_blank\"><i class=\"gem-print-icon gem-icon-pack-material \">&#xf2dd;<\/i>Waffa presentation<\/a><\/div> <div class=\"gem-button-container gem-button-position-inline thegem-button-69d84fdf680a3626    \"  ><a title=\"Instructions\" class=\"gem-button gem-button-size-large gem-button-style-outline gem-button-text-weight-normal gem-button-border-4 gem-button-icon-position-left\" data-ll-effect=\"drop-right-without-wrap\" style=\"border-radius: 38px;border-color: #0072bc;color: #0072bc;\" onmouseleave=\"this.style.borderColor='#0072bc';this.style.backgroundColor='transparent';this.style.color='#0072bc';\" onmouseenter=\"this.style.borderColor='#0072bc';this.style.backgroundColor='#0072bc';this.style.color='#ffffff';\" href=\"https:\/\/waffasports.com\/wp-content\/uploads\/2022\/10\/Waffa-SL23-Installation-18032022-min.pdf\" target=\"_blank\"><i class=\"gem-print-icon gem-icon-pack-material \">&#xf2dd;<\/i>Instructions<\/a><\/div> <div class=\"gem-button-container gem-button-position-inline thegem-button-69d84fdf68108176    \"  ><a title=\"2d drawing\" class=\"gem-button gem-button-size-large gem-button-style-outline gem-button-text-weight-normal gem-button-border-4 gem-button-icon-position-left\" data-ll-effect=\"drop-right-without-wrap\" style=\"border-radius: 38px;border-color: #0072bc;color: #0072bc;\" onmouseleave=\"this.style.borderColor='#0072bc';this.style.backgroundColor='transparent';this.style.color='#0072bc';\" onmouseenter=\"this.style.borderColor='#0072bc';this.style.backgroundColor='#0072bc';this.style.color='#ffffff';\" href=\"https:\/\/waffasports.com\/wp-content\/uploads\/2024\/02\/SL-23-LIGHT_kettaga.dwg\" target=\"_blank\"><i class=\"gem-print-icon gem-icon-pack-material \">&#xf2dd;<\/i>2D<\/a><\/div> <div class=\"clearboth\"><\/div><style>#thegem-divider-69d84fdf6813e {margin-top: 18px !important;}<\/style><div id=\"thegem-divider-69d84fdf6813e\" class=\"gem-divider  \" style=\"\" ><\/div><\/div><\/div><\/div>[\/vc_column][\/vc_row]<\/p>\n<\/section>","protected":false},"excerpt":{"rendered":"<p>Waffa v\u00e4lij\u00f5usaal koosneb kergetest ja fikseeritud raskusega treeningseadmetest. Seadmed on spetsiaalselt loodud eakatele, taastusraviks kui ka treenijatele, kes soovivad h\u00f5lpsasti kasutatavat ja kerget treeningkogemust. Seadme trajektorid ja raskused on optimiseeritud parima treeningkogemuse saamiseks.<\/p>\n<p>Waffa SL23 s\u00f5udemasin on lihtsasti kasutatav ja t\u00f5hus \u00fclakeha treeningmasin:<\/p>\n<ul>\n<li>Vormitud k\u00e4epidemed v\u00f5imaldavad kahte erinevat haaret<\/li>\n<li>Eraldi k\u00e4epidemed v\u00f5imaldavad \u00fche k\u00e4ega liikumist<\/li>\n<li>Kuumtsingitud raam<\/li>\n<\/ul>\n","protected":false},"featured_media":6394,"comment_status":"closed","ping_status":"closed","template":"","meta":[],"product_cat":[115],"product_tag":[],"class_list":{"0":"post-6091","1":"product","2":"type-product","3":"status-publish","4":"has-post-thumbnail","6":"product_cat-waffa-seenior-line"},"yoast_head":"<!-- This site is optimized with the Yoast SEO plugin v20.0 - https:\/\/yoast.com\/wordpress\/plugins\/seo\/ -->\n<title>Waffa SL23 S\u00f5udemasin - Waffa Sports<\/title>\n<meta name=\"robots\" content=\"index, follow, max-snippet:-1, max-image-preview:large, max-video-preview:-1\" \/>\n<link rel=\"canonical\" href=\"https:\/\/waffasports.com\/et\/toode\/waffa-sl23-soudemasin\/\" \/>\n<meta property=\"og:locale\" content=\"et_EE\" \/>\n<meta property=\"og:type\" content=\"article\" \/>\n<meta property=\"og:title\" content=\"Waffa SL23 S\u00f5udemasin - Waffa Sports\" \/>\n<meta property=\"og:description\" content=\"Waffa v\u00e4lij\u00f5usaal koosneb kergetest ja fikseeritud raskusega treeningseadmetest. Seadmed on spetsiaalselt loodud eakatele, taastusraviks kui ka treenijatele, kes soovivad h\u00f5lpsasti kasutatavat ja kerget treeningkogemust. Seadme trajektorid ja raskused on optimiseeritud parima treeningkogemuse saamiseks.  Waffa SL23 s\u00f5udemasin on lihtsasti kasutatav ja t\u00f5hus \u00fclakeha treeningmasin:   Vormitud k\u00e4epidemed v\u00f5imaldavad kahte erinevat haaret  Eraldi k\u00e4epidemed v\u00f5imaldavad \u00fche k\u00e4ega liikumist  Kuumtsingitud raam\" \/>\n<meta property=\"og:url\" content=\"https:\/\/waffasports.com\/et\/toode\/waffa-sl23-soudemasin\/\" \/>\n<meta property=\"og:site_name\" content=\"Waffa Sports\" \/>\n<meta property=\"article:publisher\" content=\"https:\/\/www.facebook.com\/waffasports\" \/>\n<meta property=\"article:modified_time\" content=\"2024-10-30T10:46:22+00:00\" \/>\n<meta property=\"og:image\" content=\"https:\/\/waffasports.com\/wp-content\/uploads\/2022\/01\/sl23-row-machine.jpg\" \/>\n\t<meta property=\"og:image:width\" content=\"1080\" \/>\n\t<meta property=\"og:image:height\" content=\"1080\" \/>\n\t<meta property=\"og:image:type\" content=\"image\/jpeg\" \/>\n<meta name=\"twitter:card\" content=\"summary_large_image\" \/>\n<meta name=\"twitter:label1\" content=\"Est. reading time\" \/>\n\t<meta name=\"twitter:data1\" content=\"1 minut\" \/>\n<script type=\"application\/ld+json\" class=\"yoast-schema-graph\">{\"@context\":\"https:\/\/schema.org\",\"@graph\":[{\"@type\":\"WebPage\",\"@id\":\"https:\/\/waffasports.com\/et\/toode\/waffa-sl23-soudemasin\/\",\"url\":\"https:\/\/waffasports.com\/et\/toode\/waffa-sl23-soudemasin\/\",\"name\":\"Waffa SL23 S\u00f5udemasin - Waffa Sports\",\"isPartOf\":{\"@id\":\"https:\/\/waffasports.com\/#website\"},\"datePublished\":\"2022-01-23T08:55:31+00:00\",\"dateModified\":\"2024-10-30T10:46:22+00:00\",\"breadcrumb\":{\"@id\":\"https:\/\/waffasports.com\/et\/toode\/waffa-sl23-soudemasin\/#breadcrumb\"},\"inLanguage\":\"et\",\"potentialAction\":[{\"@type\":\"ReadAction\",\"target\":[\"https:\/\/waffasports.com\/et\/toode\/waffa-sl23-soudemasin\/\"]}]},{\"@type\":\"BreadcrumbList\",\"@id\":\"https:\/\/waffasports.com\/et\/toode\/waffa-sl23-soudemasin\/#breadcrumb\",\"itemListElement\":[{\"@type\":\"ListItem\",\"position\":1,\"name\":\"Home\",\"item\":\"https:\/\/waffasports.com\/et\/waffa-sports-eesti\/\"},{\"@type\":\"ListItem\",\"position\":2,\"name\":\"Tooted\",\"item\":\"https:\/\/waffasports.com\/tooted\/\"},{\"@type\":\"ListItem\",\"position\":3,\"name\":\"Waffa SL23 S\u00f5udemasin\"}]},{\"@type\":\"WebSite\",\"@id\":\"https:\/\/waffasports.com\/#website\",\"url\":\"https:\/\/waffasports.com\/\",\"name\":\"Waffa Sports\",\"description\":\"Outdoor gym\",\"publisher\":{\"@id\":\"https:\/\/waffasports.com\/#organization\"},\"potentialAction\":[{\"@type\":\"SearchAction\",\"target\":{\"@type\":\"EntryPoint\",\"urlTemplate\":\"https:\/\/waffasports.com\/?s={search_term_string}\"},\"query-input\":\"required name=search_term_string\"}],\"inLanguage\":\"et\"},{\"@type\":\"Organization\",\"@id\":\"https:\/\/waffasports.com\/#organization\",\"name\":\"Waffa Sports\",\"url\":\"https:\/\/waffasports.com\/\",\"logo\":{\"@type\":\"ImageObject\",\"inLanguage\":\"et\",\"@id\":\"https:\/\/waffasports.com\/#\/schema\/logo\/image\/\",\"url\":\"https:\/\/waffasports.com\/wp-content\/uploads\/2022\/01\/Waffa-sports.svg\",\"contentUrl\":\"https:\/\/waffasports.com\/wp-content\/uploads\/2022\/01\/Waffa-sports.svg\",\"caption\":\"Waffa Sports\"},\"image\":{\"@id\":\"https:\/\/waffasports.com\/#\/schema\/logo\/image\/\"},\"sameAs\":[\"https:\/\/www.instagram.com\/waffasports\/\",\"https:\/\/www.facebook.com\/waffasports\"]}]}<\/script>\n<!-- \/ Yoast SEO plugin. -->","yoast_head_json":{"title":"Waffa SL23 S\u00f5udemasin - Waffa Sports","robots":{"index":"index","follow":"follow","max-snippet":"max-snippet:-1","max-image-preview":"max-image-preview:large","max-video-preview":"max-video-preview:-1"},"canonical":"https:\/\/waffasports.com\/et\/toode\/waffa-sl23-soudemasin\/","og_locale":"et_EE","og_type":"article","og_title":"Waffa SL23 S\u00f5udemasin - Waffa Sports","og_description":"Waffa v\u00e4lij\u00f5usaal koosneb kergetest ja fikseeritud raskusega treeningseadmetest. Seadmed on spetsiaalselt loodud eakatele, taastusraviks kui ka treenijatele, kes soovivad h\u00f5lpsasti kasutatavat ja kerget treeningkogemust. Seadme trajektorid ja raskused on optimiseeritud parima treeningkogemuse saamiseks.  Waffa SL23 s\u00f5udemasin on lihtsasti kasutatav ja t\u00f5hus \u00fclakeha treeningmasin:   Vormitud k\u00e4epidemed v\u00f5imaldavad kahte erinevat haaret  Eraldi k\u00e4epidemed v\u00f5imaldavad \u00fche k\u00e4ega liikumist  Kuumtsingitud raam","og_url":"https:\/\/waffasports.com\/et\/toode\/waffa-sl23-soudemasin\/","og_site_name":"Waffa Sports","article_publisher":"https:\/\/www.facebook.com\/waffasports","article_modified_time":"2024-10-30T10:46:22+00:00","og_image":[{"width":1080,"height":1080,"url":"https:\/\/waffasports.com\/wp-content\/uploads\/2022\/01\/sl23-row-machine.jpg","type":"image\/jpeg"}],"twitter_card":"summary_large_image","twitter_misc":{"Est. reading time":"1 minut"},"schema":{"@context":"https:\/\/schema.org","@graph":[{"@type":"WebPage","@id":"https:\/\/waffasports.com\/et\/toode\/waffa-sl23-soudemasin\/","url":"https:\/\/waffasports.com\/et\/toode\/waffa-sl23-soudemasin\/","name":"Waffa SL23 S\u00f5udemasin - Waffa Sports","isPartOf":{"@id":"https:\/\/waffasports.com\/#website"},"datePublished":"2022-01-23T08:55:31+00:00","dateModified":"2024-10-30T10:46:22+00:00","breadcrumb":{"@id":"https:\/\/waffasports.com\/et\/toode\/waffa-sl23-soudemasin\/#breadcrumb"},"inLanguage":"et","potentialAction":[{"@type":"ReadAction","target":["https:\/\/waffasports.com\/et\/toode\/waffa-sl23-soudemasin\/"]}]},{"@type":"BreadcrumbList","@id":"https:\/\/waffasports.com\/et\/toode\/waffa-sl23-soudemasin\/#breadcrumb","itemListElement":[{"@type":"ListItem","position":1,"name":"Home","item":"https:\/\/waffasports.com\/et\/waffa-sports-eesti\/"},{"@type":"ListItem","position":2,"name":"Tooted","item":"https:\/\/waffasports.com\/tooted\/"},{"@type":"ListItem","position":3,"name":"Waffa SL23 S\u00f5udemasin"}]},{"@type":"WebSite","@id":"https:\/\/waffasports.com\/#website","url":"https:\/\/waffasports.com\/","name":"Waffa Sports","description":"Outdoor gym","publisher":{"@id":"https:\/\/waffasports.com\/#organization"},"potentialAction":[{"@type":"SearchAction","target":{"@type":"EntryPoint","urlTemplate":"https:\/\/waffasports.com\/?s={search_term_string}"},"query-input":"required name=search_term_string"}],"inLanguage":"et"},{"@type":"Organization","@id":"https:\/\/waffasports.com\/#organization","name":"Waffa Sports","url":"https:\/\/waffasports.com\/","logo":{"@type":"ImageObject","inLanguage":"et","@id":"https:\/\/waffasports.com\/#\/schema\/logo\/image\/","url":"https:\/\/waffasports.com\/wp-content\/uploads\/2022\/01\/Waffa-sports.svg","contentUrl":"https:\/\/waffasports.com\/wp-content\/uploads\/2022\/01\/Waffa-sports.svg","caption":"Waffa Sports"},"image":{"@id":"https:\/\/waffasports.com\/#\/schema\/logo\/image\/"},"sameAs":["https:\/\/www.instagram.com\/waffasports\/","https:\/\/www.facebook.com\/waffasports"]}]}},"_links":{"self":[{"href":"https:\/\/waffasports.com\/et\/wp-json\/wp\/v2\/product\/6091","targetHints":{"allow":["GET"]}}],"collection":[{"href":"https:\/\/waffasports.com\/et\/wp-json\/wp\/v2\/product"}],"about":[{"href":"https:\/\/waffasports.com\/et\/wp-json\/wp\/v2\/types\/product"}],"replies":[{"embeddable":true,"href":"https:\/\/waffasports.com\/et\/wp-json\/wp\/v2\/comments?post=6091"}],"wp:featuredmedia":[{"embeddable":true,"href":"https:\/\/waffasports.com\/et\/wp-json\/wp\/v2\/media\/6394"}],"wp:attachment":[{"href":"https:\/\/waffasports.com\/et\/wp-json\/wp\/v2\/media?parent=6091"}],"wp:term":[{"taxonomy":"product_cat","embeddable":true,"href":"https:\/\/waffasports.com\/et\/wp-json\/wp\/v2\/product_cat?post=6091"},{"taxonomy":"product_tag","embeddable":true,"href":"https:\/\/waffasports.com\/et\/wp-json\/wp\/v2\/product_tag?post=6091"}],"curies":[{"name":"wp","href":"https:\/\/api.w.org\/{rel}","templated":true}]}}