{"id":6062,"date":"2022-10-06T17:13:12","date_gmt":"2022-10-06T17:13:12","guid":{"rendered":"https:\/\/waffasports.com\/product\/infotahvel\/"},"modified":"2024-06-13T07:17:31","modified_gmt":"2024-06-13T07:17:31","slug":"infotahvel","status":"publish","type":"product","link":"https:\/\/waffasports.com\/et\/toode\/infotahvel\/","title":{"rendered":"Infotahvel"},"content":{"rendered":"","protected":false},"excerpt":{"rendered":"<ul>\n<li>Lihtne, kuid t\u00f5hus ja kasulik infotahvel iga v\u00e4lij\u00f5usaali jaoks.<\/li>\n<li>Juhiseid, reegleid ja treeningteavet saab tahvlil h\u00f5lpsasti kuvada.<\/li>\n<li>Tahvli suurus on 1000 x 1000 mm.<\/li>\n<li>K\u00f5rgus 1900 mm.<\/li>\n<li>K\u00f5ik RAL v\u00e4rvid on saadaval.<\/li>\n<li>Tugev ja kuumtsingitud raam.<\/li>\n<\/ul>\n","protected":false},"featured_media":6885,"comment_status":"closed","ping_status":"closed","template":"","meta":[],"product_cat":[115],"product_tag":[],"class_list":{"0":"post-6062","1":"product","2":"type-product","3":"status-publish","4":"has-post-thumbnail","6":"product_cat-waffa-seenior-line"},"yoast_head":"<!-- This site is optimized with the Yoast SEO plugin v20.0 - https:\/\/yoast.com\/wordpress\/plugins\/seo\/ -->\n<title>Infotahvel - Waffa Sports<\/title>\n<meta name=\"description\" content=\"Juhiseid, reegleid ja treeningteavet saab tahvlil h\u00f5lpsasti kuvada. Lihtne, kuid t\u00f5hus ja kasulik infotahvel iga v\u00e4lij\u00f5usaali jaoks.\" \/>\n<meta name=\"robots\" content=\"index, follow, max-snippet:-1, max-image-preview:large, max-video-preview:-1\" \/>\n<link rel=\"canonical\" href=\"https:\/\/waffasports.com\/et\/toode\/infotahvel\/\" \/>\n<meta property=\"og:locale\" content=\"et_EE\" \/>\n<meta property=\"og:type\" content=\"article\" \/>\n<meta property=\"og:title\" content=\"Infotahvel - Waffa Sports\" \/>\n<meta property=\"og:description\" content=\"Juhiseid, reegleid ja treeningteavet saab tahvlil h\u00f5lpsasti kuvada. Lihtne, kuid t\u00f5hus ja kasulik infotahvel iga v\u00e4lij\u00f5usaali jaoks.\" \/>\n<meta property=\"og:url\" content=\"https:\/\/waffasports.com\/et\/toode\/infotahvel\/\" \/>\n<meta property=\"og:site_name\" content=\"Waffa Sports\" \/>\n<meta property=\"article:publisher\" content=\"https:\/\/www.facebook.com\/waffasports\" \/>\n<meta property=\"article:modified_time\" content=\"2024-06-13T07:17:31+00:00\" \/>\n<meta property=\"og:image\" content=\"https:\/\/waffasports.com\/wp-content\/uploads\/2022\/10\/infotahvel.webp\" \/>\n\t<meta property=\"og:image:width\" content=\"1920\" \/>\n\t<meta property=\"og:image:height\" content=\"1080\" \/>\n\t<meta property=\"og:image:type\" content=\"image\/webp\" \/>\n<meta name=\"twitter:card\" content=\"summary_large_image\" \/>\n<script type=\"application\/ld+json\" class=\"yoast-schema-graph\">{\"@context\":\"https:\/\/schema.org\",\"@graph\":[{\"@type\":\"WebPage\",\"@id\":\"https:\/\/waffasports.com\/et\/toode\/infotahvel\/\",\"url\":\"https:\/\/waffasports.com\/et\/toode\/infotahvel\/\",\"name\":\"Infotahvel - Waffa Sports\",\"isPartOf\":{\"@id\":\"https:\/\/waffasports.com\/#website\"},\"datePublished\":\"2022-10-06T17:13:12+00:00\",\"dateModified\":\"2024-06-13T07:17:31+00:00\",\"description\":\"Juhiseid, reegleid ja treeningteavet saab tahvlil h\u00f5lpsasti kuvada. Lihtne, kuid t\u00f5hus ja kasulik infotahvel iga v\u00e4lij\u00f5usaali jaoks.\",\"breadcrumb\":{\"@id\":\"https:\/\/waffasports.com\/et\/toode\/infotahvel\/#breadcrumb\"},\"inLanguage\":\"et\",\"potentialAction\":[{\"@type\":\"ReadAction\",\"target\":[\"https:\/\/waffasports.com\/et\/toode\/infotahvel\/\"]}]},{\"@type\":\"BreadcrumbList\",\"@id\":\"https:\/\/waffasports.com\/et\/toode\/infotahvel\/#breadcrumb\",\"itemListElement\":[{\"@type\":\"ListItem\",\"position\":1,\"name\":\"Home\",\"item\":\"https:\/\/waffasports.com\/et\/waffa-sports-eesti\/\"},{\"@type\":\"ListItem\",\"position\":2,\"name\":\"Tooted\",\"item\":\"https:\/\/waffasports.com\/tooted\/\"},{\"@type\":\"ListItem\",\"position\":3,\"name\":\"Infotahvel\"}]},{\"@type\":\"WebSite\",\"@id\":\"https:\/\/waffasports.com\/#website\",\"url\":\"https:\/\/waffasports.com\/\",\"name\":\"Waffa Sports\",\"description\":\"Outdoor gym\",\"publisher\":{\"@id\":\"https:\/\/waffasports.com\/#organization\"},\"potentialAction\":[{\"@type\":\"SearchAction\",\"target\":{\"@type\":\"EntryPoint\",\"urlTemplate\":\"https:\/\/waffasports.com\/?s={search_term_string}\"},\"query-input\":\"required name=search_term_string\"}],\"inLanguage\":\"et\"},{\"@type\":\"Organization\",\"@id\":\"https:\/\/waffasports.com\/#organization\",\"name\":\"Waffa Sports\",\"url\":\"https:\/\/waffasports.com\/\",\"logo\":{\"@type\":\"ImageObject\",\"inLanguage\":\"et\",\"@id\":\"https:\/\/waffasports.com\/#\/schema\/logo\/image\/\",\"url\":\"https:\/\/waffasports.com\/wp-content\/uploads\/2022\/01\/Waffa-sports.svg\",\"contentUrl\":\"https:\/\/waffasports.com\/wp-content\/uploads\/2022\/01\/Waffa-sports.svg\",\"caption\":\"Waffa Sports\"},\"image\":{\"@id\":\"https:\/\/waffasports.com\/#\/schema\/logo\/image\/\"},\"sameAs\":[\"https:\/\/www.instagram.com\/waffasports\/\",\"https:\/\/www.facebook.com\/waffasports\"]}]}<\/script>\n<!-- \/ Yoast SEO plugin. -->","yoast_head_json":{"title":"Infotahvel - Waffa Sports","description":"Juhiseid, reegleid ja treeningteavet saab tahvlil h\u00f5lpsasti kuvada. Lihtne, kuid t\u00f5hus ja kasulik infotahvel iga v\u00e4lij\u00f5usaali jaoks.","robots":{"index":"index","follow":"follow","max-snippet":"max-snippet:-1","max-image-preview":"max-image-preview:large","max-video-preview":"max-video-preview:-1"},"canonical":"https:\/\/waffasports.com\/et\/toode\/infotahvel\/","og_locale":"et_EE","og_type":"article","og_title":"Infotahvel - Waffa Sports","og_description":"Juhiseid, reegleid ja treeningteavet saab tahvlil h\u00f5lpsasti kuvada. Lihtne, kuid t\u00f5hus ja kasulik infotahvel iga v\u00e4lij\u00f5usaali jaoks.","og_url":"https:\/\/waffasports.com\/et\/toode\/infotahvel\/","og_site_name":"Waffa Sports","article_publisher":"https:\/\/www.facebook.com\/waffasports","article_modified_time":"2024-06-13T07:17:31+00:00","og_image":[{"width":1920,"height":1080,"url":"https:\/\/waffasports.com\/wp-content\/uploads\/2022\/10\/infotahvel.webp","type":"image\/webp"}],"twitter_card":"summary_large_image","schema":{"@context":"https:\/\/schema.org","@graph":[{"@type":"WebPage","@id":"https:\/\/waffasports.com\/et\/toode\/infotahvel\/","url":"https:\/\/waffasports.com\/et\/toode\/infotahvel\/","name":"Infotahvel - Waffa Sports","isPartOf":{"@id":"https:\/\/waffasports.com\/#website"},"datePublished":"2022-10-06T17:13:12+00:00","dateModified":"2024-06-13T07:17:31+00:00","description":"Juhiseid, reegleid ja treeningteavet saab tahvlil h\u00f5lpsasti kuvada. Lihtne, kuid t\u00f5hus ja kasulik infotahvel iga v\u00e4lij\u00f5usaali jaoks.","breadcrumb":{"@id":"https:\/\/waffasports.com\/et\/toode\/infotahvel\/#breadcrumb"},"inLanguage":"et","potentialAction":[{"@type":"ReadAction","target":["https:\/\/waffasports.com\/et\/toode\/infotahvel\/"]}]},{"@type":"BreadcrumbList","@id":"https:\/\/waffasports.com\/et\/toode\/infotahvel\/#breadcrumb","itemListElement":[{"@type":"ListItem","position":1,"name":"Home","item":"https:\/\/waffasports.com\/et\/waffa-sports-eesti\/"},{"@type":"ListItem","position":2,"name":"Tooted","item":"https:\/\/waffasports.com\/tooted\/"},{"@type":"ListItem","position":3,"name":"Infotahvel"}]},{"@type":"WebSite","@id":"https:\/\/waffasports.com\/#website","url":"https:\/\/waffasports.com\/","name":"Waffa Sports","description":"Outdoor gym","publisher":{"@id":"https:\/\/waffasports.com\/#organization"},"potentialAction":[{"@type":"SearchAction","target":{"@type":"EntryPoint","urlTemplate":"https:\/\/waffasports.com\/?s={search_term_string}"},"query-input":"required name=search_term_string"}],"inLanguage":"et"},{"@type":"Organization","@id":"https:\/\/waffasports.com\/#organization","name":"Waffa Sports","url":"https:\/\/waffasports.com\/","logo":{"@type":"ImageObject","inLanguage":"et","@id":"https:\/\/waffasports.com\/#\/schema\/logo\/image\/","url":"https:\/\/waffasports.com\/wp-content\/uploads\/2022\/01\/Waffa-sports.svg","contentUrl":"https:\/\/waffasports.com\/wp-content\/uploads\/2022\/01\/Waffa-sports.svg","caption":"Waffa Sports"},"image":{"@id":"https:\/\/waffasports.com\/#\/schema\/logo\/image\/"},"sameAs":["https:\/\/www.instagram.com\/waffasports\/","https:\/\/www.facebook.com\/waffasports"]}]}},"_links":{"self":[{"href":"https:\/\/waffasports.com\/et\/wp-json\/wp\/v2\/product\/6062","targetHints":{"allow":["GET"]}}],"collection":[{"href":"https:\/\/waffasports.com\/et\/wp-json\/wp\/v2\/product"}],"about":[{"href":"https:\/\/waffasports.com\/et\/wp-json\/wp\/v2\/types\/product"}],"replies":[{"embeddable":true,"href":"https:\/\/waffasports.com\/et\/wp-json\/wp\/v2\/comments?post=6062"}],"wp:featuredmedia":[{"embeddable":true,"href":"https:\/\/waffasports.com\/et\/wp-json\/wp\/v2\/media\/6885"}],"wp:attachment":[{"href":"https:\/\/waffasports.com\/et\/wp-json\/wp\/v2\/media?parent=6062"}],"wp:term":[{"taxonomy":"product_cat","embeddable":true,"href":"https:\/\/waffasports.com\/et\/wp-json\/wp\/v2\/product_cat?post=6062"},{"taxonomy":"product_tag","embeddable":true,"href":"https:\/\/waffasports.com\/et\/wp-json\/wp\/v2\/product_tag?post=6062"}],"curies":[{"name":"wp","href":"https:\/\/api.w.org\/{rel}","templated":true}]}}