{"id":6065,"date":"2020-12-28T07:29:01","date_gmt":"2020-12-28T07:29:01","guid":{"rendered":"https:\/\/waffasports.com\/meist\/"},"modified":"2026-03-05T16:19:58","modified_gmt":"2026-03-05T16:19:58","slug":"meist","status":"publish","type":"page","link":"https:\/\/waffasports.com\/et\/meist\/","title":{"rendered":"Meist"},"content":{"rendered":"<section class=\"wpb-content-wrapper\"><p>[vc_row css=&#8221;.vc_custom_1758661078074{margin-top: -480px !important;}&#8221;][vc_column width=&#8221;1\/2&#8243;][vc_single_image image=&#8221;7595&#8243; img_size=&#8221;large&#8221; alignment=&#8221;center&#8221; onclick=&#8221;link_image&#8221;][\/vc_column][vc_column width=&#8221;1\/2&#8243;][vc_column_text]<\/p>\n<div class=\"title-h3\">Waffa<\/div>\n<p>[\/vc_column_text][vc_column_text]<\/p>\n<p class=\"p1\">Waffa kaubam\u00e4rgi nimi tuleneb soome s\u00f5nast <i>&#8220;vahva&#8221;,<\/i> mis t\u00e4hendab <i>tugevat<\/i>. Esialgne tooteidee s\u00fcndis Soomes, inspireerituna tugevuse ja vastupidavuse kontseptsioonist. Hiljem arendati ideed edasi ja viidi ellu Eestis, kus n\u00fc\u00fcd toimub disain, tootmine ja montaa\u017e. See ainulaadne p\u00e4ritolulugu \u00fchendab Soome inspiratsiooni Eesti k\u00e4sit\u00f6\u00f6oskusega, kujundades Waffa kaubam\u00e4rgiks, mis t\u00e4histab vastupidavust, kvaliteeti ja j\u00f5udlust.   <\/p>\n<p>[\/vc_column_text][\/vc_column][\/vc_row][vc_row full_width=&#8221;stretch_row_content&#8221; equal_height=&#8221;yes&#8221; content_placement=&#8221;middle&#8221; css=&#8221;.vc_custom_1586773203335{margin-bottom: 0px !important;}&#8221;][vc_column width=&#8221;1\/2&#8243; disable_custom_paddings_tablet=&#8221;true&#8221; disable_custom_paddings_mobile=&#8221;true&#8221; css=&#8221;.vc_custom_1758661979218{margin-top: 0px !important;margin-bottom: 0px !important;padding-top: 0px !important;padding-right: 100px !important;padding-bottom: 0px !important;padding-left: 100px !important;}&#8221;]<div class=\"clearboth\"><\/div><style>#thegem-divider-69e0f39616542 {margin-top: 100px !important;}<\/style><div id=\"thegem-divider-69e0f39616542\" class=\"gem-divider  divider-hidden\" style=\"\" ><\/div>[vc_column_text]<\/p>\n<div class=\"title-h3\">Tootmine<\/div>\n<p>[\/vc_column_text][vc_column_text]<\/p>\n<p class=\"p1\">Waffa Sports on uhke, et projekteerib, arendab ja toodab k\u00f5iki oma tooteid meie kaasaegses rajatises. Iga samm, alates esialgsest ideest kuni l\u00f5pliku kokkupanekuni, toimub \u00fche katuse all, et tagada tippkvaliteet ja t\u00e4psus. Meie tootmiskoht peegeldab meie p\u00fchendumust innovatsioonile, tulemuslikkusele ja usaldusv\u00e4\u00e4rsusele. Hoides kogu protsessi kohalikul tasandil, s\u00e4ilitame t\u00e4ieliku kontrolli materjalide, k\u00e4sit\u00f6\u00f6 ja j\u00e4tkusuutlikkuse \u00fcle. See on koht, kus Waffa Sportsi tooted s\u00fcnnivad &#8211; need on valmistatud, et need t\u00f6\u00f6taksid ja kestaksid.    <\/p>\n<p>[\/vc_column_text]<div class=\"clearboth\"><\/div><style>#thegem-divider-69e0f3961659e {margin-top: 80px !important;}<\/style><div id=\"thegem-divider-69e0f3961659e\" class=\"gem-divider  \" style=\"\" ><\/div>[\/vc_column][vc_column width=&#8221;1\/2&#8243; css=&#8221;.vc_custom_1769701363700{margin-top: 0px !important;margin-bottom: 0px !important;padding-top: 0px !important;padding-bottom: 0px !important;background-image: url(https:\/\/waffasports.com\/wp-content\/uploads\/2026\/01\/image-5-2-1.jpg?id=8234) !important;background-position: center !important;background-repeat: no-repeat !important;background-size: cover !important;}&#8221;]<div class=\"clearboth\"><\/div><style>#thegem-divider-69e0f396165c9 {margin-top: 500px !important;}<\/style><div id=\"thegem-divider-69e0f396165c9\" class=\"gem-divider  \" style=\"\" ><\/div>[\/vc_column][\/vc_row][vc_row full_width=&#8221;stretch_row_content&#8221; equal_height=&#8221;yes&#8221; css=&#8221;.vc_custom_1548607481443{margin-bottom: 0px !important;}&#8221;][vc_column width=&#8221;1\/2&#8243; css=&#8221;.vc_custom_1758661812139{background-image: url(https:\/\/waffasports.com\/wp-content\/uploads\/2025\/08\/waffa-senior-kontula-1-1.jpg?id=7333) !important;background-position: center !important;background-repeat: no-repeat !important;background-size: cover !important;}&#8221;]<div class=\"clearboth\"><\/div><style>#thegem-divider-69e0f396165f0 {margin-top: 500px !important;}<\/style><div id=\"thegem-divider-69e0f396165f0\" class=\"gem-divider  \" style=\"\" ><\/div>[\/vc_column][vc_column width=&#8221;1\/2&#8243; disable_custom_paddings_tablet=&#8221;true&#8221; disable_custom_paddings_mobile=&#8221;true&#8221; css=&#8221;.vc_custom_1758661843323{margin-top: 0px !important;margin-bottom: 0px !important;padding-top: 0px !important;padding-right: 100px !important;padding-bottom: 0px !important;padding-left: 100px !important;}&#8221;]<div class=\"clearboth\"><\/div><style>#thegem-divider-69e0f3961661b {margin-top: 80px !important;}<\/style><div id=\"thegem-divider-69e0f3961661b\" class=\"gem-divider  divider-hidden\" style=\"\" ><\/div>[vc_column_text]<\/p>\n<div class=\"title-h3\">WAFFA SENIOR LINE<\/div>\n<p>[\/vc_column_text][vc_column_text]<\/p>\n<p class=\"p1\">Waffa Senior on spetsiaalselt v\u00e4lja t\u00f6\u00f6tatud eakatele kasutajatele, kes hindavad tervist ja heaolu. Seadmeid on lihtne kasutada ja need on optimaalse tulemuse saavutamiseks loodud hea biomehaanika alusel. Toetades ohutut treeningut, aitab Senior line s\u00e4ilitada eakate inimeste j\u00f5udu ja liikuvust. Regulaarne kasutamine aitab kaasa ka tervislikumale eluviisile ja v\u00f5ib aidata hoida tervishoiukulusid madalamal, edendades heaolu ja ennetades langust. Waffa Senioriga muutub aktiivne liikumine j\u00e4tkusuutlikuks ja nauditavaks osaks igap\u00e4evaelust.    <\/p>\n<p>[\/vc_column_text]<style type=\"text\/css\">.thegem-button-69e0f396166d36031.lazy-loading-before-start-animation .lazy-loading-item {opacity: 0;} body.thegem-effects-disabled .thegem-button-69e0f396166d36031.lazy-loading-before-start-animation .lazy-loading-item {opacity: 1;}<\/style><div class=\"gem-button-container gem-button-position-inline thegem-button-69e0f396166d36031     lazy-loading lazy-loading-before-start-animation\"  ><a class=\"gem-button gem-button-size-medium gem-button-style-outline gem-button-text-weight-normal gem-button-border-2 lazy-loading-item\" data-ll-effect=\"drop-right-without-wrap\" style=\"border-radius: 50px;border-color: #0072bc;color: #0072bc;\" onmouseleave=\"this.style.borderColor='#0072bc';this.style.backgroundColor='transparent';this.style.color='#0072bc';\" onmouseenter=\"this.style.borderColor='#0072bc';this.style.backgroundColor='#0072bc';this.style.color='#ffffff';\" href=\"https:\/\/waffasports.com\/waffa\/waffa-senior-line\/\" target=\"_self\">Products<\/a><\/div> <div class=\"clearboth\"><\/div><style>#thegem-divider-69e0f39616720 {margin-top: 80px !important;}<\/style><div id=\"thegem-divider-69e0f39616720\" class=\"gem-divider  \" style=\"\" ><\/div>[\/vc_column][\/vc_row][vc_row full_width=&#8221;stretch_row_content&#8221; equal_height=&#8221;yes&#8221; content_placement=&#8221;middle&#8221; css=&#8221;.vc_custom_1586773203335{margin-bottom: 0px !important;}&#8221;][vc_column width=&#8221;1\/2&#8243; disable_custom_paddings_tablet=&#8221;true&#8221; disable_custom_paddings_mobile=&#8221;true&#8221; css=&#8221;.vc_custom_1758661979218{margin-top: 0px !important;margin-bottom: 0px !important;padding-top: 0px !important;padding-right: 100px !important;padding-bottom: 0px !important;padding-left: 100px !important;}&#8221;]<div class=\"clearboth\"><\/div><style>#thegem-divider-69e0f3961674b {margin-top: 100px !important;}<\/style><div id=\"thegem-divider-69e0f3961674b\" class=\"gem-divider  divider-hidden\" style=\"\" ><\/div>[vc_column_text]<\/p>\n<div class=\"title-h3\">WAFFA JUNIOR LINE<\/div>\n<p>[\/vc_column_text][vc_column_text]<\/p>\n<p class=\"p1\">Waffa Junior on spetsiaalselt m\u00f5eldud alla 140 cm pikkustele v\u00f5i kuni 14-aastastele lastele. Iga toode on hoolikalt valmistatud samade kvaliteedistandarditega kui meie Senior Line, kuid kohandatud vastavalt kasvavate laste vajadustele. Mugavus, turvalisus ja vastupidavus on Junior-mudeli keskmes, tagades, et lapsed saavad sportimist nautida \u00f5ige istuvuse ja toe abil. Waffa Junior&#8217;i eesm\u00e4rk on innustada nooremat p\u00f5lvkonda m\u00e4ngima, treenima ja arendama oma spordikirge juba varases eas, arendades samal ajal ka nende sotsiaalseid oskusi.   <\/p>\n<p>[\/vc_column_text]<div class=\"clearboth\"><\/div><style>#thegem-divider-69e0f39616772 {margin-top: 50px !important;}<\/style><div id=\"thegem-divider-69e0f39616772\" class=\"gem-divider  \" style=\"\" ><\/div><style type=\"text\/css\">.thegem-button-69e0f396167d23044.lazy-loading-before-start-animation .lazy-loading-item {opacity: 0;} body.thegem-effects-disabled .thegem-button-69e0f396167d23044.lazy-loading-before-start-animation .lazy-loading-item {opacity: 1;}<\/style><div class=\"gem-button-container gem-button-position-inline thegem-button-69e0f396167d23044     lazy-loading lazy-loading-before-start-animation\"  ><a class=\"gem-button gem-button-size-medium gem-button-style-outline gem-button-text-weight-normal gem-button-border-2 lazy-loading-item\" data-ll-effect=\"drop-right-without-wrap\" style=\"border-radius: 50px;border-color: #0072bc;color: #0072bc;\" onmouseleave=\"this.style.borderColor='#0072bc';this.style.backgroundColor='transparent';this.style.color='#0072bc';\" onmouseenter=\"this.style.borderColor='#0072bc';this.style.backgroundColor='#0072bc';this.style.color='#ffffff';\" href=\"https:\/\/waffasports.com\/waffa\/waffa-junior-line\/\" target=\"_self\">Products<\/a><\/div> <div class=\"clearboth\"><\/div><style>#thegem-divider-69e0f39616806 {margin-top: 80px !important;}<\/style><div id=\"thegem-divider-69e0f39616806\" class=\"gem-divider  \" style=\"\" ><\/div>[\/vc_column][vc_column width=&#8221;1\/2&#8243; css=&#8221;.vc_custom_1758661381819{margin-top: 0px !important;margin-bottom: 0px !important;padding-top: 0px !important;padding-bottom: 0px !important;background-image: url(https:\/\/waffasports.com\/wp-content\/uploads\/2025\/08\/kontula-ulkonkuntasali-junior-line-1-1.jpg?id=7338) !important;background-position: center !important;background-repeat: no-repeat !important;background-size: cover !important;}&#8221;]<div class=\"clearboth\"><\/div><style>#thegem-divider-69e0f3961682d {margin-top: 500px !important;}<\/style><div id=\"thegem-divider-69e0f3961682d\" class=\"gem-divider  \" style=\"\" ><\/div>[\/vc_column][\/vc_row][vc_row full_width=&#8221;stretch_row&#8221; css=&#8221;.vc_custom_1586773060548{margin-bottom: 0px !important;background-color: #ffffff !important;background-position: center !important;background-repeat: no-repeat !important;background-size: cover !important;}&#8221;][vc_column]<div class=\"clearboth\"><\/div><style>#thegem-divider-69e0f39616851 {margin-top: 80px !important;}<\/style><div id=\"thegem-divider-69e0f39616851\" class=\"gem-divider  \" style=\"\" ><\/div>[vc_column_text]<\/p>\n<div class=\"title-h4\" style=\"text-align: center;\"><span style=\"color: #5f727f; letter-spacing: 2px;\">Liitu meie sportliku meeskonnaga. <\/span><\/div>\n<p>[\/vc_column_text]<div class=\"clearboth\"><\/div><style>#thegem-divider-69e0f39616875 {margin-top: 35px !important;}<\/style><div id=\"thegem-divider-69e0f39616875\" class=\"gem-divider  \" style=\"\" ><\/div>[vc_column_text]<\/p>\n<div style=\"text-align: center;\">\n<div class=\"title-h4\" style=\"display: inline-block; vertical-align: middle; margin: 0; color: #5f727f; font-size: 50px; line-height: 110px; padding-right: 17px;\"><span style=\"color: #5f727f;\">HAKKA<\/span><\/div>\n<div style=\"display: inline-block; vertical-align: middle; border: 7px solid #0072BC; padding: 5px 5px;\">\n<div class=\"title-h4\" style=\"display: inline-block; margin: 0; vertical-align: middle; font-size: 65px; line-height: 65px;\"><span style=\"color: #0072bc;\">EDASIM\u00dc\u00dcJAKS<\/span><\/div>\n<\/div>\n<\/div>\n<p>[\/vc_column_text]<div class=\"clearboth\"><\/div><style>#thegem-divider-69e0f39616899 {margin-top: 50px !important;}<\/style><div id=\"thegem-divider-69e0f39616899\" class=\"gem-divider  \" style=\"\" ><\/div><div class=\"gem-button-container gem-button-position-center thegem-button-69e0f396168ee6711    \"  ><a title=\"Become a Reseller\" class=\"gem-button gem-button-size-medium gem-button-style-outline gem-button-text-weight-normal gem-button-border-2\" data-ll-effect=\"drop-right-without-wrap\" style=\"border-radius: 50px;border-color: #0072bc;color: #0072bc;\" onmouseleave=\"this.style.borderColor='#0072bc';this.style.backgroundColor='transparent';this.style.color='#0072bc';\" onmouseenter=\"this.style.backgroundColor='#0072bc';this.style.color='#ffffff';\" href=\"https:\/\/waffasports.com\/become-a-reseller\/\" target=\"_blank\">Contact Us<\/a><\/div> <div class=\"clearboth\"><\/div><style>#thegem-divider-69e0f3961691f {margin-top: 100px !important;}<\/style><div id=\"thegem-divider-69e0f3961691f\" class=\"gem-divider  \" style=\"\" ><\/div>[\/vc_column][\/vc_row]<\/p>\n<\/section>","protected":false},"excerpt":{"rendered":"<p>[vc_row css=&#8221;.vc_custom_1758661078074{margin-top: -480px !important;}&#8221;][vc_column width=&#8221;1\/2&#8243;][vc_single_image image=&#8221;7595&#8243; img_size=&#8221;large&#8221; alignment=&#8221;center&#8221; onclick=&#8221;link_image&#8221;][\/vc_column][vc_column width=&#8221;1\/2&#8243;][vc_column_text] Waffa [\/vc_column_text][vc_column_text] Waffa kaubam\u00e4rgi nimi tuleneb soome s\u00f5nast &#8220;vahva&#8221;, mis&#8230;<\/p>\n","protected":false},"author":1,"featured_media":0,"parent":0,"menu_order":1,"comment_status":"closed","ping_status":"closed","template":"","meta":{"footnotes":""},"class_list":["post-6065","page","type-page","status-publish"],"yoast_head":"<!-- This site is optimized with the Yoast SEO plugin v20.0 - https:\/\/yoast.com\/wordpress\/plugins\/seo\/ -->\n<title>Meist - Waffa Sports<\/title>\n<meta name=\"robots\" content=\"index, follow, max-snippet:-1, max-image-preview:large, max-video-preview:-1\" \/>\n<link rel=\"canonical\" href=\"https:\/\/waffasports.com\/et\/meist\/\" \/>\n<meta property=\"og:locale\" content=\"et_EE\" \/>\n<meta property=\"og:type\" content=\"article\" \/>\n<meta property=\"og:title\" content=\"Meist - Waffa Sports\" \/>\n<meta property=\"og:description\" content=\"[vc_row css=&#8221;.vc_custom_1758661078074{margin-top: -480px !important;}&#8221;][vc_column width=&#8221;1\/2&#8243;][vc_single_image image=&#8221;7595&#8243; img_size=&#8221;large&#8221; alignment=&#8221;center&#8221; onclick=&#8221;link_image&#8221;][\/vc_column][vc_column width=&#8221;1\/2&#8243;][vc_column_text] Waffa [\/vc_column_text][vc_column_text] Waffa kaubam\u00e4rgi nimi tuleneb soome s\u00f5nast &#8220;vahva&#8221;, mis...\" \/>\n<meta property=\"og:url\" content=\"https:\/\/waffasports.com\/et\/meist\/\" \/>\n<meta property=\"og:site_name\" content=\"Waffa Sports\" \/>\n<meta property=\"article:publisher\" content=\"https:\/\/www.facebook.com\/waffasports\" \/>\n<meta property=\"article:modified_time\" content=\"2026-03-05T16:19:58+00:00\" \/>\n<meta name=\"twitter:card\" content=\"summary_large_image\" \/>\n<meta name=\"twitter:label1\" content=\"Est. reading time\" \/>\n\t<meta name=\"twitter:data1\" content=\"5 minutit\" \/>\n<script type=\"application\/ld+json\" class=\"yoast-schema-graph\">{\"@context\":\"https:\/\/schema.org\",\"@graph\":[{\"@type\":\"WebPage\",\"@id\":\"https:\/\/waffasports.com\/et\/meist\/\",\"url\":\"https:\/\/waffasports.com\/et\/meist\/\",\"name\":\"Meist - Waffa Sports\",\"isPartOf\":{\"@id\":\"https:\/\/waffasports.com\/#website\"},\"datePublished\":\"2020-12-28T07:29:01+00:00\",\"dateModified\":\"2026-03-05T16:19:58+00:00\",\"breadcrumb\":{\"@id\":\"https:\/\/waffasports.com\/et\/meist\/#breadcrumb\"},\"inLanguage\":\"et\",\"potentialAction\":[{\"@type\":\"ReadAction\",\"target\":[\"https:\/\/waffasports.com\/et\/meist\/\"]}]},{\"@type\":\"BreadcrumbList\",\"@id\":\"https:\/\/waffasports.com\/et\/meist\/#breadcrumb\",\"itemListElement\":[{\"@type\":\"ListItem\",\"position\":1,\"name\":\"Home\",\"item\":\"https:\/\/waffasports.com\/et\/waffa-sports-eesti\/\"},{\"@type\":\"ListItem\",\"position\":2,\"name\":\"Meist\"}]},{\"@type\":\"WebSite\",\"@id\":\"https:\/\/waffasports.com\/#website\",\"url\":\"https:\/\/waffasports.com\/\",\"name\":\"Waffa Sports\",\"description\":\"Outdoor gym\",\"publisher\":{\"@id\":\"https:\/\/waffasports.com\/#organization\"},\"potentialAction\":[{\"@type\":\"SearchAction\",\"target\":{\"@type\":\"EntryPoint\",\"urlTemplate\":\"https:\/\/waffasports.com\/?s={search_term_string}\"},\"query-input\":\"required name=search_term_string\"}],\"inLanguage\":\"et\"},{\"@type\":\"Organization\",\"@id\":\"https:\/\/waffasports.com\/#organization\",\"name\":\"Waffa Sports\",\"url\":\"https:\/\/waffasports.com\/\",\"logo\":{\"@type\":\"ImageObject\",\"inLanguage\":\"et\",\"@id\":\"https:\/\/waffasports.com\/#\/schema\/logo\/image\/\",\"url\":\"https:\/\/waffasports.com\/wp-content\/uploads\/2022\/01\/Waffa-sports.svg\",\"contentUrl\":\"https:\/\/waffasports.com\/wp-content\/uploads\/2022\/01\/Waffa-sports.svg\",\"caption\":\"Waffa Sports\"},\"image\":{\"@id\":\"https:\/\/waffasports.com\/#\/schema\/logo\/image\/\"},\"sameAs\":[\"https:\/\/www.instagram.com\/waffasports\/\",\"https:\/\/www.facebook.com\/waffasports\"]}]}<\/script>\n<!-- \/ Yoast SEO plugin. -->","yoast_head_json":{"title":"Meist - Waffa Sports","robots":{"index":"index","follow":"follow","max-snippet":"max-snippet:-1","max-image-preview":"max-image-preview:large","max-video-preview":"max-video-preview:-1"},"canonical":"https:\/\/waffasports.com\/et\/meist\/","og_locale":"et_EE","og_type":"article","og_title":"Meist - Waffa Sports","og_description":"[vc_row css=&#8221;.vc_custom_1758661078074{margin-top: -480px !important;}&#8221;][vc_column width=&#8221;1\/2&#8243;][vc_single_image image=&#8221;7595&#8243; img_size=&#8221;large&#8221; alignment=&#8221;center&#8221; onclick=&#8221;link_image&#8221;][\/vc_column][vc_column width=&#8221;1\/2&#8243;][vc_column_text] Waffa [\/vc_column_text][vc_column_text] Waffa kaubam\u00e4rgi nimi tuleneb soome s\u00f5nast &#8220;vahva&#8221;, mis...","og_url":"https:\/\/waffasports.com\/et\/meist\/","og_site_name":"Waffa Sports","article_publisher":"https:\/\/www.facebook.com\/waffasports","article_modified_time":"2026-03-05T16:19:58+00:00","twitter_card":"summary_large_image","twitter_misc":{"Est. reading time":"5 minutit"},"schema":{"@context":"https:\/\/schema.org","@graph":[{"@type":"WebPage","@id":"https:\/\/waffasports.com\/et\/meist\/","url":"https:\/\/waffasports.com\/et\/meist\/","name":"Meist - Waffa Sports","isPartOf":{"@id":"https:\/\/waffasports.com\/#website"},"datePublished":"2020-12-28T07:29:01+00:00","dateModified":"2026-03-05T16:19:58+00:00","breadcrumb":{"@id":"https:\/\/waffasports.com\/et\/meist\/#breadcrumb"},"inLanguage":"et","potentialAction":[{"@type":"ReadAction","target":["https:\/\/waffasports.com\/et\/meist\/"]}]},{"@type":"BreadcrumbList","@id":"https:\/\/waffasports.com\/et\/meist\/#breadcrumb","itemListElement":[{"@type":"ListItem","position":1,"name":"Home","item":"https:\/\/waffasports.com\/et\/waffa-sports-eesti\/"},{"@type":"ListItem","position":2,"name":"Meist"}]},{"@type":"WebSite","@id":"https:\/\/waffasports.com\/#website","url":"https:\/\/waffasports.com\/","name":"Waffa Sports","description":"Outdoor gym","publisher":{"@id":"https:\/\/waffasports.com\/#organization"},"potentialAction":[{"@type":"SearchAction","target":{"@type":"EntryPoint","urlTemplate":"https:\/\/waffasports.com\/?s={search_term_string}"},"query-input":"required name=search_term_string"}],"inLanguage":"et"},{"@type":"Organization","@id":"https:\/\/waffasports.com\/#organization","name":"Waffa Sports","url":"https:\/\/waffasports.com\/","logo":{"@type":"ImageObject","inLanguage":"et","@id":"https:\/\/waffasports.com\/#\/schema\/logo\/image\/","url":"https:\/\/waffasports.com\/wp-content\/uploads\/2022\/01\/Waffa-sports.svg","contentUrl":"https:\/\/waffasports.com\/wp-content\/uploads\/2022\/01\/Waffa-sports.svg","caption":"Waffa Sports"},"image":{"@id":"https:\/\/waffasports.com\/#\/schema\/logo\/image\/"},"sameAs":["https:\/\/www.instagram.com\/waffasports\/","https:\/\/www.facebook.com\/waffasports"]}]}},"_links":{"self":[{"href":"https:\/\/waffasports.com\/et\/wp-json\/wp\/v2\/pages\/6065","targetHints":{"allow":["GET"]}}],"collection":[{"href":"https:\/\/waffasports.com\/et\/wp-json\/wp\/v2\/pages"}],"about":[{"href":"https:\/\/waffasports.com\/et\/wp-json\/wp\/v2\/types\/page"}],"author":[{"embeddable":true,"href":"https:\/\/waffasports.com\/et\/wp-json\/wp\/v2\/users\/1"}],"replies":[{"embeddable":true,"href":"https:\/\/waffasports.com\/et\/wp-json\/wp\/v2\/comments?post=6065"}],"version-history":[{"count":5,"href":"https:\/\/waffasports.com\/et\/wp-json\/wp\/v2\/pages\/6065\/revisions"}],"predecessor-version":[{"id":8866,"href":"https:\/\/waffasports.com\/et\/wp-json\/wp\/v2\/pages\/6065\/revisions\/8866"}],"wp:attachment":[{"href":"https:\/\/waffasports.com\/et\/wp-json\/wp\/v2\/media?parent=6065"}],"curies":[{"name":"wp","href":"https:\/\/api.w.org\/{rel}","templated":true}]}}