{"id":6123,"date":"2022-01-23T09:00:47","date_gmt":"2022-01-23T09:00:47","guid":{"rendered":"https:\/\/waffasports.com\/product\/waffa-sl24-latzug\/"},"modified":"2024-06-13T08:20:52","modified_gmt":"2024-06-13T08:20:52","slug":"waffa-sl24-latzug","status":"publish","type":"product","link":"https:\/\/waffasports.com\/de\/produkt\/waffa-sl24-latzug\/","title":{"rendered":"Waffa SL24 Latzug"},"content":{"rendered":"<section class=\"wpb-content-wrapper\"><p>[vc_row full_width=&#8220;stretch_row&#8220; content_placement=&#8220;middle&#8220; css=&#8220;.vc_custom_1644142607936{margin-bottom: 0px !important;}&#8220; custom_css_code=&#8220;LmdlbS10ZXh0Ym94JTIwJTdCJTBBJTIwJTIwJTIwJTIwbWFyZ2luLWJvdHRvbSUzQSUyMDAlM0IlMEElN0QlMEEuZ2VtLWJ1dHRvbi1zaXplLWxhcmdlJTdCJTBBJTIwJTIwJTIwJTIwbWluLXdpZHRoJTNBJTIwMzU2cHglM0IlMEElN0QlMEElNDBtZWRpYSUyMCUyOG1heC13aWR0aCUzQSUyMDQ4MHB4JTI5JTdCJTBBJTIwJTIwJTIwLmdlbS1idXR0b24tc2l6ZS1sYXJnZSU3QiUwQSUyMCUyMCUyMCUyMCUyMCUyMCUyMCUyMGZvbnQtc2l6ZSUzQSUyMDE0cHglM0IlMEElMjAlMjAlMjAlMjAlMjAlMjAlMjAlMjBtaW4td2lkdGglM0ElMjAyNzZweCUzQiUwQSUyMCUyMCUyMCUyMCUyMCUyMCUyMCUyMG1hcmdpbiUzQSUyMDMwcHglMjAwcHglM0IlMEElMjAlMjAlMjAlN0QlMEElMjAlMjAlMjAuZ2VtLWJ1dHRvbi1zaXplLWxhcmdlJTIwLmdlbS1wcmludC1pY29uJTIwJTdCJTBBJTIwJTIwJTIwJTIwJTIwJTIwJTIwJTIwZm9udC1zaXplJTNBJTIwMjhweCUzQiUwQSUyMCUyMCUyMCU3RCUwQSU3RA==&#8220;][vc_column css=&#8220;.vc_custom_1587645970139{padding-top: 0px !important;}&#8220; offset=&#8220;vc_col-lg-12&#8243;][vc_row_inner][vc_column_inner]<div class=\"gem-video gem-wrapbox gem-wrapbox-style-no-style rounded-corners gem-wrapbox-position-below\" style=\"width: 100%;\"><div class=\"gem-wrapbox-inner video-block gem-ratio-style\" style=\"padding-top: 56.25%\"><video width=\"100%\" height=\"100%\" controls=\"controls\" src=\"https:\/\/www.youtube.com\/watch?v=coAFT8aK5qA\"  poster=\"https:\/\/waffasports.com\/wp-content\/uploads\/2022\/01\/waffa-outdoor-gym-lat-pulldown-valijousaalid.jpg\" preload=\"none\"><\/video><\/div><\/div>[\/vc_column_inner][\/vc_row_inner]<div class=\"gem-textbox  centered-box\"  ><div class=\"gem-textbox-inner\" style=\"\"><div class=\"gem-textbox-content\" style=\"background-position: center top;padding-top: 0px;padding-bottom: 0px;padding-left: 0px;padding-right: 0px;\"><div class=\"clearboth\"><\/div><style>#thegem-divider-69d8232d04c7d {margin-top: 20px !important;}<\/style><div id=\"thegem-divider-69d8232d04c7d\" class=\"gem-divider  \" style=\"\" ><\/div><div class=\"gem-button-container gem-button-position-inline thegem-button-69d8232d04d155776    \"  ><a title=\"Outdoor gym equipment by Waffa Lat pulldown\" class=\"gem-button gem-button-size-large gem-button-style-outline gem-button-text-weight-normal gem-button-border-4 gem-button-icon-position-left\" data-ll-effect=\"drop-right-without-wrap\" style=\"border-radius: 38px;border-color: #0072bc;color: #0072bc;\" onmouseleave=\"this.style.borderColor='#0072bc';this.style.backgroundColor='transparent';this.style.color='#0072bc';\" onmouseenter=\"this.style.borderColor='#0072bc';this.style.backgroundColor='#0072bc';this.style.color='#ffffff';\" href=\"https:\/\/waffasports.com\/wp-content\/uploads\/2022\/07\/SL24-Lat-pulldown-1.pdf\" target=\"_blank\"><i class=\"gem-print-icon gem-icon-pack-material \">&#xf2dd;<\/i>PRODUCT CARD<\/a><\/div> <div class=\"gem-button-container gem-button-position-inline thegem-button-69d8232d04d8a7229    \"  ><a title=\"Waffa Outdoor gym equipment presentation\" class=\"gem-button gem-button-size-large gem-button-style-outline gem-button-text-weight-normal gem-button-border-4 gem-button-icon-position-left\" data-ll-effect=\"drop-right-without-wrap\" style=\"border-radius: 38px;border-color: #0072bc;color: #0072bc;\" onmouseleave=\"this.style.borderColor='#0072bc';this.style.backgroundColor='transparent';this.style.color='#0072bc';\" onmouseenter=\"this.style.borderColor='#0072bc';this.style.backgroundColor='#0072bc';this.style.color='#ffffff';\" href=\"https:\/\/waffasports.com\/wp-content\/uploads\/2022\/07\/Waffa-presentation-04032022-ENG-1.pdf\" target=\"_blank\"><i class=\"gem-print-icon gem-icon-pack-material \">&#xf2dd;<\/i>Waffa presentation<\/a><\/div> <div class=\"gem-button-container gem-button-position-inline thegem-button-69d8232d04def4237    \"  ><a title=\"Instructions\" class=\"gem-button gem-button-size-large gem-button-style-outline gem-button-text-weight-normal gem-button-border-4 gem-button-icon-position-left\" data-ll-effect=\"drop-right-without-wrap\" style=\"border-radius: 38px;border-color: #0072bc;color: #0072bc;\" onmouseleave=\"this.style.borderColor='#0072bc';this.style.backgroundColor='transparent';this.style.color='#0072bc';\" onmouseenter=\"this.style.borderColor='#0072bc';this.style.backgroundColor='#0072bc';this.style.color='#ffffff';\" href=\"https:\/\/waffasports.com\/wp-content\/uploads\/2022\/10\/Waffa-SL24-Installation-18032022-min.pdf\" target=\"_blank\"><i class=\"gem-print-icon gem-icon-pack-material \">&#xf2dd;<\/i>Instructions<\/a><\/div> <div class=\"gem-button-container gem-button-position-inline thegem-button-69d8232d04e545874    \"  ><a title=\"2d drawing\" class=\"gem-button gem-button-size-large gem-button-style-outline gem-button-text-weight-normal gem-button-border-4 gem-button-icon-position-left\" data-ll-effect=\"drop-right-without-wrap\" style=\"border-radius: 38px;border-color: #0072bc;color: #0072bc;\" onmouseleave=\"this.style.borderColor='#0072bc';this.style.backgroundColor='transparent';this.style.color='#0072bc';\" onmouseenter=\"this.style.borderColor='#0072bc';this.style.backgroundColor='#0072bc';this.style.color='#ffffff';\" href=\"https:\/\/waffasports.com\/wp-content\/uploads\/2024\/02\/SL-24-Rev.5_LIGHT.dwg\" target=\"_blank\"><i class=\"gem-print-icon gem-icon-pack-material \">&#xf2dd;<\/i>2D<\/a><\/div> <div class=\"clearboth\"><\/div><style>#thegem-divider-69d8232d04e8a {margin-top: 18px !important;}<\/style><div id=\"thegem-divider-69d8232d04e8a\" class=\"gem-divider  \" style=\"\" ><\/div><\/div><\/div><\/div>[\/vc_column][\/vc_row]<\/p>\n<\/section>","protected":false},"excerpt":{"rendered":"<p>Waffa Outdoor Ger\u00e4te sind Fitnessger\u00e4te mit einem leichten und fixierten Gewicht. Die Ger\u00e4te sind speziell f\u00fcr Senioren und Rehabilitations-Trainees konzipiert, die eine einfach zu bedienende und leichte Trainingserfahrung w\u00fcnschen. Die Trajektorien und Lastkurven der Ger\u00e4te sind f\u00fcr das beste Trainingserlebnis optimiert.<\/p>\n<p>Waffa SL24 Latzug ist ein einfach zu bedienendes und effektives Oberk\u00f6rper-Trainingsger\u00e4t:<\/p>\n<ul>\n<li>Die leicht abfallende Brustst\u00fctze sorgt f\u00fcr eine optimierte Trajektorie<\/li>\n<li>Separate Bedienarme erm\u00f6glichen einh\u00e4ndige Bewegung<\/li>\n<li>Feuerverzinkter Rahmen<\/li>\n<\/ul>\n","protected":false},"featured_media":6346,"comment_status":"closed","ping_status":"closed","template":"","meta":[],"product_cat":[117],"product_tag":[],"class_list":{"0":"post-6123","1":"product","2":"type-product","3":"status-publish","4":"has-post-thumbnail","6":"product_cat-waffa-senior-line-de"},"yoast_head":"<!-- This site is optimized with the Yoast SEO plugin v20.0 - https:\/\/yoast.com\/wordpress\/plugins\/seo\/ -->\n<title>Waffa SL24 Latzug - Waffa Sports<\/title>\n<meta name=\"robots\" content=\"index, follow, max-snippet:-1, max-image-preview:large, max-video-preview:-1\" \/>\n<link rel=\"canonical\" href=\"https:\/\/waffasports.com\/de\/produkt\/waffa-sl24-latzug\/\" \/>\n<meta property=\"og:locale\" content=\"de_DE\" \/>\n<meta property=\"og:type\" content=\"article\" \/>\n<meta property=\"og:title\" content=\"Waffa SL24 Latzug - Waffa Sports\" \/>\n<meta property=\"og:description\" content=\"Waffa Outdoor Ger\u00e4te sind Fitnessger\u00e4te mit einem leichten und fixierten Gewicht. Die Ger\u00e4te sind speziell f\u00fcr Senioren und Rehabilitations-Trainees konzipiert, die eine einfach zu bedienende und leichte Trainingserfahrung w\u00fcnschen. Die Trajektorien und Lastkurven der Ger\u00e4te sind f\u00fcr das beste Trainingserlebnis optimiert. Waffa SL24 Latzug ist ein einfach zu bedienendes und effektives Oberk\u00f6rper-Trainingsger\u00e4t:  Die leicht abfallende Brustst\u00fctze sorgt f\u00fcr eine optimierte Trajektorie  Separate Bedienarme erm\u00f6glichen einh\u00e4ndige Bewegung  Feuerverzinkter Rahmen\" \/>\n<meta property=\"og:url\" content=\"https:\/\/waffasports.com\/de\/produkt\/waffa-sl24-latzug\/\" \/>\n<meta property=\"og:site_name\" content=\"Waffa Sports\" \/>\n<meta property=\"article:publisher\" content=\"https:\/\/www.facebook.com\/waffasports\" \/>\n<meta property=\"article:modified_time\" content=\"2024-06-13T08:20:52+00:00\" \/>\n<meta property=\"og:image\" content=\"https:\/\/waffasports.com\/wp-content\/uploads\/2022\/01\/SL24-Ylaveto.jpg\" \/>\n\t<meta property=\"og:image:width\" content=\"1920\" \/>\n\t<meta property=\"og:image:height\" content=\"1080\" \/>\n\t<meta property=\"og:image:type\" content=\"image\/jpeg\" \/>\n<meta name=\"twitter:card\" content=\"summary_large_image\" \/>\n<meta name=\"twitter:label1\" content=\"Gesch\u00e4tzte Lesezeit\" \/>\n\t<meta name=\"twitter:data1\" content=\"2\u00a0Minuten\" \/>\n<script type=\"application\/ld+json\" class=\"yoast-schema-graph\">{\"@context\":\"https:\/\/schema.org\",\"@graph\":[{\"@type\":\"WebPage\",\"@id\":\"https:\/\/waffasports.com\/de\/produkt\/waffa-sl24-latzug\/\",\"url\":\"https:\/\/waffasports.com\/de\/produkt\/waffa-sl24-latzug\/\",\"name\":\"Waffa SL24 Latzug - Waffa Sports\",\"isPartOf\":{\"@id\":\"https:\/\/waffasports.com\/#website\"},\"datePublished\":\"2022-01-23T09:00:47+00:00\",\"dateModified\":\"2024-06-13T08:20:52+00:00\",\"breadcrumb\":{\"@id\":\"https:\/\/waffasports.com\/de\/produkt\/waffa-sl24-latzug\/#breadcrumb\"},\"inLanguage\":\"de\",\"potentialAction\":[{\"@type\":\"ReadAction\",\"target\":[\"https:\/\/waffasports.com\/de\/produkt\/waffa-sl24-latzug\/\"]}]},{\"@type\":\"BreadcrumbList\",\"@id\":\"https:\/\/waffasports.com\/de\/produkt\/waffa-sl24-latzug\/#breadcrumb\",\"itemListElement\":[{\"@type\":\"ListItem\",\"position\":1,\"name\":\"Home\",\"item\":\"https:\/\/waffasports.com\/de\/\"},{\"@type\":\"ListItem\",\"position\":2,\"name\":\"Produkte\",\"item\":\"https:\/\/waffasports.com\/produkte\/\"},{\"@type\":\"ListItem\",\"position\":3,\"name\":\"Waffa SL24 Latzug\"}]},{\"@type\":\"WebSite\",\"@id\":\"https:\/\/waffasports.com\/#website\",\"url\":\"https:\/\/waffasports.com\/\",\"name\":\"Waffa Sports\",\"description\":\"Outdoor gym\",\"publisher\":{\"@id\":\"https:\/\/waffasports.com\/#organization\"},\"potentialAction\":[{\"@type\":\"SearchAction\",\"target\":{\"@type\":\"EntryPoint\",\"urlTemplate\":\"https:\/\/waffasports.com\/?s={search_term_string}\"},\"query-input\":\"required name=search_term_string\"}],\"inLanguage\":\"de\"},{\"@type\":\"Organization\",\"@id\":\"https:\/\/waffasports.com\/#organization\",\"name\":\"Waffa Sports\",\"url\":\"https:\/\/waffasports.com\/\",\"logo\":{\"@type\":\"ImageObject\",\"inLanguage\":\"de\",\"@id\":\"https:\/\/waffasports.com\/#\/schema\/logo\/image\/\",\"url\":\"https:\/\/waffasports.com\/wp-content\/uploads\/2022\/01\/Waffa-sports.svg\",\"contentUrl\":\"https:\/\/waffasports.com\/wp-content\/uploads\/2022\/01\/Waffa-sports.svg\",\"caption\":\"Waffa Sports\"},\"image\":{\"@id\":\"https:\/\/waffasports.com\/#\/schema\/logo\/image\/\"},\"sameAs\":[\"https:\/\/www.instagram.com\/waffasports\/\",\"https:\/\/www.facebook.com\/waffasports\"]}]}<\/script>\n<!-- \/ Yoast SEO plugin. -->","yoast_head_json":{"title":"Waffa SL24 Latzug - Waffa Sports","robots":{"index":"index","follow":"follow","max-snippet":"max-snippet:-1","max-image-preview":"max-image-preview:large","max-video-preview":"max-video-preview:-1"},"canonical":"https:\/\/waffasports.com\/de\/produkt\/waffa-sl24-latzug\/","og_locale":"de_DE","og_type":"article","og_title":"Waffa SL24 Latzug - Waffa Sports","og_description":"Waffa Outdoor Ger\u00e4te sind Fitnessger\u00e4te mit einem leichten und fixierten Gewicht. Die Ger\u00e4te sind speziell f\u00fcr Senioren und Rehabilitations-Trainees konzipiert, die eine einfach zu bedienende und leichte Trainingserfahrung w\u00fcnschen. Die Trajektorien und Lastkurven der Ger\u00e4te sind f\u00fcr das beste Trainingserlebnis optimiert. Waffa SL24 Latzug ist ein einfach zu bedienendes und effektives Oberk\u00f6rper-Trainingsger\u00e4t:  Die leicht abfallende Brustst\u00fctze sorgt f\u00fcr eine optimierte Trajektorie  Separate Bedienarme erm\u00f6glichen einh\u00e4ndige Bewegung  Feuerverzinkter Rahmen","og_url":"https:\/\/waffasports.com\/de\/produkt\/waffa-sl24-latzug\/","og_site_name":"Waffa Sports","article_publisher":"https:\/\/www.facebook.com\/waffasports","article_modified_time":"2024-06-13T08:20:52+00:00","og_image":[{"width":1920,"height":1080,"url":"https:\/\/waffasports.com\/wp-content\/uploads\/2022\/01\/SL24-Ylaveto.jpg","type":"image\/jpeg"}],"twitter_card":"summary_large_image","twitter_misc":{"Gesch\u00e4tzte Lesezeit":"2\u00a0Minuten"},"schema":{"@context":"https:\/\/schema.org","@graph":[{"@type":"WebPage","@id":"https:\/\/waffasports.com\/de\/produkt\/waffa-sl24-latzug\/","url":"https:\/\/waffasports.com\/de\/produkt\/waffa-sl24-latzug\/","name":"Waffa SL24 Latzug - Waffa Sports","isPartOf":{"@id":"https:\/\/waffasports.com\/#website"},"datePublished":"2022-01-23T09:00:47+00:00","dateModified":"2024-06-13T08:20:52+00:00","breadcrumb":{"@id":"https:\/\/waffasports.com\/de\/produkt\/waffa-sl24-latzug\/#breadcrumb"},"inLanguage":"de","potentialAction":[{"@type":"ReadAction","target":["https:\/\/waffasports.com\/de\/produkt\/waffa-sl24-latzug\/"]}]},{"@type":"BreadcrumbList","@id":"https:\/\/waffasports.com\/de\/produkt\/waffa-sl24-latzug\/#breadcrumb","itemListElement":[{"@type":"ListItem","position":1,"name":"Home","item":"https:\/\/waffasports.com\/de\/"},{"@type":"ListItem","position":2,"name":"Produkte","item":"https:\/\/waffasports.com\/produkte\/"},{"@type":"ListItem","position":3,"name":"Waffa SL24 Latzug"}]},{"@type":"WebSite","@id":"https:\/\/waffasports.com\/#website","url":"https:\/\/waffasports.com\/","name":"Waffa Sports","description":"Outdoor gym","publisher":{"@id":"https:\/\/waffasports.com\/#organization"},"potentialAction":[{"@type":"SearchAction","target":{"@type":"EntryPoint","urlTemplate":"https:\/\/waffasports.com\/?s={search_term_string}"},"query-input":"required name=search_term_string"}],"inLanguage":"de"},{"@type":"Organization","@id":"https:\/\/waffasports.com\/#organization","name":"Waffa Sports","url":"https:\/\/waffasports.com\/","logo":{"@type":"ImageObject","inLanguage":"de","@id":"https:\/\/waffasports.com\/#\/schema\/logo\/image\/","url":"https:\/\/waffasports.com\/wp-content\/uploads\/2022\/01\/Waffa-sports.svg","contentUrl":"https:\/\/waffasports.com\/wp-content\/uploads\/2022\/01\/Waffa-sports.svg","caption":"Waffa Sports"},"image":{"@id":"https:\/\/waffasports.com\/#\/schema\/logo\/image\/"},"sameAs":["https:\/\/www.instagram.com\/waffasports\/","https:\/\/www.facebook.com\/waffasports"]}]}},"_links":{"self":[{"href":"https:\/\/waffasports.com\/de\/wp-json\/wp\/v2\/product\/6123","targetHints":{"allow":["GET"]}}],"collection":[{"href":"https:\/\/waffasports.com\/de\/wp-json\/wp\/v2\/product"}],"about":[{"href":"https:\/\/waffasports.com\/de\/wp-json\/wp\/v2\/types\/product"}],"replies":[{"embeddable":true,"href":"https:\/\/waffasports.com\/de\/wp-json\/wp\/v2\/comments?post=6123"}],"wp:featuredmedia":[{"embeddable":true,"href":"https:\/\/waffasports.com\/de\/wp-json\/wp\/v2\/media\/6346"}],"wp:attachment":[{"href":"https:\/\/waffasports.com\/de\/wp-json\/wp\/v2\/media?parent=6123"}],"wp:term":[{"taxonomy":"product_cat","embeddable":true,"href":"https:\/\/waffasports.com\/de\/wp-json\/wp\/v2\/product_cat?post=6123"},{"taxonomy":"product_tag","embeddable":true,"href":"https:\/\/waffasports.com\/de\/wp-json\/wp\/v2\/product_tag?post=6123"}],"curies":[{"name":"wp","href":"https:\/\/api.w.org\/{rel}","templated":true}]}}