{"id":6114,"date":"2022-10-06T17:13:12","date_gmt":"2022-10-06T17:13:12","guid":{"rendered":"https:\/\/waffasports.com\/product\/informationstafel\/"},"modified":"2024-06-13T08:17:40","modified_gmt":"2024-06-13T08:17:40","slug":"informationstafel","status":"publish","type":"product","link":"https:\/\/waffasports.com\/de\/produkt\/informationstafel\/","title":{"rendered":"Informationstafel"},"content":{"rendered":"","protected":false},"excerpt":{"rendered":"<ul>\n<li>Einfache, aber wirkungsvolle und n\u00fctzliche Informationstafel f\u00fcr jedes Outdoor-Fitnessstudio<\/li>\n<li>Anweisungen, Regeln und Trainingsinformationen k\u00f6nnen auf der Tafel leicht angezeigt werden<\/li>\n<li>Die Tafel ist 1000 x 1000 mm gro\u00df.<\/li>\n<li>H\u00f6he 1900 mm.<\/li>\n<li>Alle RAL-Farben sind erh\u00e4ltlich.<\/li>\n<li>Starker und feuerverzinkter Rahmen.<\/li>\n<\/ul>\n","protected":false},"featured_media":6887,"comment_status":"closed","ping_status":"closed","template":"","meta":[],"product_cat":[117],"product_tag":[],"class_list":{"0":"post-6114","1":"product","2":"type-product","3":"status-publish","4":"has-post-thumbnail","6":"product_cat-waffa-senior-line-de"},"yoast_head":"<!-- This site is optimized with the Yoast SEO plugin v20.0 - https:\/\/yoast.com\/wordpress\/plugins\/seo\/ -->\n<title>Informationstafel - Waffa Sports<\/title>\n<meta name=\"description\" content=\"Anweisungen, Regeln und Trainingsinformationen k\u00f6nnen auf der Tafel leicht angezeigt werden Einfache, aber wirkungsvolle und n\u00fctzliche Informationstafel f\u00fcr jedes Outdoor-Fitnessstudio.\" \/>\n<meta name=\"robots\" content=\"index, follow, max-snippet:-1, max-image-preview:large, max-video-preview:-1\" \/>\n<link rel=\"canonical\" href=\"https:\/\/waffasports.com\/de\/produkt\/informationstafel\/\" \/>\n<meta property=\"og:locale\" content=\"de_DE\" \/>\n<meta property=\"og:type\" content=\"article\" \/>\n<meta property=\"og:title\" content=\"Informationstafel - Waffa Sports\" \/>\n<meta property=\"og:description\" content=\"Anweisungen, Regeln und Trainingsinformationen k\u00f6nnen auf der Tafel leicht angezeigt werden Einfache, aber wirkungsvolle und n\u00fctzliche Informationstafel f\u00fcr jedes Outdoor-Fitnessstudio.\" \/>\n<meta property=\"og:url\" content=\"https:\/\/waffasports.com\/de\/produkt\/informationstafel\/\" \/>\n<meta property=\"og:site_name\" content=\"Waffa Sports\" \/>\n<meta property=\"article:publisher\" content=\"https:\/\/www.facebook.com\/waffasports\" \/>\n<meta property=\"article:modified_time\" content=\"2024-06-13T08:17:40+00:00\" \/>\n<meta property=\"og:image\" content=\"https:\/\/waffasports.com\/wp-content\/uploads\/2022\/10\/infotahvel.webp\" \/>\n\t<meta property=\"og:image:width\" content=\"1920\" \/>\n\t<meta property=\"og:image:height\" content=\"1080\" \/>\n\t<meta property=\"og:image:type\" content=\"image\/webp\" \/>\n<meta name=\"twitter:card\" content=\"summary_large_image\" \/>\n<script type=\"application\/ld+json\" class=\"yoast-schema-graph\">{\"@context\":\"https:\/\/schema.org\",\"@graph\":[{\"@type\":\"WebPage\",\"@id\":\"https:\/\/waffasports.com\/de\/produkt\/informationstafel\/\",\"url\":\"https:\/\/waffasports.com\/de\/produkt\/informationstafel\/\",\"name\":\"Informationstafel - Waffa Sports\",\"isPartOf\":{\"@id\":\"https:\/\/waffasports.com\/#website\"},\"datePublished\":\"2022-10-06T17:13:12+00:00\",\"dateModified\":\"2024-06-13T08:17:40+00:00\",\"description\":\"Anweisungen, Regeln und Trainingsinformationen k\u00f6nnen auf der Tafel leicht angezeigt werden Einfache, aber wirkungsvolle und n\u00fctzliche Informationstafel f\u00fcr jedes Outdoor-Fitnessstudio.\",\"breadcrumb\":{\"@id\":\"https:\/\/waffasports.com\/de\/produkt\/informationstafel\/#breadcrumb\"},\"inLanguage\":\"de\",\"potentialAction\":[{\"@type\":\"ReadAction\",\"target\":[\"https:\/\/waffasports.com\/de\/produkt\/informationstafel\/\"]}]},{\"@type\":\"BreadcrumbList\",\"@id\":\"https:\/\/waffasports.com\/de\/produkt\/informationstafel\/#breadcrumb\",\"itemListElement\":[{\"@type\":\"ListItem\",\"position\":1,\"name\":\"Home\",\"item\":\"https:\/\/waffasports.com\/de\/\"},{\"@type\":\"ListItem\",\"position\":2,\"name\":\"Produkte\",\"item\":\"https:\/\/waffasports.com\/produkte\/\"},{\"@type\":\"ListItem\",\"position\":3,\"name\":\"Informationstafel\"}]},{\"@type\":\"WebSite\",\"@id\":\"https:\/\/waffasports.com\/#website\",\"url\":\"https:\/\/waffasports.com\/\",\"name\":\"Waffa Sports\",\"description\":\"Outdoor gym\",\"publisher\":{\"@id\":\"https:\/\/waffasports.com\/#organization\"},\"potentialAction\":[{\"@type\":\"SearchAction\",\"target\":{\"@type\":\"EntryPoint\",\"urlTemplate\":\"https:\/\/waffasports.com\/?s={search_term_string}\"},\"query-input\":\"required name=search_term_string\"}],\"inLanguage\":\"de\"},{\"@type\":\"Organization\",\"@id\":\"https:\/\/waffasports.com\/#organization\",\"name\":\"Waffa Sports\",\"url\":\"https:\/\/waffasports.com\/\",\"logo\":{\"@type\":\"ImageObject\",\"inLanguage\":\"de\",\"@id\":\"https:\/\/waffasports.com\/#\/schema\/logo\/image\/\",\"url\":\"https:\/\/waffasports.com\/wp-content\/uploads\/2022\/01\/Waffa-sports.svg\",\"contentUrl\":\"https:\/\/waffasports.com\/wp-content\/uploads\/2022\/01\/Waffa-sports.svg\",\"caption\":\"Waffa Sports\"},\"image\":{\"@id\":\"https:\/\/waffasports.com\/#\/schema\/logo\/image\/\"},\"sameAs\":[\"https:\/\/www.instagram.com\/waffasports\/\",\"https:\/\/www.facebook.com\/waffasports\"]}]}<\/script>\n<!-- \/ Yoast SEO plugin. -->","yoast_head_json":{"title":"Informationstafel - Waffa Sports","description":"Anweisungen, Regeln und Trainingsinformationen k\u00f6nnen auf der Tafel leicht angezeigt werden Einfache, aber wirkungsvolle und n\u00fctzliche Informationstafel f\u00fcr jedes Outdoor-Fitnessstudio.","robots":{"index":"index","follow":"follow","max-snippet":"max-snippet:-1","max-image-preview":"max-image-preview:large","max-video-preview":"max-video-preview:-1"},"canonical":"https:\/\/waffasports.com\/de\/produkt\/informationstafel\/","og_locale":"de_DE","og_type":"article","og_title":"Informationstafel - Waffa Sports","og_description":"Anweisungen, Regeln und Trainingsinformationen k\u00f6nnen auf der Tafel leicht angezeigt werden Einfache, aber wirkungsvolle und n\u00fctzliche Informationstafel f\u00fcr jedes Outdoor-Fitnessstudio.","og_url":"https:\/\/waffasports.com\/de\/produkt\/informationstafel\/","og_site_name":"Waffa Sports","article_publisher":"https:\/\/www.facebook.com\/waffasports","article_modified_time":"2024-06-13T08:17:40+00:00","og_image":[{"width":1920,"height":1080,"url":"https:\/\/waffasports.com\/wp-content\/uploads\/2022\/10\/infotahvel.webp","type":"image\/webp"}],"twitter_card":"summary_large_image","schema":{"@context":"https:\/\/schema.org","@graph":[{"@type":"WebPage","@id":"https:\/\/waffasports.com\/de\/produkt\/informationstafel\/","url":"https:\/\/waffasports.com\/de\/produkt\/informationstafel\/","name":"Informationstafel - Waffa Sports","isPartOf":{"@id":"https:\/\/waffasports.com\/#website"},"datePublished":"2022-10-06T17:13:12+00:00","dateModified":"2024-06-13T08:17:40+00:00","description":"Anweisungen, Regeln und Trainingsinformationen k\u00f6nnen auf der Tafel leicht angezeigt werden Einfache, aber wirkungsvolle und n\u00fctzliche Informationstafel f\u00fcr jedes Outdoor-Fitnessstudio.","breadcrumb":{"@id":"https:\/\/waffasports.com\/de\/produkt\/informationstafel\/#breadcrumb"},"inLanguage":"de","potentialAction":[{"@type":"ReadAction","target":["https:\/\/waffasports.com\/de\/produkt\/informationstafel\/"]}]},{"@type":"BreadcrumbList","@id":"https:\/\/waffasports.com\/de\/produkt\/informationstafel\/#breadcrumb","itemListElement":[{"@type":"ListItem","position":1,"name":"Home","item":"https:\/\/waffasports.com\/de\/"},{"@type":"ListItem","position":2,"name":"Produkte","item":"https:\/\/waffasports.com\/produkte\/"},{"@type":"ListItem","position":3,"name":"Informationstafel"}]},{"@type":"WebSite","@id":"https:\/\/waffasports.com\/#website","url":"https:\/\/waffasports.com\/","name":"Waffa Sports","description":"Outdoor gym","publisher":{"@id":"https:\/\/waffasports.com\/#organization"},"potentialAction":[{"@type":"SearchAction","target":{"@type":"EntryPoint","urlTemplate":"https:\/\/waffasports.com\/?s={search_term_string}"},"query-input":"required name=search_term_string"}],"inLanguage":"de"},{"@type":"Organization","@id":"https:\/\/waffasports.com\/#organization","name":"Waffa Sports","url":"https:\/\/waffasports.com\/","logo":{"@type":"ImageObject","inLanguage":"de","@id":"https:\/\/waffasports.com\/#\/schema\/logo\/image\/","url":"https:\/\/waffasports.com\/wp-content\/uploads\/2022\/01\/Waffa-sports.svg","contentUrl":"https:\/\/waffasports.com\/wp-content\/uploads\/2022\/01\/Waffa-sports.svg","caption":"Waffa Sports"},"image":{"@id":"https:\/\/waffasports.com\/#\/schema\/logo\/image\/"},"sameAs":["https:\/\/www.instagram.com\/waffasports\/","https:\/\/www.facebook.com\/waffasports"]}]}},"_links":{"self":[{"href":"https:\/\/waffasports.com\/de\/wp-json\/wp\/v2\/product\/6114","targetHints":{"allow":["GET"]}}],"collection":[{"href":"https:\/\/waffasports.com\/de\/wp-json\/wp\/v2\/product"}],"about":[{"href":"https:\/\/waffasports.com\/de\/wp-json\/wp\/v2\/types\/product"}],"replies":[{"embeddable":true,"href":"https:\/\/waffasports.com\/de\/wp-json\/wp\/v2\/comments?post=6114"}],"wp:featuredmedia":[{"embeddable":true,"href":"https:\/\/waffasports.com\/de\/wp-json\/wp\/v2\/media\/6887"}],"wp:attachment":[{"href":"https:\/\/waffasports.com\/de\/wp-json\/wp\/v2\/media?parent=6114"}],"wp:term":[{"taxonomy":"product_cat","embeddable":true,"href":"https:\/\/waffasports.com\/de\/wp-json\/wp\/v2\/product_cat?post=6114"},{"taxonomy":"product_tag","embeddable":true,"href":"https:\/\/waffasports.com\/de\/wp-json\/wp\/v2\/product_tag?post=6114"}],"curies":[{"name":"wp","href":"https:\/\/api.w.org\/{rel}","templated":true}]}}