{"id":6192,"date":"2020-12-28T07:29:01","date_gmt":"2020-12-28T07:29:01","guid":{"rendered":"https:\/\/waffasports.com\/waffa\/"},"modified":"2026-03-05T16:16:51","modified_gmt":"2026-03-05T16:16:51","slug":"waffa","status":"publish","type":"page","link":"https:\/\/waffasports.com\/de\/waffa\/","title":{"rendered":"Waffa"},"content":{"rendered":"<section class=\"wpb-content-wrapper\"><p>[vc_row css=&#8220;.vc_custom_1758661078074{margin-top: -480px !important;}&#8220;][vc_column width=&#8220;1\/2&#8243;][vc_single_image image=&#8220;7597&#8243; img_size=&#8220;large&#8220; alignment=&#8220;center&#8220; onclick=&#8220;link_image&#8220;][\/vc_column][vc_column width=&#8220;1\/2&#8243;][vc_column_text]<\/p>\n<div class=\"title-h3\">Die Geschichte<\/div>\n<p>[\/vc_column_text][vc_column_text]<\/p>\n<p class=\"p1\">Der Markenname Waffa stammt von dem finnischen Wort <i>&#8222;vahva&#8220;,<\/i> was <i>stark<\/i> bedeutet. Die urspr\u00fcngliche Produktidee wurde in Finnland geboren, inspiriert von dem Konzept der St\u00e4rke und Haltbarkeit. Sp\u00e4ter wurde die Idee in Estland weiterentwickelt und zum Leben erweckt, wo jetzt Design, Produktion und Montage stattfinden. Diese einzigartige Entstehungsgeschichte verbindet finnische Inspiration mit estnischer Handwerkskunst und formt Waffa zu einer Marke, die f\u00fcr Widerstandsf\u00e4higkeit, Qualit\u00e4t und Leistung steht.   <\/p>\n<p>[\/vc_column_text][\/vc_column][\/vc_row][vc_row full_width=&#8220;stretch_row_content&#8220; equal_height=&#8220;yes&#8220; content_placement=&#8220;middle&#8220; css=&#8220;.vc_custom_1586773203335{margin-bottom: 0px !important;}&#8220;][vc_column width=&#8220;1\/2&#8243; disable_custom_paddings_tablet=&#8220;true&#8220; disable_custom_paddings_mobile=&#8220;true&#8220; css=&#8220;.vc_custom_1758661979218{margin-top: 0px !important;margin-bottom: 0px !important;padding-top: 0px !important;padding-right: 100px !important;padding-bottom: 0px !important;padding-left: 100px !important;}&#8220;]<div class=\"clearboth\"><\/div><style>#thegem-divider-69d450836bc57 {margin-top: 100px !important;}<\/style><div id=\"thegem-divider-69d450836bc57\" class=\"gem-divider  divider-hidden\" style=\"\" ><\/div>[vc_column_text]<\/p>\n<div class=\"title-h3\">Produktion<\/div>\n<p>[\/vc_column_text][vc_column_text]<\/p>\n<p class=\"p1\">Waffa Sports ist stolz darauf, alle seine Produkte in unserer modernen Einrichtung selbst zu entwerfen, zu entwickeln und zu produzieren. Jeder Schritt, von der ersten Idee bis zur Endmontage, findet unter einem Dach statt, um h\u00f6chste Qualit\u00e4t und Pr\u00e4zision zu gew\u00e4hrleisten. Unsere Produktionsst\u00e4tte spiegelt unser Engagement f\u00fcr Innovation, Leistung und Zuverl\u00e4ssigkeit wider. Da wir den gesamten Prozess vor Ort durchf\u00fchren, behalten wir die volle Kontrolle \u00fcber Materialien, Handwerkskunst und Nachhaltigkeit. Hier werden die Produkte von Waffa Sports zum Leben erweckt &#8211; gebaut, um zu funktionieren, und hergestellt, um zu halten.    <\/p>\n<p>[\/vc_column_text]<div class=\"clearboth\"><\/div><style>#thegem-divider-69d450836bcaf {margin-top: 80px !important;}<\/style><div id=\"thegem-divider-69d450836bcaf\" class=\"gem-divider  \" style=\"\" ><\/div>[\/vc_column][vc_column width=&#8220;1\/2&#8243; css=&#8220;.vc_custom_1769701363700{margin-top: 0px !important;margin-bottom: 0px !important;padding-top: 0px !important;padding-bottom: 0px !important;background-image: url(https:\/\/waffasports.com\/wp-content\/uploads\/2026\/01\/image-5-2-1.jpg?id=8234) !important;background-position: center !important;background-repeat: no-repeat !important;background-size: cover !important;}&#8220;]<div class=\"clearboth\"><\/div><style>#thegem-divider-69d450836bcdb {margin-top: 500px !important;}<\/style><div id=\"thegem-divider-69d450836bcdb\" class=\"gem-divider  \" style=\"\" ><\/div>[\/vc_column][\/vc_row][vc_row full_width=&#8220;stretch_row_content&#8220; equal_height=&#8220;yes&#8220; css=&#8220;.vc_custom_1548607481443{margin-bottom: 0px !important;}&#8220;][vc_column width=&#8220;1\/2&#8243; css=&#8220;.vc_custom_1758661812139{background-image: url(https:\/\/waffasports.com\/wp-content\/uploads\/2025\/08\/waffa-senior-kontula-1-1.jpg?id=7333) !important;background-position: center !important;background-repeat: no-repeat !important;background-size: cover !important;}&#8220;]<div class=\"clearboth\"><\/div><style>#thegem-divider-69d450836bd02 {margin-top: 500px !important;}<\/style><div id=\"thegem-divider-69d450836bd02\" class=\"gem-divider  \" style=\"\" ><\/div>[\/vc_column][vc_column width=&#8220;1\/2&#8243; disable_custom_paddings_tablet=&#8220;true&#8220; disable_custom_paddings_mobile=&#8220;true&#8220; css=&#8220;.vc_custom_1758661843323{margin-top: 0px !important;margin-bottom: 0px !important;padding-top: 0px !important;padding-right: 100px !important;padding-bottom: 0px !important;padding-left: 100px !important;}&#8220;]<div class=\"clearboth\"><\/div><style>#thegem-divider-69d450836bd2a {margin-top: 80px !important;}<\/style><div id=\"thegem-divider-69d450836bd2a\" class=\"gem-divider  divider-hidden\" style=\"\" ><\/div>[vc_column_text]<\/p>\n<div class=\"title-h3\">WAFFA SENIOR LINE<\/div>\n<p>[\/vc_column_text][vc_column_text]<\/p>\n<p class=\"p1\">Die Waffa Senior Line wurde speziell f\u00fcr \u00e4ltere Benutzer entwickelt, die Wert auf Gesundheit und Wohlbefinden legen. Die Ger\u00e4te sind einfach zu bedienen und wurden mit einer gesunden Biomechanik f\u00fcr optimale Ergebnisse entwickelt. Durch die Unterst\u00fctzung sicherer \u00dcbungen hilft die Senior-Linie, Kraft und Mobilit\u00e4t \u00e4lterer Menschen zu erhalten. Regelm\u00e4\u00dfige Anwendung tr\u00e4gt auch zu einem ges\u00fcnderen Lebensstil bei und kann helfen, die Gesundheitskosten zu senken, indem sie das Wohlbefinden f\u00f6rdert und dem Verfall vorbeugt. Mit Waffa Senior wird Bewegung zu einem nachhaltigen und angenehmen Teil des t\u00e4glichen Lebens.    <\/p>\n<p>[\/vc_column_text]<style type=\"text\/css\">.thegem-button-69d450836bdec8706.lazy-loading-before-start-animation .lazy-loading-item {opacity: 0;} body.thegem-effects-disabled .thegem-button-69d450836bdec8706.lazy-loading-before-start-animation .lazy-loading-item {opacity: 1;}<\/style><div class=\"gem-button-container gem-button-position-inline thegem-button-69d450836bdec8706     lazy-loading lazy-loading-before-start-animation\"  ><a class=\"gem-button gem-button-size-medium gem-button-style-outline gem-button-text-weight-normal gem-button-border-2 lazy-loading-item\" data-ll-effect=\"drop-right-without-wrap\" style=\"border-radius: 50px;border-color: #0072bc;color: #0072bc;\" onmouseleave=\"this.style.borderColor='#0072bc';this.style.backgroundColor='transparent';this.style.color='#0072bc';\" onmouseenter=\"this.style.borderColor='#0072bc';this.style.backgroundColor='#0072bc';this.style.color='#ffffff';\" href=\"https:\/\/waffasports.com\/waffa\/waffa-senior-line\/\" target=\"_self\">Products<\/a><\/div> <div class=\"clearboth\"><\/div><style>#thegem-divider-69d450836be2f {margin-top: 80px !important;}<\/style><div id=\"thegem-divider-69d450836be2f\" class=\"gem-divider  \" style=\"\" ><\/div>[\/vc_column][\/vc_row][vc_row full_width=&#8220;stretch_row_content&#8220; equal_height=&#8220;yes&#8220; content_placement=&#8220;middle&#8220; css=&#8220;.vc_custom_1586773203335{margin-bottom: 0px !important;}&#8220;][vc_column width=&#8220;1\/2&#8243; disable_custom_paddings_tablet=&#8220;true&#8220; disable_custom_paddings_mobile=&#8220;true&#8220; css=&#8220;.vc_custom_1758661979218{margin-top: 0px !important;margin-bottom: 0px !important;padding-top: 0px !important;padding-right: 100px !important;padding-bottom: 0px !important;padding-left: 100px !important;}&#8220;]<div class=\"clearboth\"><\/div><style>#thegem-divider-69d450836be5f {margin-top: 100px !important;}<\/style><div id=\"thegem-divider-69d450836be5f\" class=\"gem-divider  divider-hidden\" style=\"\" ><\/div>[vc_column_text]<\/p>\n<div class=\"title-h3\">WAFFA JUNIOR LINE<\/div>\n<p>[\/vc_column_text][vc_column_text]<\/p>\n<p class=\"p1\">Die Waffa Junior Line ist speziell f\u00fcr Kinder unter 140 cm K\u00f6rpergr\u00f6\u00dfe oder bis zu 14 Jahren konzipiert. Jedes Produkt wird sorgf\u00e4ltig nach den gleichen Qualit\u00e4tsstandards wie unsere Senior-Linie hergestellt, ist aber auf die Bed\u00fcrfnisse von Kindern im Wachstum zugeschnitten. Komfort, Sicherheit und Langlebigkeit stehen im Mittelpunkt der Junior-Linie, damit Kinder mit der richtigen Passform und Unterst\u00fctzung Sport treiben k\u00f6nnen. Mit Waffa Junior m\u00f6chten wir die j\u00fcngere Generation dazu inspirieren, von klein auf zu spielen, zu trainieren und ihre Leidenschaft f\u00fcr den Sport zu entwickeln und dabei auch ihre sozialen F\u00e4higkeiten zu f\u00f6rdern.   <\/p>\n<p>[\/vc_column_text]<div class=\"clearboth\"><\/div><style>#thegem-divider-69d450836be85 {margin-top: 50px !important;}<\/style><div id=\"thegem-divider-69d450836be85\" class=\"gem-divider  \" style=\"\" ><\/div><style type=\"text\/css\">.thegem-button-69d450836bedf1993.lazy-loading-before-start-animation .lazy-loading-item {opacity: 0;} body.thegem-effects-disabled .thegem-button-69d450836bedf1993.lazy-loading-before-start-animation .lazy-loading-item {opacity: 1;}<\/style><div class=\"gem-button-container gem-button-position-inline thegem-button-69d450836bedf1993     lazy-loading lazy-loading-before-start-animation\"  ><a class=\"gem-button gem-button-size-medium gem-button-style-outline gem-button-text-weight-normal gem-button-border-2 lazy-loading-item\" data-ll-effect=\"drop-right-without-wrap\" style=\"border-radius: 50px;border-color: #0072bc;color: #0072bc;\" onmouseleave=\"this.style.borderColor='#0072bc';this.style.backgroundColor='transparent';this.style.color='#0072bc';\" onmouseenter=\"this.style.borderColor='#0072bc';this.style.backgroundColor='#0072bc';this.style.color='#ffffff';\" href=\"https:\/\/waffasports.com\/waffa\/waffa-junior-line\/\" target=\"_self\">Products<\/a><\/div> <div class=\"clearboth\"><\/div><style>#thegem-divider-69d450836bf11 {margin-top: 80px !important;}<\/style><div id=\"thegem-divider-69d450836bf11\" class=\"gem-divider  \" style=\"\" ><\/div>[\/vc_column][vc_column width=&#8220;1\/2&#8243; css=&#8220;.vc_custom_1758661381819{margin-top: 0px !important;margin-bottom: 0px !important;padding-top: 0px !important;padding-bottom: 0px !important;background-image: url(https:\/\/waffasports.com\/wp-content\/uploads\/2025\/08\/kontula-ulkonkuntasali-junior-line-1-1.jpg?id=7338) !important;background-position: center !important;background-repeat: no-repeat !important;background-size: cover !important;}&#8220;]<div class=\"clearboth\"><\/div><style>#thegem-divider-69d450836bf3c {margin-top: 500px !important;}<\/style><div id=\"thegem-divider-69d450836bf3c\" class=\"gem-divider  \" style=\"\" ><\/div>[\/vc_column][\/vc_row][vc_row full_width=&#8220;stretch_row&#8220; css=&#8220;.vc_custom_1586773060548{margin-bottom: 0px !important;background-color: #ffffff !important;background-position: center !important;background-repeat: no-repeat !important;background-size: cover !important;}&#8220;][vc_column]<div class=\"clearboth\"><\/div><style>#thegem-divider-69d450836bf61 {margin-top: 80px !important;}<\/style><div id=\"thegem-divider-69d450836bf61\" class=\"gem-divider  \" style=\"\" ><\/div>[vc_column_text]<\/p>\n<div class=\"title-h4\" style=\"text-align: center;\"><span style=\"color: #5f727f; letter-spacing: 2px;\">Schlie\u00dfen Sie sich unserem sportlichen Team an.  <\/span><\/div>\n<p>[\/vc_column_text]<div class=\"clearboth\"><\/div><style>#thegem-divider-69d450836bf84 {margin-top: 35px !important;}<\/style><div id=\"thegem-divider-69d450836bf84\" class=\"gem-divider  \" style=\"\" ><\/div>[vc_column_text]<\/p>\n<div style=\"text-align: center;\">\n<div class=\"title-h4\" style=\"display: inline-block; vertical-align: middle; margin: 0; color: #5f727f; font-size: 50px; line-height: 110px; padding-right: 17px;\"><span style=\"color: #5f727f;\">Verkaufe<\/span><\/div>\n<div style=\"display: inline-block; vertical-align: middle; border: 7px solid #0072BC; padding: 5px 5px;\">\n<div class=\"title-h4\" style=\"display: inline-block; margin: 0; vertical-align: middle; font-size: 65px; line-height: 65px;\"><span style=\"color: #0072bc;\">VERTREIBER<\/span><\/div>\n<\/div>\n<\/div>\n<p>[\/vc_column_text]<div class=\"clearboth\"><\/div><style>#thegem-divider-69d450836bfa8 {margin-top: 50px !important;}<\/style><div id=\"thegem-divider-69d450836bfa8\" class=\"gem-divider  \" style=\"\" ><\/div><div class=\"gem-button-container gem-button-position-center thegem-button-69d450836bffc5233    \"  ><a title=\"Become a Reseller\" class=\"gem-button gem-button-size-medium gem-button-style-outline gem-button-text-weight-normal gem-button-border-2\" data-ll-effect=\"drop-right-without-wrap\" style=\"border-radius: 50px;border-color: #0072bc;color: #0072bc;\" onmouseleave=\"this.style.borderColor='#0072bc';this.style.backgroundColor='transparent';this.style.color='#0072bc';\" onmouseenter=\"this.style.backgroundColor='#0072bc';this.style.color='#ffffff';\" href=\"https:\/\/waffasports.com\/become-a-reseller\/\" target=\"_blank\">Contact Us<\/a><\/div> <div class=\"clearboth\"><\/div><style>#thegem-divider-69d450836c02d {margin-top: 100px !important;}<\/style><div id=\"thegem-divider-69d450836c02d\" class=\"gem-divider  \" style=\"\" ><\/div>[\/vc_column][\/vc_row]<\/p>\n<\/section>","protected":false},"excerpt":{"rendered":"<p>[vc_row css=&#8220;.vc_custom_1758661078074{margin-top: -480px !important;}&#8220;][vc_column width=&#8220;1\/2&#8243;][vc_single_image image=&#8220;7597&#8243; img_size=&#8220;large&#8220; alignment=&#8220;center&#8220; onclick=&#8220;link_image&#8220;][\/vc_column][vc_column width=&#8220;1\/2&#8243;][vc_column_text] Die Geschichte [\/vc_column_text][vc_column_text] Der Markenname Waffa stammt von dem finnischen&#8230;<\/p>\n","protected":false},"author":1,"featured_media":0,"parent":0,"menu_order":1,"comment_status":"closed","ping_status":"closed","template":"","meta":{"footnotes":""},"class_list":["post-6192","page","type-page","status-publish"],"yoast_head":"<!-- This site is optimized with the Yoast SEO plugin v20.0 - https:\/\/yoast.com\/wordpress\/plugins\/seo\/ -->\n<title>Waffa - Waffa Sports<\/title>\n<meta name=\"robots\" content=\"index, follow, max-snippet:-1, max-image-preview:large, max-video-preview:-1\" \/>\n<link rel=\"canonical\" href=\"https:\/\/waffasports.com\/de\/waffa\/\" \/>\n<meta property=\"og:locale\" content=\"de_DE\" \/>\n<meta property=\"og:type\" content=\"article\" \/>\n<meta property=\"og:title\" content=\"Waffa - Waffa Sports\" \/>\n<meta property=\"og:description\" content=\"[vc_row css=&#8220;.vc_custom_1758661078074{margin-top: -480px !important;}&#8220;][vc_column width=&#8220;1\/2&#8243;][vc_single_image image=&#8220;7597&#8243; img_size=&#8220;large&#8220; alignment=&#8220;center&#8220; onclick=&#8220;link_image&#8220;][\/vc_column][vc_column width=&#8220;1\/2&#8243;][vc_column_text] Die Geschichte [\/vc_column_text][vc_column_text] Der Markenname Waffa stammt von dem finnischen...\" \/>\n<meta property=\"og:url\" content=\"https:\/\/waffasports.com\/de\/waffa\/\" \/>\n<meta property=\"og:site_name\" content=\"Waffa Sports\" \/>\n<meta property=\"article:publisher\" content=\"https:\/\/www.facebook.com\/waffasports\" \/>\n<meta property=\"article:modified_time\" content=\"2026-03-05T16:16:51+00:00\" \/>\n<meta name=\"twitter:card\" content=\"summary_large_image\" \/>\n<meta name=\"twitter:label1\" content=\"Gesch\u00e4tzte Lesezeit\" \/>\n\t<meta name=\"twitter:data1\" content=\"5\u00a0Minuten\" \/>\n<script type=\"application\/ld+json\" class=\"yoast-schema-graph\">{\"@context\":\"https:\/\/schema.org\",\"@graph\":[{\"@type\":\"WebPage\",\"@id\":\"https:\/\/waffasports.com\/de\/waffa\/\",\"url\":\"https:\/\/waffasports.com\/de\/waffa\/\",\"name\":\"Waffa - Waffa Sports\",\"isPartOf\":{\"@id\":\"https:\/\/waffasports.com\/#website\"},\"datePublished\":\"2020-12-28T07:29:01+00:00\",\"dateModified\":\"2026-03-05T16:16:51+00:00\",\"breadcrumb\":{\"@id\":\"https:\/\/waffasports.com\/de\/waffa\/#breadcrumb\"},\"inLanguage\":\"de\",\"potentialAction\":[{\"@type\":\"ReadAction\",\"target\":[\"https:\/\/waffasports.com\/de\/waffa\/\"]}]},{\"@type\":\"BreadcrumbList\",\"@id\":\"https:\/\/waffasports.com\/de\/waffa\/#breadcrumb\",\"itemListElement\":[{\"@type\":\"ListItem\",\"position\":1,\"name\":\"Home\",\"item\":\"https:\/\/waffasports.com\/de\/\"},{\"@type\":\"ListItem\",\"position\":2,\"name\":\"Waffa\"}]},{\"@type\":\"WebSite\",\"@id\":\"https:\/\/waffasports.com\/#website\",\"url\":\"https:\/\/waffasports.com\/\",\"name\":\"Waffa Sports\",\"description\":\"Outdoor gym\",\"publisher\":{\"@id\":\"https:\/\/waffasports.com\/#organization\"},\"potentialAction\":[{\"@type\":\"SearchAction\",\"target\":{\"@type\":\"EntryPoint\",\"urlTemplate\":\"https:\/\/waffasports.com\/?s={search_term_string}\"},\"query-input\":\"required name=search_term_string\"}],\"inLanguage\":\"de\"},{\"@type\":\"Organization\",\"@id\":\"https:\/\/waffasports.com\/#organization\",\"name\":\"Waffa Sports\",\"url\":\"https:\/\/waffasports.com\/\",\"logo\":{\"@type\":\"ImageObject\",\"inLanguage\":\"de\",\"@id\":\"https:\/\/waffasports.com\/#\/schema\/logo\/image\/\",\"url\":\"https:\/\/waffasports.com\/wp-content\/uploads\/2022\/01\/Waffa-sports.svg\",\"contentUrl\":\"https:\/\/waffasports.com\/wp-content\/uploads\/2022\/01\/Waffa-sports.svg\",\"caption\":\"Waffa Sports\"},\"image\":{\"@id\":\"https:\/\/waffasports.com\/#\/schema\/logo\/image\/\"},\"sameAs\":[\"https:\/\/www.instagram.com\/waffasports\/\",\"https:\/\/www.facebook.com\/waffasports\"]}]}<\/script>\n<!-- \/ Yoast SEO plugin. -->","yoast_head_json":{"title":"Waffa - Waffa Sports","robots":{"index":"index","follow":"follow","max-snippet":"max-snippet:-1","max-image-preview":"max-image-preview:large","max-video-preview":"max-video-preview:-1"},"canonical":"https:\/\/waffasports.com\/de\/waffa\/","og_locale":"de_DE","og_type":"article","og_title":"Waffa - Waffa Sports","og_description":"[vc_row css=&#8220;.vc_custom_1758661078074{margin-top: -480px !important;}&#8220;][vc_column width=&#8220;1\/2&#8243;][vc_single_image image=&#8220;7597&#8243; img_size=&#8220;large&#8220; alignment=&#8220;center&#8220; onclick=&#8220;link_image&#8220;][\/vc_column][vc_column width=&#8220;1\/2&#8243;][vc_column_text] Die Geschichte [\/vc_column_text][vc_column_text] Der Markenname Waffa stammt von dem finnischen...","og_url":"https:\/\/waffasports.com\/de\/waffa\/","og_site_name":"Waffa Sports","article_publisher":"https:\/\/www.facebook.com\/waffasports","article_modified_time":"2026-03-05T16:16:51+00:00","twitter_card":"summary_large_image","twitter_misc":{"Gesch\u00e4tzte Lesezeit":"5\u00a0Minuten"},"schema":{"@context":"https:\/\/schema.org","@graph":[{"@type":"WebPage","@id":"https:\/\/waffasports.com\/de\/waffa\/","url":"https:\/\/waffasports.com\/de\/waffa\/","name":"Waffa - Waffa Sports","isPartOf":{"@id":"https:\/\/waffasports.com\/#website"},"datePublished":"2020-12-28T07:29:01+00:00","dateModified":"2026-03-05T16:16:51+00:00","breadcrumb":{"@id":"https:\/\/waffasports.com\/de\/waffa\/#breadcrumb"},"inLanguage":"de","potentialAction":[{"@type":"ReadAction","target":["https:\/\/waffasports.com\/de\/waffa\/"]}]},{"@type":"BreadcrumbList","@id":"https:\/\/waffasports.com\/de\/waffa\/#breadcrumb","itemListElement":[{"@type":"ListItem","position":1,"name":"Home","item":"https:\/\/waffasports.com\/de\/"},{"@type":"ListItem","position":2,"name":"Waffa"}]},{"@type":"WebSite","@id":"https:\/\/waffasports.com\/#website","url":"https:\/\/waffasports.com\/","name":"Waffa Sports","description":"Outdoor gym","publisher":{"@id":"https:\/\/waffasports.com\/#organization"},"potentialAction":[{"@type":"SearchAction","target":{"@type":"EntryPoint","urlTemplate":"https:\/\/waffasports.com\/?s={search_term_string}"},"query-input":"required name=search_term_string"}],"inLanguage":"de"},{"@type":"Organization","@id":"https:\/\/waffasports.com\/#organization","name":"Waffa Sports","url":"https:\/\/waffasports.com\/","logo":{"@type":"ImageObject","inLanguage":"de","@id":"https:\/\/waffasports.com\/#\/schema\/logo\/image\/","url":"https:\/\/waffasports.com\/wp-content\/uploads\/2022\/01\/Waffa-sports.svg","contentUrl":"https:\/\/waffasports.com\/wp-content\/uploads\/2022\/01\/Waffa-sports.svg","caption":"Waffa Sports"},"image":{"@id":"https:\/\/waffasports.com\/#\/schema\/logo\/image\/"},"sameAs":["https:\/\/www.instagram.com\/waffasports\/","https:\/\/www.facebook.com\/waffasports"]}]}},"_links":{"self":[{"href":"https:\/\/waffasports.com\/de\/wp-json\/wp\/v2\/pages\/6192","targetHints":{"allow":["GET"]}}],"collection":[{"href":"https:\/\/waffasports.com\/de\/wp-json\/wp\/v2\/pages"}],"about":[{"href":"https:\/\/waffasports.com\/de\/wp-json\/wp\/v2\/types\/page"}],"author":[{"embeddable":true,"href":"https:\/\/waffasports.com\/de\/wp-json\/wp\/v2\/users\/1"}],"replies":[{"embeddable":true,"href":"https:\/\/waffasports.com\/de\/wp-json\/wp\/v2\/comments?post=6192"}],"version-history":[{"count":5,"href":"https:\/\/waffasports.com\/de\/wp-json\/wp\/v2\/pages\/6192\/revisions"}],"predecessor-version":[{"id":8862,"href":"https:\/\/waffasports.com\/de\/wp-json\/wp\/v2\/pages\/6192\/revisions\/8862"}],"wp:attachment":[{"href":"https:\/\/waffasports.com\/de\/wp-json\/wp\/v2\/media?parent=6192"}],"curies":[{"name":"wp","href":"https:\/\/api.w.org\/{rel}","templated":true}]}}